{"id":18184,"date":"2026-02-25T16:26:53","date_gmt":"2026-02-25T16:26:53","guid":{"rendered":"https:\/\/damejprint.com\/?post_type=product&#038;p=18184"},"modified":"2026-02-25T16:36:20","modified_gmt":"2026-02-25T16:36:20","slug":"porte-cles-en-metal-personnalise-sublimation","status":"publish","type":"product","link":"https:\/\/damejprint.com\/?product=porte-cles-en-metal-personnalise-sublimation","title":{"rendered":"porte-cl\u00e9s en m\u00e9tal personnalis\u00e9 Sublimation"},"content":{"rendered":"<div class=\"wp-block-columns is-layout-flex wp-container-core-columns-is-layout-28f84493 wp-block-columns-is-layout-flex\">\n<div class=\"wp-block-column is-layout-flow wp-block-column-is-layout-flow\">\n<p>porte-cl\u00e9s en m\u00e9tal personnalis\u00e9 Sublimation<\/p>\n<\/div>\n<\/div>\n<div class=\"has-font-size has-large-font-size wp-block-woocommerce-product-price has-large-font-size\" data-block-name=\"woocommerce\/product-price\" data-font-size=\"large\" data-is-descendent-of-single-product-template=\"true\" data-style=\"{&quot;spacing&quot;:{&quot;padding&quot;:{&quot;top&quot;:&quot;var:preset|spacing|10&quot;,&quot;bottom&quot;:&quot;var:preset|spacing|10&quot;,&quot;left&quot;:&quot;0&quot;,&quot;right&quot;:&quot;0&quot;}}}\"><\/div>\n","protected":false},"excerpt":{"rendered":"<div class=\"wp-block-columns is-layout-flex wp-container-core-columns-is-layout-28f84493 wp-block-columns-is-layout-flex\">\n<div class=\"wp-block-column is-layout-flow wp-block-column-is-layout-flow\">\n<p>porte-cl\u00e9s en m\u00e9tal personnalis\u00e9 Sublimation<\/p>\n<\/div>\n<\/div>\n<div class=\"has-font-size has-large-font-size wp-block-woocommerce-product-price has-large-font-size\" data-block-name=\"woocommerce\/product-price\" data-font-size=\"large\" data-is-descendent-of-single-product-template=\"true\" data-style=\"{&quot;spacing&quot;:{&quot;padding&quot;:{&quot;top&quot;:&quot;var:preset|spacing|10&quot;,&quot;bottom&quot;:&quot;var:preset|spacing|10&quot;,&quot;left&quot;:&quot;0&quot;,&quot;right&quot;:&quot;0&quot;}}}\"><\/div>\n","protected":false},"featured_media":18185,"template":"","meta":[],"product_brand":[],"product_cat":[15,360],"product_tag":[340,322,326,319,323,324,321,337,327,334,318,339,342,341,331,338,330,335,328,320,325,336,329],"class_list":{"0":"post-18184","1":"product","2":"type-product","3":"status-publish","4":"has-post-thumbnail","6":"product_cat-uncategorized","7":"product_cat-consommable","8":"product_tag-bach","9":"product_tag-canon","10":"product_tag-decoup","11":"product_tag-dtf","12":"product_tag-dx7","13":"product_tag-ecosolvant","14":"product_tag-epson","15":"product_tag-flex","16":"product_tag-hp","17":"product_tag-konica-minolta","18":"product_tag-machine","19":"product_tag-massicot","20":"product_tag-mugs-de-sublumation-x2-gratuit","21":"product_tag-perforation","22":"product_tag-plastification","23":"product_tag-presse-a-chaude","24":"product_tag-sublimation-pack","25":"product_tag-teneth","26":"product_tag-traceur","27":"product_tag-uv","28":"product_tag-uv-dtf","29":"product_tag-vinyle","30":"product_tag-xp600","32":"first","33":"instock","34":"sale","35":"shipping-taxable","36":"purchasable","37":"product-type-simple"},"_links":{"self":[{"href":"https:\/\/damejprint.com\/index.php?rest_route=\/wp\/v2\/product\/18184","targetHints":{"allow":["GET"]}}],"collection":[{"href":"https:\/\/damejprint.com\/index.php?rest_route=\/wp\/v2\/product"}],"about":[{"href":"https:\/\/damejprint.com\/index.php?rest_route=\/wp\/v2\/types\/product"}],"wp:featuredmedia":[{"embeddable":true,"href":"https:\/\/damejprint.com\/index.php?rest_route=\/wp\/v2\/media\/18185"}],"wp:attachment":[{"href":"https:\/\/damejprint.com\/index.php?rest_route=%2Fwp%2Fv2%2Fmedia&parent=18184"}],"wp:term":[{"taxonomy":"product_brand","embeddable":true,"href":"https:\/\/damejprint.com\/index.php?rest_route=%2Fwp%2Fv2%2Fproduct_brand&post=18184"},{"taxonomy":"product_cat","embeddable":true,"href":"https:\/\/damejprint.com\/index.php?rest_route=%2Fwp%2Fv2%2Fproduct_cat&post=18184"},{"taxonomy":"product_tag","embeddable":true,"href":"https:\/\/damejprint.com\/index.php?rest_route=%2Fwp%2Fv2%2Fproduct_tag&post=18184"}],"curies":[{"name":"wp","href":"https:\/\/api.w.org\/{rel}","templated":true}]}}