{"id":17681,"date":"2025-08-26T16:11:12","date_gmt":"2025-08-26T16:11:12","guid":{"rendered":"https:\/\/damejprint.com\/?post_type=product&#038;p=17681"},"modified":"2025-08-26T16:14:35","modified_gmt":"2025-08-26T16:14:35","slug":"brosse-vetement-anti-poils","status":"publish","type":"product","link":"https:\/\/damejprint.com\/?product=brosse-vetement-anti-poils","title":{"rendered":"Brosse Vetement Anti Poils"},"content":{"rendered":"<div dir=\"auto\">\n<div class=\"id-grid id-max-h-[68px] id-overflow-hidden id-grid-cols-[2fr_3fr] id-border-b-[0.5px] id-border-[#ddd]\">\n<div class=\"id-text-sm id-p-4 id-bg-[#f8f8f8] id-flex id-items-center\" title=\"Marque nom\">\n<ul>\n<li>\n<div class=\"id-grid id-max-h-[68px] id-overflow-hidden id-grid-cols-[2fr_3fr] id-border-b-[0.5px] id-border-[#ddd]\">\n<div class=\"id-text-sm id-p-4 id-bg-[#f8f8f8] id-flex id-items-center\" title=\"Vid\u00e9o sortant d'inspection\" data-spm-anchor-id=\"a2700.details.0.i106.43cde2dafPQNLx\">\n<div class=\"id-line-clamp-2 id-leading-[18px]\">\n<div id=\"availability_feature_div\" class=\"celwidget\" data-feature-name=\"availability\" data-csa-c-type=\"widget\" data-csa-c-content-id=\"availability\" data-csa-c-slot-id=\"availability_feature_div\" data-csa-c-asin=\"B09VZZNHNH\" data-csa-c-is-in-initial-active-row=\"false\" data-csa-c-id=\"iz21ac-gcxkvx-ebsmn0-9s58ie\" data-cel-widget=\"availability_feature_div\">\n<div id=\"availability\" class=\"a-section a-spacing-base a-spacing-top-micro }\"><span class=\"a-declarative\" data-action=\"show-all-offers-display\" data-show-all-offers-display=\"{}\"><span class=\"a-size-medium a-color-success\">Actuellement indisponible.<\/span><\/span><br \/>\nNous ne savons pas quand cet article sera de nouveau approvisionn\u00e9 ni s&rsquo;il le sera.<\/div>\n<div class=\"a-section a-spacing-none\"><\/div>\n<div class=\"a-section a-spacing-mini\">\n<div id=\"availability_feature_div\" class=\"celwidget\" data-feature-name=\"availability\" data-csa-c-type=\"widget\" data-csa-c-content-id=\"availability\" data-csa-c-slot-id=\"availability_feature_div\" data-csa-c-asin=\"B09VZZNHNH\" data-csa-c-is-in-initial-active-row=\"false\" data-csa-c-id=\"iz21ac-gcxkvx-ebsmn0-9s58ie\" data-cel-widget=\"availability_feature_div\">\n<div id=\"availability\" class=\"a-section a-spacing-base a-spacing-top-micro }\"><span class=\"a-declarative\" data-action=\"show-all-offers-display\" data-show-all-offers-display=\"{}\"><span class=\"a-size-medium a-color-success\">Actuellement indisponible.<\/span><\/span><br \/>\nNous ne savons pas quand cet article sera de nouveau approvisionn\u00e9 ni s&rsquo;il le sera.<\/div>\n<\/div>\n<div id=\"gestaltPredefinedCustomizations_feature_div\" class=\"celwidget\" data-feature-name=\"gestaltPredefinedCustomizations\" data-csa-c-type=\"widget\" data-csa-c-content-id=\"gestaltPredefinedCustomizations\" data-csa-c-slot-id=\"gestaltPredefinedCustomizations_feature_div\" data-csa-c-asin=\"B09VZZNHNH\" data-csa-c-is-in-initial-active-row=\"false\" data-csa-c-id=\"imutez-epq28q-laavt8-5cnhw\" data-cel-widget=\"gestaltPredefinedCustomizations_feature_div\"><\/div>\n<div id=\"productOverview_feature_div\" class=\"celwidget\" data-feature-name=\"productOverview\" data-csa-c-type=\"widget\" data-csa-c-content-id=\"productOverview\" data-csa-c-slot-id=\"productOverview_feature_div\" data-csa-c-asin=\"B09VZZNHNH\" data-csa-c-is-in-initial-active-row=\"false\" data-csa-c-id=\"94q4ez-dh7bc1-azbr80-dwv9ze\" data-cel-widget=\"productOverview_feature_div\">\n<div class=\"a-section a-spacing-small a-spacing-top-small\">\n<table class=\"a-normal a-spacing-micro\" role=\"list\">\n<tbody>\n<tr class=\"a-spacing-small po-brand\" role=\"listitem\">\n<td class=\"a-span3\" role=\"presentation\"><span class=\"a-size-base a-text-bold\">Marque<\/span><\/td>\n<td class=\"a-span9\" role=\"presentation\"><span class=\"a-size-base po-break-word\">Puki Diary<\/span><\/td>\n<\/tr>\n<tr class=\"a-spacing-small po-material\" role=\"listitem\">\n<td class=\"a-span3\" role=\"presentation\"><span class=\"a-size-base a-text-bold\">Mat\u00e9riau<\/span><\/td>\n<td class=\"a-span9\" role=\"presentation\"><span class=\"a-size-base po-break-word\">Plastique<\/span><\/td>\n<\/tr>\n<tr class=\"a-spacing-small po-color\" role=\"listitem\">\n<td class=\"a-span3\" role=\"presentation\"><span class=\"a-size-base a-text-bold\">Couleur<\/span><\/td>\n<td class=\"a-span9\" role=\"presentation\"><span class=\"a-size-base po-break-word\">Blanc, Gris<\/span><\/td>\n<\/tr>\n<tr class=\"a-spacing-small po-handle.material\" role=\"listitem\">\n<td class=\"a-span3\" role=\"presentation\"><span class=\"a-size-base a-text-bold\">Mat\u00e9riau de la poign\u00e9e<\/span><\/td>\n<td class=\"a-span9\" role=\"presentation\"><span class=\"a-size-base po-break-word\">Plastique<\/span><\/td>\n<\/tr>\n<tr class=\"a-spacing-small po-operation_mode\" role=\"listitem\">\n<td class=\"a-span3\" role=\"presentation\"><span class=\"a-size-base a-text-bold\">Mode de fonctionnement<\/span><\/td>\n<td class=\"a-span9\" role=\"presentation\"><span class=\"a-size-base po-break-word\">Manuel<\/span><\/td>\n<\/tr>\n<tr class=\"a-spacing-small po-manufacturer\" role=\"listitem\">\n<td class=\"a-span3\" role=\"presentation\"><span class=\"a-size-base a-text-bold\">Fabricant<\/span><\/td>\n<td class=\"a-span9\" role=\"presentation\"><span class=\"a-size-base po-break-word\">Puki Diary<\/span><\/td>\n<\/tr>\n<\/tbody>\n<\/table>\n<\/div>\n<\/div>\n<\/div>\n<\/div>\n<div id=\"globalStoreBadgePopover_feature_div\" class=\"celwidget\" data-feature-name=\"globalStoreBadgePopover\" data-csa-c-type=\"widget\" data-csa-c-content-id=\"globalStoreBadgePopover\" data-csa-c-slot-id=\"globalStoreBadgePopover_feature_div\" data-csa-c-asin=\"B09VZZNHNH\" data-csa-c-is-in-initial-active-row=\"false\" data-csa-c-id=\"9zhx0o-r5e56s-m2ntaz-yo35ng\" data-cel-widget=\"globalStoreBadgePopover_feature_div\"><\/div>\n<div id=\"dynamicDeliveryMessage_feature_div\" class=\"celwidget\" data-feature-name=\"dynamicDeliveryMessage\" data-csa-c-type=\"widget\" data-csa-c-content-id=\"dynamicDeliveryMessage\" data-csa-c-slot-id=\"dynamicDeliveryMessage_feature_div\" data-csa-c-asin=\"B09VZZNHNH\" data-csa-c-is-in-initial-active-row=\"false\" data-csa-c-id=\"fvp4h7-39j2ar-2hgewk-d34wgo\" data-cel-widget=\"dynamicDeliveryMessage_feature_div\">\n<div id=\"dynamicDeliveryMessage\" class=\"a-section a-spacing-mini\"><\/div>\n<\/div>\n<div id=\"faddMessage_feature_div\" class=\"celwidget\" data-feature-name=\"faddMessage\" data-csa-c-type=\"widget\" data-csa-c-content-id=\"faddMessage\" data-csa-c-slot-id=\"faddMessage_feature_div\" data-csa-c-asin=\"B09VZZNHNH\" data-csa-c-is-in-initial-active-row=\"false\" data-csa-c-id=\"dt084s-82skqv-sht57a-sxoo9l\" data-cel-widget=\"faddMessage_feature_div\"><\/div>\n<div id=\"deepCheckPromise_feature_div\" class=\"celwidget\" data-feature-name=\"deepCheckPromise\" data-csa-c-type=\"widget\" data-csa-c-content-id=\"deepCheckPromise\" data-csa-c-slot-id=\"deepCheckPromise_feature_div\" data-csa-c-asin=\"B09VZZNHNH\" data-csa-c-is-in-initial-active-row=\"false\" data-csa-c-id=\"ihjwk8-5szath-j3jx7g-tmaut1\" data-cel-widget=\"deepCheckPromise_feature_div\"><\/div>\n<div id=\"shipsFromSoldBy_feature_div\" class=\"celwidget\" data-feature-name=\"shipsFromSoldBy\" data-csa-c-type=\"widget\" data-csa-c-content-id=\"shipsFromSoldBy\" data-csa-c-slot-id=\"shipsFromSoldBy_feature_div\" data-csa-c-asin=\"B09VZZNHNH\" data-csa-c-is-in-initial-active-row=\"false\" data-csa-c-id=\"du6jeo-na96ab-lpn2js-w4qmla\" data-cel-widget=\"shipsFromSoldBy_feature_div\">\n<div id=\"merchant-info\" class=\"a-section a-spacing-base\"><\/div>\n<\/div>\n<div id=\"holidayAvailabilityMessage_feature_div\" class=\"celwidget\" data-feature-name=\"holidayAvailabilityMessage\" data-csa-c-type=\"widget\" data-csa-c-content-id=\"holidayAvailabilityMessage\" data-csa-c-slot-id=\"holidayAvailabilityMessage_feature_div\" data-csa-c-asin=\"B09VZZNHNH\" data-csa-c-is-in-initial-active-row=\"false\" data-csa-c-id=\"azwt2s-shv997-kq4zqg-pvcz30\" data-cel-widget=\"holidayAvailabilityMessage_feature_div\"><\/div>\n<div id=\"apEligibility_feature_div\" class=\"celwidget\" data-feature-name=\"apEligibility\" data-csa-c-type=\"widget\" data-csa-c-content-id=\"apEligibility\" data-csa-c-slot-id=\"apEligibility_feature_div\" data-csa-c-asin=\"B09VZZNHNH\" data-csa-c-is-in-initial-active-row=\"false\" data-csa-c-id=\"jnjs3o-nlz8m9-qn3cwo-pmlk2c\" data-cel-widget=\"apEligibility_feature_div\"><\/div>\n<div id=\"olp_feature_div\" class=\"celwidget\" data-feature-name=\"olp\" data-csa-c-type=\"widget\" data-csa-c-content-id=\"olp\" data-csa-c-slot-id=\"olp_feature_div\" data-csa-c-asin=\"B09VZZNHNH\" data-csa-c-is-in-initial-active-row=\"false\" data-csa-c-id=\"455iu2-8crsyu-5dbhft-afpl0u\" data-cel-widget=\"olp_feature_div\">\n<div id=\"all-offers-display\" class=\"a-section\"><\/div>\n<\/div>\n<div id=\"twister_feature_div\" class=\"celwidget\" data-feature-name=\"twister\" data-csa-c-type=\"widget\" data-csa-c-content-id=\"twister\" data-csa-c-slot-id=\"twister_feature_div\" data-csa-c-asin=\"B09VZZNHNH\" data-csa-c-is-in-initial-active-row=\"false\" data-csa-c-id=\"tl9npk-ulcxj0-q7du8c-sl5kr5\" data-cel-widget=\"twister_feature_div\"><\/div>\n<div id=\"bundles_feature_div\" class=\"celwidget\" data-feature-name=\"bundles\" data-csa-c-type=\"widget\" data-csa-c-content-id=\"bundles\" data-csa-c-slot-id=\"bundles_feature_div\" data-csa-c-asin=\"B09VZZNHNH\" data-csa-c-is-in-initial-active-row=\"false\" data-csa-c-id=\"q98g8f-uzlnsb-4jdr6-cxwg3m\" data-cel-widget=\"bundles_feature_div\"><\/div>\n<div id=\"valueAdds_feature_div\" class=\"celwidget\" data-feature-name=\"valueAdds2\" data-csa-c-type=\"widget\" data-csa-c-content-id=\"valueAdds2\" data-csa-c-slot-id=\"valueAdds_feature_div\" data-csa-c-asin=\"B09VZZNHNH\" data-csa-c-is-in-initial-active-row=\"false\" data-csa-c-id=\"q7hwbk-n9tiyu-fwgdwp-mh50fr\" data-cel-widget=\"valueAdds_feature_div\"><\/div>\n<div id=\"clickToContact_feature_div\" class=\"celwidget\" data-feature-name=\"clickToContact\" data-csa-c-type=\"widget\" data-csa-c-content-id=\"clickToContact\" data-csa-c-slot-id=\"clickToContact_feature_div\" data-csa-c-asin=\"B09VZZNHNH\" data-csa-c-is-in-initial-active-row=\"false\" data-csa-c-id=\"7kmnzb-5meseb-soxzcg-7zim1u\" data-cel-widget=\"clickToContact_feature_div\"><\/div>\n<div id=\"amazonCertifiedBadge_feature_div\" class=\"celwidget\" data-feature-name=\"amazonCertifiedBadge\" data-csa-c-type=\"widget\" data-csa-c-content-id=\"amazonCertifiedBadge\" data-csa-c-slot-id=\"amazonCertifiedBadge_feature_div\" data-csa-c-asin=\"B09VZZNHNH\" data-csa-c-is-in-initial-active-row=\"false\" data-csa-c-id=\"rey4ok-jzphm5-wse3sr-hvnhto\" data-cel-widget=\"amazonCertifiedBadge_feature_div\"><\/div>\n<div id=\"smartHomeWidget_feature_div\" class=\"celwidget\" data-feature-name=\"smartHomeWidget\" data-csa-c-type=\"widget\" data-csa-c-content-id=\"smartHomeWidget\" data-csa-c-slot-id=\"smartHomeWidget_feature_div\" data-csa-c-asin=\"B09VZZNHNH\" data-csa-c-is-in-initial-active-row=\"false\" data-csa-c-id=\"wnfs6v-9x2vqm-ixvc2j-wwyzfg\" data-cel-widget=\"smartHomeWidget_feature_div\"><\/div>\n<div id=\"renewedProgramDescriptionAtf_feature_div\" class=\"celwidget\" data-feature-name=\"renewedProgramDescriptionAtf\" data-csa-c-type=\"widget\" data-csa-c-content-id=\"renewedProgramDescriptionAtf\" data-csa-c-slot-id=\"renewedProgramDescriptionAtf_feature_div\" data-csa-c-asin=\"B09VZZNHNH\" data-csa-c-is-in-initial-active-row=\"false\" data-csa-c-id=\"t63zjt-icmb0k-2ludob-4cu2yz\" data-cel-widget=\"renewedProgramDescriptionAtf_feature_div\"><\/div>\n<div id=\"twisterPlusWWDesktop\" class=\"celwidget\" data-feature-name=\"twisterPlusWWDesktop\" data-csa-c-type=\"widget\" data-csa-c-content-id=\"twisterPlusWWDesktop\" data-csa-c-slot-id=\"twisterPlusWWDesktop\" data-csa-c-asin=\"B09VZZNHNH\" data-csa-c-is-in-initial-active-row=\"false\" data-csa-c-id=\"5eecb8-q0zcsf-5bzpz8-ii5a09\" data-cel-widget=\"twisterPlusWWDesktop\"><\/div>\n<div id=\"sizeChartV2Data_feature_div\" class=\"celwidget\" data-feature-name=\"sizeChartV2Data\" data-csa-c-type=\"widget\" data-csa-c-content-id=\"sizeChartV2Data\" data-csa-c-slot-id=\"sizeChartV2Data_feature_div\" data-csa-c-asin=\"B09VZZNHNH\" data-csa-c-is-in-initial-active-row=\"false\" data-csa-c-id=\"fi1lwz-kk8qdc-538wrl-gp7tq0\" data-cel-widget=\"sizeChartV2Data_feature_div\"><\/div>\n<div id=\"gestaltCustomizationSummary_feature_div\" class=\"celwidget\" data-feature-name=\"gestaltCustomizationSummary\" data-csa-c-type=\"widget\" data-csa-c-content-id=\"gestaltCustomizationSummary\" data-csa-c-slot-id=\"gestaltCustomizationSummary_feature_div\" data-csa-c-asin=\"B09VZZNHNH\" data-csa-c-is-in-initial-active-row=\"false\" data-csa-c-id=\"2idavk-cva8ty-u6k1ns-7a1nsh\" data-cel-widget=\"gestaltCustomizationSummary_feature_div\"><\/div>\n<div id=\"gestaltPredefinedCustomizations_feature_div\" class=\"celwidget\" data-feature-name=\"gestaltPredefinedCustomizations\" data-csa-c-type=\"widget\" data-csa-c-content-id=\"gestaltPredefinedCustomizations\" data-csa-c-slot-id=\"gestaltPredefinedCustomizations_feature_div\" data-csa-c-asin=\"B09VZZNHNH\" data-csa-c-is-in-initial-active-row=\"false\" data-csa-c-id=\"imutez-epq28q-laavt8-5cnhw\" data-cel-widget=\"gestaltPredefinedCustomizations_feature_div\"><\/div>\n<div id=\"productOverview_feature_div\" class=\"celwidget\" data-feature-name=\"productOverview\" data-csa-c-type=\"widget\" data-csa-c-content-id=\"productOverview\" data-csa-c-slot-id=\"productOverview_feature_div\" data-csa-c-asin=\"B09VZZNHNH\" data-csa-c-is-in-initial-active-row=\"false\" data-csa-c-id=\"94q4ez-dh7bc1-azbr80-dwv9ze\" data-cel-widget=\"productOverview_feature_div\">\n<div class=\"a-section a-spacing-small a-spacing-top-small\"><\/div>\n<\/div>\n<\/div>\n<\/div>\n<\/div>\n<\/li>\n<\/ul>\n<\/div>\n<\/div>\n<\/div>\n","protected":false},"excerpt":{"rendered":"<h1 class=\"a-size-base-plus a-text-bold\">\u00c0 propos de cet article<\/h1>\n<ul class=\"a-unordered-list a-vertical a-spacing-mini\">\n<li class=\"a-spacing-mini\"><span class=\"a-list-item\">\ud83d\udc57\u3010Grande quantit\u00e9\u3011 60 feuilles par rouleau, soit 360 feuilles au total, qui couvrent vos besoins pendant 6 \u00e0 12 mois.La largeur du papier adh\u00e9sif est de 10 cm.<\/span><\/li>\n<li class=\"a-spacing-mini\"><span class=\"a-list-item\">\ud83d\udc55\u3010Les rouleaux de rechange sont interchangeables\u3011Les rouleaux de rechange sont interchangeables, nous vous fournissons 1 seule poign\u00e9e, mais vous pouvez remplacer les rouleaux de rechange par un nouveau lorsque vous avez termin\u00e9 avec un rouleau de rechange. Travaillons ensemble pour prot\u00e9ger l&rsquo;environnement et utiliser moins de plastique.<\/span><\/li>\n<li class=\"a-spacing-mini\"><span class=\"a-list-item\">\ud83d\udc54\u3010Facile \u00e0 utiliser\u3011 Lorsque vous utilisez le rouleau adhesif vetement, il suffit de le rouler autour, et il tirera bien les cheveux et la salet\u00e9 sur le papier collant, puis il suffit de retirer le papier collant. Lorsqu&rsquo;il n&rsquo;est pas utilis\u00e9, le brosse adhesive peut \u00eatre plac\u00e9 \u00e0 la verticale et ne prend pas beaucoup de place. De plus, nous avons inclus un \u00e9tui de protection pour \u00e9viter que rouleau poils animaux ne colle \u00e0 d&rsquo;autres objets.<\/span><\/li>\n<li class=\"a-spacing-mini\"><span class=\"a-list-item\">\ud83d\udecf\ufe0f\u3010 polyvalent\u3011 Convient pour collecter tous les types de poils et de salet\u00e9s des costumes, v\u00eatements, pulls, pantalons, chemises ou m\u00eame des meubles, canap\u00e9s et meubles rembourr\u00e9s. Id\u00e9al pour les propri\u00e9taires d&rsquo;animaux !<\/span><\/li>\n<li class=\"a-spacing-mini\"><span class=\"a-list-item\">\ud83d\udc36\u3010Garantie\u3011 Tous nos brosse collante sont garantis par la qualit\u00e9. S&rsquo;il y a un quelconque probl\u00e8me avec nos produits, veuillez nous contacter la premi\u00e8re fois, nous donnerons une r\u00e9ponse parfaite dans tous les cas.<\/span><\/li>\n<\/ul>\n","protected":false},"featured_media":17682,"template":"","meta":[],"product_brand":[],"product_cat":[15,360,303],"product_tag":[340,322,326,319,323,324,321,337,327,334,318,339,342,341,331,338,330,335,328,320,325,336,329],"class_list":{"0":"post-17681","1":"product","2":"type-product","3":"status-publish","4":"has-post-thumbnail","6":"product_cat-uncategorized","7":"product_cat-consommable","8":"product_cat-machines-de-finition","9":"product_tag-bach","10":"product_tag-canon","11":"product_tag-decoup","12":"product_tag-dtf","13":"product_tag-dx7","14":"product_tag-ecosolvant","15":"product_tag-epson","16":"product_tag-flex","17":"product_tag-hp","18":"product_tag-konica-minolta","19":"product_tag-machine","20":"product_tag-massicot","21":"product_tag-mugs-de-sublumation-x2-gratuit","22":"product_tag-perforation","23":"product_tag-plastification","24":"product_tag-presse-a-chaude","25":"product_tag-sublimation-pack","26":"product_tag-teneth","27":"product_tag-traceur","28":"product_tag-uv","29":"product_tag-uv-dtf","30":"product_tag-vinyle","31":"product_tag-xp600","33":"first","34":"instock","35":"sale","36":"shipping-taxable","37":"purchasable","38":"product-type-simple"},"_links":{"self":[{"href":"https:\/\/damejprint.com\/index.php?rest_route=\/wp\/v2\/product\/17681","targetHints":{"allow":["GET"]}}],"collection":[{"href":"https:\/\/damejprint.com\/index.php?rest_route=\/wp\/v2\/product"}],"about":[{"href":"https:\/\/damejprint.com\/index.php?rest_route=\/wp\/v2\/types\/product"}],"wp:featuredmedia":[{"embeddable":true,"href":"https:\/\/damejprint.com\/index.php?rest_route=\/wp\/v2\/media\/17682"}],"wp:attachment":[{"href":"https:\/\/damejprint.com\/index.php?rest_route=%2Fwp%2Fv2%2Fmedia&parent=17681"}],"wp:term":[{"taxonomy":"product_brand","embeddable":true,"href":"https:\/\/damejprint.com\/index.php?rest_route=%2Fwp%2Fv2%2Fproduct_brand&post=17681"},{"taxonomy":"product_cat","embeddable":true,"href":"https:\/\/damejprint.com\/index.php?rest_route=%2Fwp%2Fv2%2Fproduct_cat&post=17681"},{"taxonomy":"product_tag","embeddable":true,"href":"https:\/\/damejprint.com\/index.php?rest_route=%2Fwp%2Fv2%2Fproduct_tag&post=17681"}],"curies":[{"name":"wp","href":"https:\/\/api.w.org\/{rel}","templated":true}]}}