{"id":17661,"date":"2025-08-12T17:46:36","date_gmt":"2025-08-12T17:46:36","guid":{"rendered":"https:\/\/damejprint.com\/?post_type=product&#038;p=17661"},"modified":"2025-08-12T17:51:14","modified_gmt":"2025-08-12T17:51:14","slug":"pack-machine-a-badge-magnetique-carre-v2","status":"publish","type":"product","link":"https:\/\/damejprint.com\/?product=pack-machine-a-badge-magnetique-carre-v2","title":{"rendered":"PACK MACHINE \u00c0 BADGE MAGNETIQUE CARRE V2"},"content":{"rendered":"<div dir=\"auto\">\n<div class=\"id-grid id-max-h-[68px] id-overflow-hidden id-grid-cols-[2fr_3fr] id-border-b-[0.5px] id-border-[#ddd]\">\n<div class=\"id-text-sm id-p-4 id-bg-[#f8f8f8] id-flex id-items-center\" title=\"Marque nom\">\n<ul>\n<li>\n<div class=\"id-grid id-max-h-[68px] id-overflow-hidden id-grid-cols-[2fr_3fr] id-border-b-[0.5px] id-border-[#ddd]\">\n<div class=\"id-text-sm id-p-4 id-bg-[#f8f8f8] id-flex id-items-center\" title=\"Vid\u00e9o sortant d'inspection\" data-spm-anchor-id=\"a2700.details.0.i106.43cde2dafPQNLx\">\n<div class=\"id-line-clamp-2 id-leading-[18px]\">Vid\u00e9o sortant d&rsquo;inspection<\/div>\n<\/div>\n<div class=\"id-text-sm id-font-medium id-p-4 id-flex id-items-center id-flex-wrap\" title=\"Non disponible\">\n<div class=\"id-line-clamp-2 id-leading-[18px]\">Non disponible<\/div>\n<\/div>\n<\/div>\n<div class=\"id-grid id-max-h-[68px] id-overflow-hidden id-grid-cols-[2fr_3fr] id-border-b-[0.5px] id-border-[#ddd]\">\n<div class=\"id-text-sm id-p-4 id-bg-[#f8f8f8] id-flex id-items-center\" title=\"Showroom Emplacement\">\n<div class=\"id-line-clamp-2 id-leading-[18px]\">Showroom Emplacement<\/div>\n<\/div>\n<div class=\"id-text-sm id-font-medium id-p-4 id-flex id-items-center id-flex-wrap\" title=\"Aucun\">\n<div class=\"id-line-clamp-2 id-leading-[18px]\">Aucun<\/div>\n<\/div>\n<\/div>\n<div class=\"id-grid id-max-h-[68px] id-overflow-hidden id-grid-cols-[2fr_3fr] id-border-b-[0.5px] id-border-[#ddd]\">\n<div class=\"id-text-sm id-p-4 id-bg-[#f8f8f8] id-flex id-items-center\" title=\"Garantie\">\n<div class=\"id-line-clamp-2 id-leading-[18px]\">Garantie<\/div>\n<\/div>\n<div class=\"id-text-sm id-font-medium id-p-4 id-flex id-items-center id-flex-wrap\" title=\"1 AN\">\n<div class=\"id-line-clamp-2 id-leading-[18px]\">1 AN<\/div>\n<\/div>\n<\/div>\n<div class=\"id-grid id-max-h-[68px] id-overflow-hidden id-grid-cols-[2fr_3fr] id-border-b-[0.5px] id-border-[#ddd]\">\n<div class=\"id-text-sm id-p-4 id-bg-[#f8f8f8] id-flex id-items-center\" title=\"Industries applicables\">\n<div class=\"id-line-clamp-2 id-leading-[18px]\">Industries applicables<\/div>\n<\/div>\n<div class=\"id-text-sm id-font-medium id-p-4 id-flex id-items-center id-flex-wrap\" title=\"Magasins de v\u00eatements, Mat\u00e9riaux de construction Magasins, Machines De R\u00e9paration Magasins, Aliments et Boissons Usine, Impression Magasins, Magasin d'alimentation, Aliments et Boissons Magasins, Autre\">\n<div class=\"id-line-clamp-2 id-leading-[18px]\">Magasins de v\u00eatements, Mat\u00e9riaux de construction Magasins, Machines De R\u00e9paration Magasins, Aliments et Boissons Usine, Impression Magasins, Magasin d&rsquo;alimentation, Aliments et Boissons Magasins, Autre<\/div>\n<\/div>\n<\/div>\n<div class=\"id-grid id-max-h-[68px] id-overflow-hidden id-grid-cols-[2fr_3fr] id-border-b-[0.5px] id-border-[#ddd]\">\n<div class=\"id-text-sm id-p-4 id-bg-[#f8f8f8] id-flex id-items-center\" title=\"Forme\">\n<div class=\"id-line-clamp-2 id-leading-[18px]\">Forme<\/div>\n<\/div>\n<div class=\"id-text-sm id-font-medium id-p-4 id-flex id-items-center id-flex-wrap\" title=\"Carr\u00e9\">\n<div class=\"id-line-clamp-2 id-leading-[18px]\">Carr\u00e9<\/div>\n<\/div>\n<\/div>\n<div class=\"id-grid id-max-h-[68px] id-overflow-hidden id-grid-cols-[2fr_3fr] id-border-b-[0.5px] id-border-[#ddd]\">\n<div class=\"id-text-sm id-p-4 id-bg-[#f8f8f8] id-flex id-items-center\" title=\"Cat\u00e9gorie automatique\">\n<div class=\"id-line-clamp-2 id-leading-[18px]\">Cat\u00e9gorie automatique<\/div>\n<\/div>\n<div class=\"id-text-sm id-font-medium id-p-4 id-flex id-items-center id-flex-wrap\" title=\"Manuel\">\n<div class=\"id-line-clamp-2 id-leading-[18px]\">Manuel<\/div>\n<\/div>\n<\/div>\n<div class=\"id-grid id-max-h-[68px] id-overflow-hidden id-grid-cols-[2fr_3fr] id-border-b-[0.5px] id-border-[#ddd]\">\n<div class=\"id-text-sm id-p-4 id-bg-[#f8f8f8] id-flex id-items-center\" title=\"Condition\">\n<div class=\"id-line-clamp-2 id-leading-[18px]\">Condition<\/div>\n<\/div>\n<div class=\"id-text-sm id-font-medium id-p-4 id-flex id-items-center id-flex-wrap\" title=\"Nouveau\">\n<div class=\"id-line-clamp-2 id-leading-[18px]\">Nouveau<\/div>\n<\/div>\n<\/div>\n<div class=\"id-grid id-max-h-[68px] id-overflow-hidden id-grid-cols-[2fr_3fr] id-border-b-[0.5px] id-border-[#ddd]\">\n<div class=\"id-text-sm id-p-4 id-bg-[#f8f8f8] id-flex id-items-center\" title=\"Machines Rapport D'essai\">\n<div class=\"id-line-clamp-2 id-leading-[18px]\">Machines Rapport D&rsquo;essai<\/div>\n<\/div>\n<div class=\"id-text-sm id-font-medium id-p-4 id-flex id-items-center id-flex-wrap\" title=\"Non disponible\">\n<div class=\"id-line-clamp-2 id-leading-[18px]\">Non disponible<\/div>\n<\/div>\n<\/div>\n<div class=\"id-grid id-max-h-[68px] id-overflow-hidden id-grid-cols-[2fr_3fr] id-border-b-[0.5px] id-border-[#ddd]\">\n<div class=\"id-text-sm id-p-4 id-bg-[#f8f8f8] id-flex id-items-center\" title=\"Marketing Type\">\n<div class=\"id-line-clamp-2 id-leading-[18px]\">Marketing Type<\/div>\n<\/div>\n<div class=\"id-text-sm id-font-medium id-p-4 id-flex id-items-center id-flex-wrap\" title=\"Produit ordinaire\">\n<div class=\"id-line-clamp-2 id-leading-[18px]\">Produit ordinaire<\/div>\n<\/div>\n<\/div>\n<div class=\"id-grid id-max-h-[68px] id-overflow-hidden id-grid-cols-[2fr_3fr] id-border-b-[0.5px] id-border-[#ddd]\">\n<div class=\"id-text-sm id-p-4 id-bg-[#f8f8f8] id-flex id-items-center\" title=\"Garantie des \u00e9l\u00e9ments de base\">\n<div class=\"id-line-clamp-2 id-leading-[18px]\">Garantie des \u00e9l\u00e9ments de base<\/div>\n<\/div>\n<div class=\"id-text-sm id-font-medium id-p-4 id-flex id-items-center id-flex-wrap\" title=\"Non disponible\">\n<div class=\"id-line-clamp-2 id-leading-[18px]\">Non disponible<\/div>\n<\/div>\n<\/div>\n<\/li>\n<\/ul>\n<\/div>\n<\/div>\n<\/div>\n","protected":false},"excerpt":{"rendered":"<ul>\n<li>\n<div class=\"id-grid id-max-h-[68px] id-overflow-hidden id-grid-cols-[2fr_3fr] id-border-b-[0.5px] id-border-[#ddd]\">\n<div class=\"id-text-sm id-p-4 id-bg-[#f8f8f8] id-flex id-items-center\" title=\"Vid\u00e9o sortant d'inspection\" data-spm-anchor-id=\"a2700.details.0.i106.43cde2dafPQNLx\">\n<div class=\"id-line-clamp-2 id-leading-[18px]\">Vid\u00e9o sortant d&rsquo;inspection<\/div>\n<\/div>\n<div class=\"id-text-sm id-font-medium id-p-4 id-flex id-items-center id-flex-wrap\" title=\"Non disponible\">\n<div class=\"id-line-clamp-2 id-leading-[18px]\">Non disponible<\/div>\n<\/div>\n<\/div>\n<div class=\"id-grid id-max-h-[68px] id-overflow-hidden id-grid-cols-[2fr_3fr] id-border-b-[0.5px] id-border-[#ddd]\">\n<div class=\"id-text-sm id-p-4 id-bg-[#f8f8f8] id-flex id-items-center\" title=\"Showroom Emplacement\">\n<div class=\"id-line-clamp-2 id-leading-[18px]\">Showroom Emplacement<\/div>\n<\/div>\n<div class=\"id-text-sm id-font-medium id-p-4 id-flex id-items-center id-flex-wrap\" title=\"Aucun\">\n<div class=\"id-line-clamp-2 id-leading-[18px]\">Aucun<\/div>\n<\/div>\n<\/div>\n<div class=\"id-grid id-max-h-[68px] id-overflow-hidden id-grid-cols-[2fr_3fr] id-border-b-[0.5px] id-border-[#ddd]\">\n<div class=\"id-text-sm id-p-4 id-bg-[#f8f8f8] id-flex id-items-center\" title=\"Garantie\">\n<div class=\"id-line-clamp-2 id-leading-[18px]\">Garantie<\/div>\n<\/div>\n<div class=\"id-text-sm id-font-medium id-p-4 id-flex id-items-center id-flex-wrap\" title=\"1 AN\">\n<div class=\"id-line-clamp-2 id-leading-[18px]\">1 AN<\/div>\n<\/div>\n<\/div>\n<div class=\"id-grid id-max-h-[68px] id-overflow-hidden id-grid-cols-[2fr_3fr] id-border-b-[0.5px] id-border-[#ddd]\">\n<div class=\"id-text-sm id-p-4 id-bg-[#f8f8f8] id-flex id-items-center\" title=\"Industries applicables\">\n<div class=\"id-line-clamp-2 id-leading-[18px]\">Industries applicables<\/div>\n<\/div>\n<div class=\"id-text-sm id-font-medium id-p-4 id-flex id-items-center id-flex-wrap\" title=\"Magasins de v\u00eatements, Mat\u00e9riaux de construction Magasins, Machines De R\u00e9paration Magasins, Aliments et Boissons Usine, Impression Magasins, Magasin d'alimentation, Aliments et Boissons Magasins, Autre\">\n<div class=\"id-line-clamp-2 id-leading-[18px]\">Magasins de v\u00eatements, Mat\u00e9riaux de construction Magasins, Machines De R\u00e9paration Magasins, Aliments et Boissons Usine, Impression Magasins, Magasin d&rsquo;alimentation, Aliments et Boissons Magasins, Autre<\/div>\n<\/div>\n<\/div>\n<div class=\"id-grid id-max-h-[68px] id-overflow-hidden id-grid-cols-[2fr_3fr] id-border-b-[0.5px] id-border-[#ddd]\">\n<div class=\"id-text-sm id-p-4 id-bg-[#f8f8f8] id-flex id-items-center\" title=\"Forme\">\n<div class=\"id-line-clamp-2 id-leading-[18px]\">Forme<\/div>\n<\/div>\n<div class=\"id-text-sm id-font-medium id-p-4 id-flex id-items-center id-flex-wrap\" title=\"Carr\u00e9\">\n<div class=\"id-line-clamp-2 id-leading-[18px]\">Carr\u00e9<\/div>\n<\/div>\n<\/div>\n<div class=\"id-grid id-max-h-[68px] id-overflow-hidden id-grid-cols-[2fr_3fr] id-border-b-[0.5px] id-border-[#ddd]\">\n<div class=\"id-text-sm id-p-4 id-bg-[#f8f8f8] id-flex id-items-center\" title=\"Cat\u00e9gorie automatique\">\n<div class=\"id-line-clamp-2 id-leading-[18px]\">Cat\u00e9gorie automatique<\/div>\n<\/div>\n<div class=\"id-text-sm id-font-medium id-p-4 id-flex id-items-center id-flex-wrap\" title=\"Manuel\">\n<div class=\"id-line-clamp-2 id-leading-[18px]\">Manuel<\/div>\n<\/div>\n<\/div>\n<div class=\"id-grid id-max-h-[68px] id-overflow-hidden id-grid-cols-[2fr_3fr] id-border-b-[0.5px] id-border-[#ddd]\">\n<div class=\"id-text-sm id-p-4 id-bg-[#f8f8f8] id-flex id-items-center\" title=\"Condition\">\n<div class=\"id-line-clamp-2 id-leading-[18px]\">Condition<\/div>\n<\/div>\n<div class=\"id-text-sm id-font-medium id-p-4 id-flex id-items-center id-flex-wrap\" title=\"Nouveau\">\n<div class=\"id-line-clamp-2 id-leading-[18px]\">Nouveau<\/div>\n<\/div>\n<\/div>\n<div class=\"id-grid id-max-h-[68px] id-overflow-hidden id-grid-cols-[2fr_3fr] id-border-b-[0.5px] id-border-[#ddd]\">\n<div class=\"id-text-sm id-p-4 id-bg-[#f8f8f8] id-flex id-items-center\" title=\"Machines Rapport D'essai\">\n<div class=\"id-line-clamp-2 id-leading-[18px]\">Machines Rapport D&rsquo;essai<\/div>\n<\/div>\n<div class=\"id-text-sm id-font-medium id-p-4 id-flex id-items-center id-flex-wrap\" title=\"Non disponible\">\n<div class=\"id-line-clamp-2 id-leading-[18px]\">Non disponible<\/div>\n<\/div>\n<\/div>\n<div class=\"id-grid id-max-h-[68px] id-overflow-hidden id-grid-cols-[2fr_3fr] id-border-b-[0.5px] id-border-[#ddd]\">\n<div class=\"id-text-sm id-p-4 id-bg-[#f8f8f8] id-flex id-items-center\" title=\"Marketing Type\">\n<div class=\"id-line-clamp-2 id-leading-[18px]\">Marketing Type<\/div>\n<\/div>\n<div class=\"id-text-sm id-font-medium id-p-4 id-flex id-items-center id-flex-wrap\" title=\"Produit ordinaire\">\n<div class=\"id-line-clamp-2 id-leading-[18px]\">Produit ordinaire<\/div>\n<\/div>\n<\/div>\n<div class=\"id-grid id-max-h-[68px] id-overflow-hidden id-grid-cols-[2fr_3fr] id-border-b-[0.5px] id-border-[#ddd]\">\n<div class=\"id-text-sm id-p-4 id-bg-[#f8f8f8] id-flex id-items-center\" title=\"Garantie des \u00e9l\u00e9ments de base\">\n<div class=\"id-line-clamp-2 id-leading-[18px]\">Garantie des \u00e9l\u00e9ments de base<\/div>\n<\/div>\n<div class=\"id-text-sm id-font-medium id-p-4 id-flex id-items-center id-flex-wrap\" title=\"Non disponible\">\n<div class=\"id-line-clamp-2 id-leading-[18px]\">Non disponible<\/div>\n<\/div>\n<\/div>\n<\/li>\n<\/ul>\n","protected":false},"featured_media":17662,"template":"","meta":[],"product_brand":[],"product_cat":[15,303],"product_tag":[340,322,326,319,323,324,321,337,327,334,318,339,342,341,331,338,330,335,328,320,325,336,329],"class_list":{"0":"post-17661","1":"product","2":"type-product","3":"status-publish","4":"has-post-thumbnail","6":"product_cat-uncategorized","7":"product_cat-machines-de-finition","8":"product_tag-bach","9":"product_tag-canon","10":"product_tag-decoup","11":"product_tag-dtf","12":"product_tag-dx7","13":"product_tag-ecosolvant","14":"product_tag-epson","15":"product_tag-flex","16":"product_tag-hp","17":"product_tag-konica-minolta","18":"product_tag-machine","19":"product_tag-massicot","20":"product_tag-mugs-de-sublumation-x2-gratuit","21":"product_tag-perforation","22":"product_tag-plastification","23":"product_tag-presse-a-chaude","24":"product_tag-sublimation-pack","25":"product_tag-teneth","26":"product_tag-traceur","27":"product_tag-uv","28":"product_tag-uv-dtf","29":"product_tag-vinyle","30":"product_tag-xp600","32":"first","33":"instock","34":"sale","35":"shipping-taxable","36":"purchasable","37":"product-type-simple"},"_links":{"self":[{"href":"https:\/\/damejprint.com\/index.php?rest_route=\/wp\/v2\/product\/17661","targetHints":{"allow":["GET"]}}],"collection":[{"href":"https:\/\/damejprint.com\/index.php?rest_route=\/wp\/v2\/product"}],"about":[{"href":"https:\/\/damejprint.com\/index.php?rest_route=\/wp\/v2\/types\/product"}],"wp:featuredmedia":[{"embeddable":true,"href":"https:\/\/damejprint.com\/index.php?rest_route=\/wp\/v2\/media\/17662"}],"wp:attachment":[{"href":"https:\/\/damejprint.com\/index.php?rest_route=%2Fwp%2Fv2%2Fmedia&parent=17661"}],"wp:term":[{"taxonomy":"product_brand","embeddable":true,"href":"https:\/\/damejprint.com\/index.php?rest_route=%2Fwp%2Fv2%2Fproduct_brand&post=17661"},{"taxonomy":"product_cat","embeddable":true,"href":"https:\/\/damejprint.com\/index.php?rest_route=%2Fwp%2Fv2%2Fproduct_cat&post=17661"},{"taxonomy":"product_tag","embeddable":true,"href":"https:\/\/damejprint.com\/index.php?rest_route=%2Fwp%2Fv2%2Fproduct_tag&post=17661"}],"curies":[{"name":"wp","href":"https:\/\/api.w.org\/{rel}","templated":true}]}}