{"id":17537,"date":"2025-07-22T12:01:12","date_gmt":"2025-07-22T12:01:12","guid":{"rendered":"https:\/\/damejprint.com\/?post_type=product&#038;p=17537"},"modified":"2025-07-22T12:05:10","modified_gmt":"2025-07-22T12:05:10","slug":"pochettes-de-plastification-a-chaud-100-mic","status":"publish","type":"product","link":"https:\/\/damejprint.com\/?product=pochettes-de-plastification-a-chaud-100-mic","title":{"rendered":"Pochettes de plastification \u00e0 chaud 100 mic"},"content":{"rendered":"<div dir=\"auto\">\n<p><strong>Une note sur la Quantit\u00e9: 1X100<\/strong><\/p>\n<p>Film de plastification A4 WON LAMI 100 pcs<br \/>\nLe film de plastification est con\u00e7u pour prot\u00e9ger les documents, les documents imprim\u00e9s, les photos de l&rsquo;humidit\u00e9, de la salet\u00e9 et des dommages m\u00e9caniques.<\/p>\n<p>Donne de la rigidit\u00e9 et une apparence pr\u00e9sentable.<\/p>\n<p>Convient \u00e0 tous les types de plastifieuses. Ins\u00e9rez le paquet dans la plastifieuse uniquement avec le c\u00f4t\u00e9 coll\u00e9\u00a0!<\/p>\n<p>Film pour laminage \u00e0 chaud brillant, \u00e0 deux couches; &#8211; garantie : stabilit\u00e9 de la composition et adh\u00e9rence suffisante ;<br \/>\nCon\u00e7u pour le laminage de produits en papier<\/p>\n<p><strong><u>Caract\u00e8ristique\u00a0<\/u><\/strong>:<br \/>\n&#8211; Epaisseur : 60 mic<br \/>\n&#8211; Taille \u00a0 \u00a0 \u00a0 \u00a0 : 216x303mm<br \/>\n&#8211; Quantit\u00e9 : 100 pcs.<\/p>\n<\/div>\n","protected":false},"excerpt":{"rendered":"<div dir=\"auto\">\n<p><strong>Une note sur la Quantit\u00e9: 1X100<\/strong><\/p>\n<p>Film de plastification A4 WON LAMI 100 pcs<br \/>\nLe film de plastification est con\u00e7u pour prot\u00e9ger les documents, les documents imprim\u00e9s, les photos de l&rsquo;humidit\u00e9, de la salet\u00e9 et des dommages m\u00e9caniques.<\/p>\n<p>Donne de la rigidit\u00e9 et une apparence pr\u00e9sentable.<\/p>\n<p>Convient \u00e0 tous les types de plastifieuses. Ins\u00e9rez le paquet dans la plastifieuse uniquement avec le c\u00f4t\u00e9 coll\u00e9\u00a0!<\/p>\n<p>Film pour laminage \u00e0 chaud brillant, \u00e0 deux couches; &#8211; garantie : stabilit\u00e9 de la composition et adh\u00e9rence suffisante ;<br \/>\nCon\u00e7u pour le laminage de produits en papier<\/p>\n<p><strong><u>Caract\u00e8ristique\u00a0<\/u><\/strong>:<br \/>\n&#8211; Epaisseur : 100 mic<br \/>\n&#8211; Taille \u00a0 \u00a0 \u00a0 \u00a0 : 216x303mm<br \/>\n&#8211; Quantit\u00e9 : 100 pcs.<\/p>\n<\/div>\n","protected":false},"featured_media":17538,"template":"","meta":[],"product_brand":[],"product_cat":[15,360],"product_tag":[340,322,326,319,323,324,321,337,327,334,318,339,342,341,331,338,330,335,328,320,325,336,329],"class_list":{"0":"post-17537","1":"product","2":"type-product","3":"status-publish","4":"has-post-thumbnail","6":"product_cat-uncategorized","7":"product_cat-consommable","8":"product_tag-bach","9":"product_tag-canon","10":"product_tag-decoup","11":"product_tag-dtf","12":"product_tag-dx7","13":"product_tag-ecosolvant","14":"product_tag-epson","15":"product_tag-flex","16":"product_tag-hp","17":"product_tag-konica-minolta","18":"product_tag-machine","19":"product_tag-massicot","20":"product_tag-mugs-de-sublumation-x2-gratuit","21":"product_tag-perforation","22":"product_tag-plastification","23":"product_tag-presse-a-chaude","24":"product_tag-sublimation-pack","25":"product_tag-teneth","26":"product_tag-traceur","27":"product_tag-uv","28":"product_tag-uv-dtf","29":"product_tag-vinyle","30":"product_tag-xp600","32":"first","33":"instock","34":"shipping-taxable","35":"purchasable","36":"product-type-simple"},"_links":{"self":[{"href":"https:\/\/damejprint.com\/index.php?rest_route=\/wp\/v2\/product\/17537","targetHints":{"allow":["GET"]}}],"collection":[{"href":"https:\/\/damejprint.com\/index.php?rest_route=\/wp\/v2\/product"}],"about":[{"href":"https:\/\/damejprint.com\/index.php?rest_route=\/wp\/v2\/types\/product"}],"wp:featuredmedia":[{"embeddable":true,"href":"https:\/\/damejprint.com\/index.php?rest_route=\/wp\/v2\/media\/17538"}],"wp:attachment":[{"href":"https:\/\/damejprint.com\/index.php?rest_route=%2Fwp%2Fv2%2Fmedia&parent=17537"}],"wp:term":[{"taxonomy":"product_brand","embeddable":true,"href":"https:\/\/damejprint.com\/index.php?rest_route=%2Fwp%2Fv2%2Fproduct_brand&post=17537"},{"taxonomy":"product_cat","embeddable":true,"href":"https:\/\/damejprint.com\/index.php?rest_route=%2Fwp%2Fv2%2Fproduct_cat&post=17537"},{"taxonomy":"product_tag","embeddable":true,"href":"https:\/\/damejprint.com\/index.php?rest_route=%2Fwp%2Fv2%2Fproduct_tag&post=17537"}],"curies":[{"name":"wp","href":"https:\/\/api.w.org\/{rel}","templated":true}]}}