{"id":17310,"date":"2025-07-10T10:51:21","date_gmt":"2025-07-10T10:51:21","guid":{"rendered":"https:\/\/damejprint.com\/?post_type=product&#038;p=17310"},"modified":"2025-07-10T10:56:24","modified_gmt":"2025-07-10T10:56:24","slug":"film-adhesif-holographique-par-metre","status":"publish","type":"product","link":"https:\/\/damejprint.com\/?product=film-adhesif-holographique-par-metre","title":{"rendered":"Film adh\u00e9sif holographique par m\u00e8tre"},"content":{"rendered":"<p>Film adh\u00e9sif vinyle holographique. Id\u00e9al pour la d\u00e9coupe, la d\u00e9coration et la personnalisation d&rsquo;objet. Ce film adh\u00e9sif aspect arc en ciel est \u00e9galement imprimable en \u00e9co-solvant et UV.<\/p>\n<p>Film vendu au m\u00e8tre lin\u00e9aire.<\/p>\n<p>Largeurs disponibles (Laizes) : 30cm, 60cm et 120cm sur demand<\/p>\n","protected":false},"excerpt":{"rendered":"<p>Film adh\u00e9sif vinyle holographique. Id\u00e9al pour la d\u00e9coupe, la d\u00e9coration et la personnalisation d&rsquo;objet. Ce film adh\u00e9sif aspect arc en ciel est \u00e9galement imprimable en \u00e9co-solvant et UV.<\/p>\n<p>Film vendu au m\u00e8tre lin\u00e9aire.<\/p>\n<p>Largeurs disponibles (Laizes) : 30cm, 60cm et 120cm sur demand<\/p>\n","protected":false},"featured_media":17311,"template":"","meta":[],"product_brand":[],"product_cat":[15,360,302],"product_tag":[340,322,326,319,323,324,321,337,327,334,318,339,342,341,331,338,330,335,328,320,325,336,329],"class_list":{"0":"post-17310","1":"product","2":"type-product","3":"status-publish","4":"has-post-thumbnail","6":"product_cat-uncategorized","7":"product_cat-consommable","8":"product_cat-imprimantes","9":"product_tag-bach","10":"product_tag-canon","11":"product_tag-decoup","12":"product_tag-dtf","13":"product_tag-dx7","14":"product_tag-ecosolvant","15":"product_tag-epson","16":"product_tag-flex","17":"product_tag-hp","18":"product_tag-konica-minolta","19":"product_tag-machine","20":"product_tag-massicot","21":"product_tag-mugs-de-sublumation-x2-gratuit","22":"product_tag-perforation","23":"product_tag-plastification","24":"product_tag-presse-a-chaude","25":"product_tag-sublimation-pack","26":"product_tag-teneth","27":"product_tag-traceur","28":"product_tag-uv","29":"product_tag-uv-dtf","30":"product_tag-vinyle","31":"product_tag-xp600","33":"first","34":"instock","35":"sale","36":"shipping-taxable","37":"purchasable","38":"product-type-simple"},"_links":{"self":[{"href":"https:\/\/damejprint.com\/index.php?rest_route=\/wp\/v2\/product\/17310","targetHints":{"allow":["GET"]}}],"collection":[{"href":"https:\/\/damejprint.com\/index.php?rest_route=\/wp\/v2\/product"}],"about":[{"href":"https:\/\/damejprint.com\/index.php?rest_route=\/wp\/v2\/types\/product"}],"wp:featuredmedia":[{"embeddable":true,"href":"https:\/\/damejprint.com\/index.php?rest_route=\/wp\/v2\/media\/17311"}],"wp:attachment":[{"href":"https:\/\/damejprint.com\/index.php?rest_route=%2Fwp%2Fv2%2Fmedia&parent=17310"}],"wp:term":[{"taxonomy":"product_brand","embeddable":true,"href":"https:\/\/damejprint.com\/index.php?rest_route=%2Fwp%2Fv2%2Fproduct_brand&post=17310"},{"taxonomy":"product_cat","embeddable":true,"href":"https:\/\/damejprint.com\/index.php?rest_route=%2Fwp%2Fv2%2Fproduct_cat&post=17310"},{"taxonomy":"product_tag","embeddable":true,"href":"https:\/\/damejprint.com\/index.php?rest_route=%2Fwp%2Fv2%2Fproduct_tag&post=17310"}],"curies":[{"name":"wp","href":"https:\/\/api.w.org\/{rel}","templated":true}]}}