{"id":17279,"date":"2025-06-19T10:01:56","date_gmt":"2025-06-19T10:01:56","guid":{"rendered":"https:\/\/damejprint.com\/?post_type=product&#038;p=17279"},"modified":"2025-06-19T11:27:24","modified_gmt":"2025-06-19T11:27:24","slug":"machine-speral-metalique","status":"publish","type":"product","link":"https:\/\/damejprint.com\/?product=machine-speral-metalique","title":{"rendered":"Machine speral metalique"},"content":{"rendered":"<p>machine speral metalique<\/p>\n<h2><a href=\"https:\/\/ulpressbureau.ma\/categorie-produit\/electronique-de-bureau\/relieuse\/\">Machine spirale<\/a>\u00a0A4 Bright office : Liez jusqu\u2019\u00e0 450 Feuilles &amp; perforez 12 Feuilles \u00e0 la fois<\/h2>\n<p>Machine spirale \u00e0 relier \u00e0 spirale Bright Office 8622<\/p>\n<p>Couleur gris noir, peigne plastique utilisable, 12 feuilles A4 capacit\u00e9 de perforation 80g, capacit\u00e9 de reliure 450 feuilles, 2 trous de perforation diam\u00e8tre 5,5mm, 21 trous carr\u00e9 de taille, une distance des trous 14,3mm,<\/p>\n<p>poids : 3,45Kg<\/p>\n<p>Dimensions (L x L x H) : 385 x 275 x 360mm<\/p>\n","protected":false},"excerpt":{"rendered":"<h2><a href=\"https:\/\/ulpressbureau.ma\/categorie-produit\/electronique-de-bureau\/relieuse\/\">Machine spirale<\/a>\u00a0A4 Bright office : Liez jusqu\u2019\u00e0 450 Feuilles &amp; perforez 12 Feuilles \u00e0 la fois<\/h2>\n<p>Machine spirale \u00e0 relier \u00e0 spirale Bright Office 8622<\/p>\n<p>Couleur gris noir, peigne plastique utilisable, 12 feuilles A4 capacit\u00e9 de perforation 80g, capacit\u00e9 de reliure 450 feuilles, 2 trous de perforation diam\u00e8tre 5,5mm, 21 trous carr\u00e9 de taille, une distance des trous 14,3mm,<\/p>\n<p>poids : 3,45Kg<\/p>\n<p>Dimensions (L x L x H) : 385 x 275 x 360mm<\/p>\n","protected":false},"featured_media":17280,"template":"","meta":[],"product_brand":[],"product_cat":[303],"product_tag":[340,322,326,319,323,324,321,337,327,334,318,339,342,341,331,338,330,335,328,320,325,336,329],"class_list":{"0":"post-17279","1":"product","2":"type-product","3":"status-publish","4":"has-post-thumbnail","6":"product_cat-machines-de-finition","7":"product_tag-bach","8":"product_tag-canon","9":"product_tag-decoup","10":"product_tag-dtf","11":"product_tag-dx7","12":"product_tag-ecosolvant","13":"product_tag-epson","14":"product_tag-flex","15":"product_tag-hp","16":"product_tag-konica-minolta","17":"product_tag-machine","18":"product_tag-massicot","19":"product_tag-mugs-de-sublumation-x2-gratuit","20":"product_tag-perforation","21":"product_tag-plastification","22":"product_tag-presse-a-chaude","23":"product_tag-sublimation-pack","24":"product_tag-teneth","25":"product_tag-traceur","26":"product_tag-uv","27":"product_tag-uv-dtf","28":"product_tag-vinyle","29":"product_tag-xp600","31":"first","32":"instock","33":"sale","34":"shipping-taxable","35":"purchasable","36":"product-type-simple"},"_links":{"self":[{"href":"https:\/\/damejprint.com\/index.php?rest_route=\/wp\/v2\/product\/17279","targetHints":{"allow":["GET"]}}],"collection":[{"href":"https:\/\/damejprint.com\/index.php?rest_route=\/wp\/v2\/product"}],"about":[{"href":"https:\/\/damejprint.com\/index.php?rest_route=\/wp\/v2\/types\/product"}],"wp:featuredmedia":[{"embeddable":true,"href":"https:\/\/damejprint.com\/index.php?rest_route=\/wp\/v2\/media\/17280"}],"wp:attachment":[{"href":"https:\/\/damejprint.com\/index.php?rest_route=%2Fwp%2Fv2%2Fmedia&parent=17279"}],"wp:term":[{"taxonomy":"product_brand","embeddable":true,"href":"https:\/\/damejprint.com\/index.php?rest_route=%2Fwp%2Fv2%2Fproduct_brand&post=17279"},{"taxonomy":"product_cat","embeddable":true,"href":"https:\/\/damejprint.com\/index.php?rest_route=%2Fwp%2Fv2%2Fproduct_cat&post=17279"},{"taxonomy":"product_tag","embeddable":true,"href":"https:\/\/damejprint.com\/index.php?rest_route=%2Fwp%2Fv2%2Fproduct_tag&post=17279"}],"curies":[{"name":"wp","href":"https:\/\/api.w.org\/{rel}","templated":true}]}}