{"id":17247,"date":"2025-05-23T13:37:42","date_gmt":"2025-05-23T13:37:42","guid":{"rendered":"https:\/\/damejprint.com\/?post_type=product&#038;p=17247"},"modified":"2025-05-23T13:45:10","modified_gmt":"2025-05-23T13:45:10","slug":"reservoir-dencre-blanche-pour-imprimante-dtf-copie","status":"publish","type":"product","link":"https:\/\/damejprint.com\/?product=reservoir-dencre-blanche-pour-imprimante-dtf-copie","title":{"rendered":"C\u00e2ble de donn\u00e9es pour imprimante  DX7"},"content":{"rendered":"<p>Le\u00a0<strong>C\u00e2ble de donn\u00e9es pour imprimante DTF InkOne DM4 et DX7 \/ Epson i1600 et i3200<\/strong>\u00a0est la pi\u00e8ce de rechange pour le c\u00e2ble plat de donn\u00e9es, qui se connecte aux t\u00eates d&rsquo;impression des imprimantes avec des t\u00eates Epson i1600 et i3200. Ce remplacement de haute qualit\u00e9 est essentiel pour maintenir des performances optimales dans vos impressions DTF, garantissant une connexion stable et fiable pour des r\u00e9sultats nets et uniformes.<\/p>\n<p><strong>Caract\u00e9ristiques :<\/strong><\/p>\n<ul>\n<li>Transmission de donn\u00e9es stable pour des impressions haute pr\u00e9cision<\/li>\n<li>Fabriqu\u00e9 avec des mat\u00e9riaux durables pour une utilisation prolong\u00e9e<\/li>\n<li>Facile \u00e0 installer et \u00e0 remplacer sans outils sp\u00e9cialis\u00e9s<\/li>\n<li>Id\u00e9al pour assurer le fonctionnement efficace de votre imprimante DTF<\/li>\n<\/ul>\n<p><strong>Compatibilit\u00e9 :<\/strong><\/p>\n<ul>\n<li>Imprimante DTF InkOne DM4<\/li>\n<li>Imprimante DTF InkOne DX7<\/li>\n<li>Imprimante Epson i1600<\/li>\n<li>Imprimante Epson i3200<\/li>\n<\/ul>\n","protected":false},"excerpt":{"rendered":"<p>Le\u00a0<strong>C\u00e2ble de donn\u00e9es pour imprimante DTF InkOne DM4 et DX7 \/ Epson i1600 et i3200<\/strong>\u00a0est la pi\u00e8ce de rechange pour le c\u00e2ble plat de donn\u00e9es, qui se connecte aux t\u00eates d&rsquo;impression des imprimantes avec des t\u00eates Epson i1600 et i3200. Ce remplacement de haute qualit\u00e9 est essentiel pour maintenir des performances optimales dans vos impressions DTF, garantissant une connexion stable et fiable pour des r\u00e9sultats nets et uniformes.<\/p>\n<p><strong>Caract\u00e9ristiques :<\/strong><\/p>\n<ul>\n<li>Transmission de donn\u00e9es stable pour des impressions haute pr\u00e9cision<\/li>\n<li>Fabriqu\u00e9 avec des mat\u00e9riaux durables pour une utilisation prolong\u00e9e<\/li>\n<li>Facile \u00e0 installer et \u00e0 remplacer sans outils sp\u00e9cialis\u00e9s<\/li>\n<li>Id\u00e9al pour assurer le fonctionnement efficace de votre imprimante DTF<\/li>\n<\/ul>\n<p><strong>Compatibilit\u00e9 :<\/strong><\/p>\n<ul>\n<li>Imprimante DTF InkOne DM4<\/li>\n<li>Imprimante DTF InkOne DX7<\/li>\n<li>Imprimante Epson i1600<\/li>\n<li>Imprimante Epson i3200<\/li>\n<\/ul>\n","protected":false},"featured_media":17248,"template":"","meta":[],"product_brand":[],"product_cat":[311],"product_tag":[340,322,326,319,323,324,321,337,327,334,318,339,342,341,331,338,330,335,328,320,325,336,329],"class_list":{"0":"post-17247","1":"product","2":"type-product","3":"status-publish","4":"has-post-thumbnail","6":"product_cat-pieces-de-rechanges","7":"product_tag-bach","8":"product_tag-canon","9":"product_tag-decoup","10":"product_tag-dtf","11":"product_tag-dx7","12":"product_tag-ecosolvant","13":"product_tag-epson","14":"product_tag-flex","15":"product_tag-hp","16":"product_tag-konica-minolta","17":"product_tag-machine","18":"product_tag-massicot","19":"product_tag-mugs-de-sublumation-x2-gratuit","20":"product_tag-perforation","21":"product_tag-plastification","22":"product_tag-presse-a-chaude","23":"product_tag-sublimation-pack","24":"product_tag-teneth","25":"product_tag-traceur","26":"product_tag-uv","27":"product_tag-uv-dtf","28":"product_tag-vinyle","29":"product_tag-xp600","31":"first","32":"instock","33":"sale","34":"shipping-taxable","35":"purchasable","36":"product-type-simple"},"_links":{"self":[{"href":"https:\/\/damejprint.com\/index.php?rest_route=\/wp\/v2\/product\/17247","targetHints":{"allow":["GET"]}}],"collection":[{"href":"https:\/\/damejprint.com\/index.php?rest_route=\/wp\/v2\/product"}],"about":[{"href":"https:\/\/damejprint.com\/index.php?rest_route=\/wp\/v2\/types\/product"}],"wp:featuredmedia":[{"embeddable":true,"href":"https:\/\/damejprint.com\/index.php?rest_route=\/wp\/v2\/media\/17248"}],"wp:attachment":[{"href":"https:\/\/damejprint.com\/index.php?rest_route=%2Fwp%2Fv2%2Fmedia&parent=17247"}],"wp:term":[{"taxonomy":"product_brand","embeddable":true,"href":"https:\/\/damejprint.com\/index.php?rest_route=%2Fwp%2Fv2%2Fproduct_brand&post=17247"},{"taxonomy":"product_cat","embeddable":true,"href":"https:\/\/damejprint.com\/index.php?rest_route=%2Fwp%2Fv2%2Fproduct_cat&post=17247"},{"taxonomy":"product_tag","embeddable":true,"href":"https:\/\/damejprint.com\/index.php?rest_route=%2Fwp%2Fv2%2Fproduct_tag&post=17247"}],"curies":[{"name":"wp","href":"https:\/\/api.w.org\/{rel}","templated":true}]}}