{"id":17245,"date":"2025-05-23T13:35:26","date_gmt":"2025-05-23T13:35:26","guid":{"rendered":"https:\/\/damejprint.com\/?post_type=product&#038;p=17245"},"modified":"2025-05-23T13:37:30","modified_gmt":"2025-05-23T13:37:30","slug":"reservoir-dencre-blanche-pour-imprimante-dtf","status":"publish","type":"product","link":"https:\/\/damejprint.com\/?product=reservoir-dencre-blanche-pour-imprimante-dtf","title":{"rendered":"R\u00e9servoir d&rsquo;encre blanche pour imprimante DTF"},"content":{"rendered":"<p>Le\u00a0<strong>R\u00e9servoir d&rsquo;encre blanche pour imprimante DTF InkOne DX7 (moteur d&rsquo;agitation inclus)<\/strong>\u00a0est une pi\u00e8ce de rechange pour remplacer le r\u00e9servoir d&rsquo;encre blanche avec moteur d&rsquo;agitation de l&rsquo;imprimante. Ce r\u00e9servoir comprend un moteur d&rsquo;agitation qui remue et recircule constamment l&rsquo;encre blanche, emp\u00eachant la formation de s\u00e9diments pouvant obstruer les t\u00eates d&rsquo;impression et affecter la qualit\u00e9 des impressions.<\/p>\n<p><strong>Caract\u00e9ristiques :<\/strong><\/p>\n<ul>\n<li>Con\u00e7u pour l&rsquo;utilisation avec de l&rsquo;encre blanche d&rsquo;impression DTF<\/li>\n<li><strong>Inclut l&rsquo;agitateur d&rsquo;encre<\/strong>\u00a0pour m\u00e9langer et agiter constamment l&rsquo;encre blanche<\/li>\n<li>Capacit\u00e9 de 1 litre pour maintenir un flux d&rsquo;encre continu et \u00e9viter des recharges fr\u00e9quentes<\/li>\n<li>Aide \u00e0 pr\u00e9venir la s\u00e9dimentation et assure un flux d&rsquo;encre continu et homog\u00e8ne<\/li>\n<li>Facile et rapide \u00e0 installer, r\u00e9duisant le temps d&rsquo;arr\u00eat de l&rsquo;imprimante et assurant la continuit\u00e9 du travail<\/li>\n<\/ul>\n","protected":false},"excerpt":{"rendered":"<p>Le\u00a0<strong>R\u00e9servoir d&rsquo;encre blanche pour imprimante DTF InkOne DX7 (moteur d&rsquo;agitation inclus)<\/strong>\u00a0est une pi\u00e8ce de rechange pour remplacer le r\u00e9servoir d&rsquo;encre blanche avec moteur d&rsquo;agitation de l&rsquo;imprimante. Ce r\u00e9servoir comprend un moteur d&rsquo;agitation qui remue et recircule constamment l&rsquo;encre blanche, emp\u00eachant la formation de s\u00e9diments pouvant obstruer les t\u00eates d&rsquo;impression et affecter la qualit\u00e9 des impressions.<\/p>\n<p><strong>Caract\u00e9ristiques :<\/strong><\/p>\n<ul>\n<li>Con\u00e7u pour l&rsquo;utilisation avec de l&rsquo;encre blanche d&rsquo;impression DTF<\/li>\n<li><strong>Inclut l&rsquo;agitateur d&rsquo;encre<\/strong>\u00a0pour m\u00e9langer et agiter constamment l&rsquo;encre blanche<\/li>\n<li>Capacit\u00e9 de 1 litre pour maintenir un flux d&rsquo;encre continu et \u00e9viter des recharges fr\u00e9quentes<\/li>\n<li>Aide \u00e0 pr\u00e9venir la s\u00e9dimentation et assure un flux d&rsquo;encre continu et homog\u00e8ne<\/li>\n<li>Facile et rapide \u00e0 installer, r\u00e9duisant le temps d&rsquo;arr\u00eat de l&rsquo;imprimante et assurant la continuit\u00e9 du travail<\/li>\n<\/ul>\n","protected":false},"featured_media":17246,"template":"","meta":[],"product_brand":[],"product_cat":[311],"product_tag":[340,322,326,319,323,324,321,337,327,334,318,339,342,341,331,338,330,335,328,320,325,336,329],"class_list":{"0":"post-17245","1":"product","2":"type-product","3":"status-publish","4":"has-post-thumbnail","6":"product_cat-pieces-de-rechanges","7":"product_tag-bach","8":"product_tag-canon","9":"product_tag-decoup","10":"product_tag-dtf","11":"product_tag-dx7","12":"product_tag-ecosolvant","13":"product_tag-epson","14":"product_tag-flex","15":"product_tag-hp","16":"product_tag-konica-minolta","17":"product_tag-machine","18":"product_tag-massicot","19":"product_tag-mugs-de-sublumation-x2-gratuit","20":"product_tag-perforation","21":"product_tag-plastification","22":"product_tag-presse-a-chaude","23":"product_tag-sublimation-pack","24":"product_tag-teneth","25":"product_tag-traceur","26":"product_tag-uv","27":"product_tag-uv-dtf","28":"product_tag-vinyle","29":"product_tag-xp600","31":"first","32":"instock","33":"sale","34":"shipping-taxable","35":"purchasable","36":"product-type-simple"},"_links":{"self":[{"href":"https:\/\/damejprint.com\/index.php?rest_route=\/wp\/v2\/product\/17245","targetHints":{"allow":["GET"]}}],"collection":[{"href":"https:\/\/damejprint.com\/index.php?rest_route=\/wp\/v2\/product"}],"about":[{"href":"https:\/\/damejprint.com\/index.php?rest_route=\/wp\/v2\/types\/product"}],"wp:featuredmedia":[{"embeddable":true,"href":"https:\/\/damejprint.com\/index.php?rest_route=\/wp\/v2\/media\/17246"}],"wp:attachment":[{"href":"https:\/\/damejprint.com\/index.php?rest_route=%2Fwp%2Fv2%2Fmedia&parent=17245"}],"wp:term":[{"taxonomy":"product_brand","embeddable":true,"href":"https:\/\/damejprint.com\/index.php?rest_route=%2Fwp%2Fv2%2Fproduct_brand&post=17245"},{"taxonomy":"product_cat","embeddable":true,"href":"https:\/\/damejprint.com\/index.php?rest_route=%2Fwp%2Fv2%2Fproduct_cat&post=17245"},{"taxonomy":"product_tag","embeddable":true,"href":"https:\/\/damejprint.com\/index.php?rest_route=%2Fwp%2Fv2%2Fproduct_tag&post=17245"}],"curies":[{"name":"wp","href":"https:\/\/api.w.org\/{rel}","templated":true}]}}