{"id":17239,"date":"2025-05-22T10:32:10","date_gmt":"2025-05-22T10:32:10","guid":{"rendered":"https:\/\/damejprint.com\/?post_type=product&#038;p=17239"},"modified":"2025-05-22T10:33:42","modified_gmt":"2025-05-22T10:33:42","slug":"cadre-affiche-clic-clac-en-aluminium-format-a3-42x297-cm","status":"publish","type":"product","link":"https:\/\/damejprint.com\/?product=cadre-affiche-clic-clac-en-aluminium-format-a3-42x297-cm","title":{"rendered":"Cadre Affiche Clic Clac en Aluminium &#8211; Format A3 ( 42&#215;29,7 cm )"},"content":{"rendered":"<ul>\n<li>\n<div class=\"elementor-element elementor-element-8f17dc8 wd-single-title text-left elementor-widget elementor-widget-wd_single_product_title\" data-id=\"8f17dc8\" data-element_type=\"widget\" data-widget_type=\"wd_single_product_title.default\">\n<div class=\"elementor-widget-container\">\n<ul>\n<li>Cadre clicclac aluminium avec coin pointu Manutan Expert Cadre largeur : 24.1 cm \u00c9paisseur hors tout : 25 mm Garantie client : 10 ans Hauteur : 32.8 cm Largeur : 24.1 cm Lean Management : oui Mat\u00e9riau : Aluminium Pour format : A3 Support d&rsquo;affichage r\u00e9sistant en aluminium. Facilit\u00e9 d&rsquo;utilisation: le support d&rsquo;affichage s&rsquo;insert et se retire ais\u00e9ment en ouvrant et refermant les &#8230;<\/li>\n<\/ul>\n<\/div>\n<\/div>\n<div class=\"elementor-element elementor-element-c1aea2d wd-single-price text-left elementor-widget elementor-widget-wd_single_product_price\" data-id=\"c1aea2d\" data-element_type=\"widget\" data-widget_type=\"wd_single_product_price.default\">\n<div class=\"elementor-widget-container\"><\/div>\n<\/div>\n<\/li>\n<\/ul>\n","protected":false},"excerpt":{"rendered":"<ul>\n<li style=\"list-style-type: none\">\n<ul>\n<li>\n<div class=\"elementor-element elementor-element-8f17dc8 wd-single-title text-left elementor-widget elementor-widget-wd_single_product_title\" data-id=\"8f17dc8\" data-element_type=\"widget\" data-widget_type=\"wd_single_product_title.default\">\n<div class=\"elementor-widget-container\">\n<ul>\n<li>\n<div class=\"elementor-element elementor-element-8f17dc8 wd-single-title text-left elementor-widget elementor-widget-wd_single_product_title\" data-id=\"8f17dc8\" data-element_type=\"widget\" data-widget_type=\"wd_single_product_title.default\">\n<div class=\"elementor-widget-container\">\n<ul>\n<li>Cadre clicclac aluminium avec coin pointu Manutan Expert Cadre largeur : 24.1 cm \u00c9paisseur hors tout : 25 mm Garantie client : 10 ans Hauteur : 32.8 cm Largeur : 24.1 cm Lean Management : oui Mat\u00e9riau : Aluminium Pour format : A3 Support d&rsquo;affichage r\u00e9sistant en aluminium. Facilit\u00e9 d&rsquo;utilisation: le support d&rsquo;affichage s&rsquo;insert et se retire ais\u00e9ment en ouvrant et refermant les &#8230;<\/li>\n<\/ul>\n<\/div>\n<\/div>\n<div class=\"elementor-element elementor-element-c1aea2d wd-single-price text-left elementor-widget elementor-widget-wd_single_product_price\" data-id=\"c1aea2d\" data-element_type=\"widget\" data-widget_type=\"wd_single_product_price.default\">\n<div class=\"elementor-widget-container\"><\/div>\n<\/div>\n<\/li>\n<\/ul>\n<\/div>\n<\/div>\n<\/li>\n<\/ul>\n<\/li>\n<\/ul>\n","protected":false},"featured_media":17240,"template":"","meta":[],"product_brand":[],"product_cat":[360],"product_tag":[340,322,326,319,323,324,321,337,327,334,318,339,342,341,331,338,330,335,328,320,325,336,329],"class_list":{"0":"post-17239","1":"product","2":"type-product","3":"status-publish","4":"has-post-thumbnail","6":"product_cat-consommable","7":"product_tag-bach","8":"product_tag-canon","9":"product_tag-decoup","10":"product_tag-dtf","11":"product_tag-dx7","12":"product_tag-ecosolvant","13":"product_tag-epson","14":"product_tag-flex","15":"product_tag-hp","16":"product_tag-konica-minolta","17":"product_tag-machine","18":"product_tag-massicot","19":"product_tag-mugs-de-sublumation-x2-gratuit","20":"product_tag-perforation","21":"product_tag-plastification","22":"product_tag-presse-a-chaude","23":"product_tag-sublimation-pack","24":"product_tag-teneth","25":"product_tag-traceur","26":"product_tag-uv","27":"product_tag-uv-dtf","28":"product_tag-vinyle","29":"product_tag-xp600","31":"first","32":"instock","33":"sale","34":"shipping-taxable","35":"purchasable","36":"product-type-simple"},"_links":{"self":[{"href":"https:\/\/damejprint.com\/index.php?rest_route=\/wp\/v2\/product\/17239","targetHints":{"allow":["GET"]}}],"collection":[{"href":"https:\/\/damejprint.com\/index.php?rest_route=\/wp\/v2\/product"}],"about":[{"href":"https:\/\/damejprint.com\/index.php?rest_route=\/wp\/v2\/types\/product"}],"wp:featuredmedia":[{"embeddable":true,"href":"https:\/\/damejprint.com\/index.php?rest_route=\/wp\/v2\/media\/17240"}],"wp:attachment":[{"href":"https:\/\/damejprint.com\/index.php?rest_route=%2Fwp%2Fv2%2Fmedia&parent=17239"}],"wp:term":[{"taxonomy":"product_brand","embeddable":true,"href":"https:\/\/damejprint.com\/index.php?rest_route=%2Fwp%2Fv2%2Fproduct_brand&post=17239"},{"taxonomy":"product_cat","embeddable":true,"href":"https:\/\/damejprint.com\/index.php?rest_route=%2Fwp%2Fv2%2Fproduct_cat&post=17239"},{"taxonomy":"product_tag","embeddable":true,"href":"https:\/\/damejprint.com\/index.php?rest_route=%2Fwp%2Fv2%2Fproduct_tag&post=17239"}],"curies":[{"name":"wp","href":"https:\/\/api.w.org\/{rel}","templated":true}]}}