{"id":17224,"date":"2025-05-13T12:01:23","date_gmt":"2025-05-13T12:01:23","guid":{"rendered":"https:\/\/damejprint.com\/?post_type=product&#038;p=17224"},"modified":"2025-05-13T12:04:40","modified_gmt":"2025-05-13T12:04:40","slug":"roll-up-20085-cm","status":"publish","type":"product","link":"https:\/\/damejprint.com\/?product=roll-up-20085-cm","title":{"rendered":"Roll-up 200*85 cm"},"content":{"rendered":"<p style=\"font-weight: 400\">Le Roll up a pour objectif d\u2019assurer un maximum de visibilit\u00e9 lors des \u00e9v\u00e9nements (showrooms, expositions, lancement de nouveaux produits).<\/p>\n<p style=\"font-weight: 400\">-Facile \u00e0 transporter, r\u00e9utilisable lors des \u00e9v\u00e8nements ou campagnes publicitaires, le roll up reste l\u2019un des indispensables supports de communication.<\/p>\n<p style=\"font-weight: 400\">&#8211; structure en aluminium dans laquelle est enroul\u00e9e une b\u00e2che qui se d\u00e9ploie et se fixe en quelques secondes pour obtenir une toile tendue publicitaire autoportante. Il s\u2019agit du support le plus couramment utilis\u00e9 lors d\u2019\u00e9v\u00e9nements commerciaux.<\/p>\n<p style=\"font-weight: 400\">&#8211; le support id\u00e9al pour vos \u00e9v\u00e9nements ponctuels en int\u00e9rieur tels que des salons, expositions, s\u00e9minaires, foires\u2026 Ce produit vous est propos\u00e9 en format 85X200cm format la plus classique qui vous garantit une communication grand format r\u00e9ussie !<\/p>\n<p style=\"font-weight: 400\">-Ce produit\u00a0\u00a0enrouleur vous permet de communiquer \u00e0 faible co\u00fbt pour une excellente visibilit\u00e9, il\u00a0\u00a0est tr\u00e8s qualitatif et nous vous le conseillons vivement pour votre communication ponctuelle. L\u2019impression quadri en haute d\u00e9finition vous procure un visuel d\u2019excellence qui vous garantit une image tr\u00e8s professionnelle<\/p>\n<p style=\"font-weight: 400\">\n","protected":false},"excerpt":{"rendered":"<ul>\n<li>\n<p style=\"font-weight: 400\">Le Roll up a pour objectif d\u2019assurer un maximum de visibilit\u00e9 lors des \u00e9v\u00e9nements (showrooms, expositions, lancement de nouveaux produits).<\/p>\n<p style=\"font-weight: 400\">-Facile \u00e0 transporter, r\u00e9utilisable lors des \u00e9v\u00e8nements ou campagnes publicitaires, le roll up reste l\u2019un des indispensables supports de communication.<\/p>\n<p style=\"font-weight: 400\">&#8211; structure en aluminium dans laquelle est enroul\u00e9e une b\u00e2che qui se d\u00e9ploie et se fixe en quelques secondes pour obtenir une toile tendue publicitaire autoportante. Il s\u2019agit du support le plus couramment utilis\u00e9 lors d\u2019\u00e9v\u00e9nements commerciaux.<\/p>\n<p style=\"font-weight: 400\">&#8211; le support id\u00e9al pour vos \u00e9v\u00e9nements ponctuels en int\u00e9rieur tels que des salons, expositions, s\u00e9minaires, foires\u2026 Ce produit vous est propos\u00e9 en format 85X200cm format la plus classique qui vous garantit une communication grand format r\u00e9ussie !<\/p>\n<p style=\"font-weight: 400\">-Ce produit\u00a0\u00a0enrouleur vous permet de communiquer \u00e0 faible co\u00fbt pour une excellente visibilit\u00e9, il\u00a0\u00a0est tr\u00e8s qualitatif et nous vous le conseillons vivement pour votre communication ponctuelle. L\u2019impression quadri en haute d\u00e9finition vous procure un visuel d\u2019excellence qui vous garantit une image tr\u00e8s professionnelle<\/p>\n<p style=\"font-weight: 400\">\n<\/li>\n<\/ul>\n","protected":false},"featured_media":17225,"template":"","meta":[],"product_brand":[],"product_cat":[360],"product_tag":[340,322,326,319,323,324,321,337,327,334,318,339,342,341,331,338,330,335,328,320,325,336,329],"class_list":{"0":"post-17224","1":"product","2":"type-product","3":"status-publish","4":"has-post-thumbnail","6":"product_cat-consommable","7":"product_tag-bach","8":"product_tag-canon","9":"product_tag-decoup","10":"product_tag-dtf","11":"product_tag-dx7","12":"product_tag-ecosolvant","13":"product_tag-epson","14":"product_tag-flex","15":"product_tag-hp","16":"product_tag-konica-minolta","17":"product_tag-machine","18":"product_tag-massicot","19":"product_tag-mugs-de-sublumation-x2-gratuit","20":"product_tag-perforation","21":"product_tag-plastification","22":"product_tag-presse-a-chaude","23":"product_tag-sublimation-pack","24":"product_tag-teneth","25":"product_tag-traceur","26":"product_tag-uv","27":"product_tag-uv-dtf","28":"product_tag-vinyle","29":"product_tag-xp600","31":"first","32":"instock","33":"sale","34":"shipping-taxable","35":"purchasable","36":"product-type-simple"},"_links":{"self":[{"href":"https:\/\/damejprint.com\/index.php?rest_route=\/wp\/v2\/product\/17224","targetHints":{"allow":["GET"]}}],"collection":[{"href":"https:\/\/damejprint.com\/index.php?rest_route=\/wp\/v2\/product"}],"about":[{"href":"https:\/\/damejprint.com\/index.php?rest_route=\/wp\/v2\/types\/product"}],"wp:featuredmedia":[{"embeddable":true,"href":"https:\/\/damejprint.com\/index.php?rest_route=\/wp\/v2\/media\/17225"}],"wp:attachment":[{"href":"https:\/\/damejprint.com\/index.php?rest_route=%2Fwp%2Fv2%2Fmedia&parent=17224"}],"wp:term":[{"taxonomy":"product_brand","embeddable":true,"href":"https:\/\/damejprint.com\/index.php?rest_route=%2Fwp%2Fv2%2Fproduct_brand&post=17224"},{"taxonomy":"product_cat","embeddable":true,"href":"https:\/\/damejprint.com\/index.php?rest_route=%2Fwp%2Fv2%2Fproduct_cat&post=17224"},{"taxonomy":"product_tag","embeddable":true,"href":"https:\/\/damejprint.com\/index.php?rest_route=%2Fwp%2Fv2%2Fproduct_tag&post=17224"}],"curies":[{"name":"wp","href":"https:\/\/api.w.org\/{rel}","templated":true}]}}