{"id":17203,"date":"2025-05-06T15:05:42","date_gmt":"2025-05-06T15:05:42","guid":{"rendered":"https:\/\/damejprint.com\/?post_type=product&#038;p=17203"},"modified":"2025-10-06T14:42:00","modified_gmt":"2025-10-06T14:42:00","slug":"feuille-de-protection-en-teflon-100cmx100cm","status":"publish","type":"product","link":"https:\/\/damejprint.com\/?product=feuille-de-protection-en-teflon-100cmx100cm","title":{"rendered":"feuille de protection en teflon 100cmx100cm"},"content":{"rendered":"<ul>\n<li>T\u00e9flon de premi\u00e8re qualit\u00e9<\/li>\n<li>Dimensions:\u00a0<strong>100x100cm<\/strong><\/li>\n<li>id\u00e9ale pour presque toutes les presses<\/li>\n<\/ul>\n","protected":false},"excerpt":{"rendered":"<ul>\n<li>T\u00e9flon de premi\u00e8re qualit\u00e9<\/li>\n<li>Dimensions:\u00a0<strong>100x100cm<\/strong><\/li>\n<li>id\u00e9ale pour presque toutes les presses<\/li>\n<\/ul>\n","protected":false},"featured_media":17204,"template":"","meta":[],"product_brand":[],"product_cat":[360],"product_tag":[340,322,326,319,323,324,321,337,327,334,318,339,342,341,331,338,330,335,328,320,325,336,329],"class_list":{"0":"post-17203","1":"product","2":"type-product","3":"status-publish","4":"has-post-thumbnail","6":"product_cat-consommable","7":"product_tag-bach","8":"product_tag-canon","9":"product_tag-decoup","10":"product_tag-dtf","11":"product_tag-dx7","12":"product_tag-ecosolvant","13":"product_tag-epson","14":"product_tag-flex","15":"product_tag-hp","16":"product_tag-konica-minolta","17":"product_tag-machine","18":"product_tag-massicot","19":"product_tag-mugs-de-sublumation-x2-gratuit","20":"product_tag-perforation","21":"product_tag-plastification","22":"product_tag-presse-a-chaude","23":"product_tag-sublimation-pack","24":"product_tag-teneth","25":"product_tag-traceur","26":"product_tag-uv","27":"product_tag-uv-dtf","28":"product_tag-vinyle","29":"product_tag-xp600","31":"first","32":"instock","33":"sale","34":"shipping-taxable","35":"purchasable","36":"product-type-simple"},"_links":{"self":[{"href":"https:\/\/damejprint.com\/index.php?rest_route=\/wp\/v2\/product\/17203","targetHints":{"allow":["GET"]}}],"collection":[{"href":"https:\/\/damejprint.com\/index.php?rest_route=\/wp\/v2\/product"}],"about":[{"href":"https:\/\/damejprint.com\/index.php?rest_route=\/wp\/v2\/types\/product"}],"wp:featuredmedia":[{"embeddable":true,"href":"https:\/\/damejprint.com\/index.php?rest_route=\/wp\/v2\/media\/17204"}],"wp:attachment":[{"href":"https:\/\/damejprint.com\/index.php?rest_route=%2Fwp%2Fv2%2Fmedia&parent=17203"}],"wp:term":[{"taxonomy":"product_brand","embeddable":true,"href":"https:\/\/damejprint.com\/index.php?rest_route=%2Fwp%2Fv2%2Fproduct_brand&post=17203"},{"taxonomy":"product_cat","embeddable":true,"href":"https:\/\/damejprint.com\/index.php?rest_route=%2Fwp%2Fv2%2Fproduct_cat&post=17203"},{"taxonomy":"product_tag","embeddable":true,"href":"https:\/\/damejprint.com\/index.php?rest_route=%2Fwp%2Fv2%2Fproduct_tag&post=17203"}],"curies":[{"name":"wp","href":"https:\/\/api.w.org\/{rel}","templated":true}]}}