{"id":17179,"date":"2025-04-25T10:43:08","date_gmt":"2025-04-25T10:43:08","guid":{"rendered":"https:\/\/damejprint.com\/?post_type=product&#038;p=17179"},"modified":"2025-04-26T12:03:02","modified_gmt":"2025-04-26T12:03:02","slug":"agrafeuse-manuelle-capacite-de-60-copie","status":"publish","type":"product","link":"https:\/\/damejprint.com\/?product=agrafeuse-manuelle-capacite-de-60-copie","title":{"rendered":"Agrafeuse electrique capacit\u00e9 de 60"},"content":{"rendered":"<h1 id=\"title\" class=\"a-size-large a-spacing-none\"><span id=\"productTitle\" class=\"a-size-large product-title-word-break\">Agrafeuse de bureau \u00e9lectrique, reliure \u00e0 cheval automatique, agrafeuse \u00e0 cheval \u00e0 point plat A3, protection contre les bourrages, machine \u00e0 relier \u00e0 plat et \u00e0 livre ultra-r\u00e9sistante pour imprimeries,<\/span><\/h1>\n","protected":false},"excerpt":{"rendered":"<p>La base de l&rsquo;agrafeuse est faite de moulage sous pression en alliage, qui est solide et durable, avec une taille pr\u00e9cise et une efficacit\u00e9 de liaison \u00e9lev\u00e9e.<\/p>\n","protected":false},"featured_media":17180,"template":"","meta":[],"product_brand":[],"product_cat":[303],"product_tag":[],"class_list":{"0":"post-17179","1":"product","2":"type-product","3":"status-publish","4":"has-post-thumbnail","6":"product_cat-machines-de-finition","8":"first","9":"instock","10":"sale","11":"shipping-taxable","12":"purchasable","13":"product-type-simple"},"_links":{"self":[{"href":"https:\/\/damejprint.com\/index.php?rest_route=\/wp\/v2\/product\/17179","targetHints":{"allow":["GET"]}}],"collection":[{"href":"https:\/\/damejprint.com\/index.php?rest_route=\/wp\/v2\/product"}],"about":[{"href":"https:\/\/damejprint.com\/index.php?rest_route=\/wp\/v2\/types\/product"}],"wp:featuredmedia":[{"embeddable":true,"href":"https:\/\/damejprint.com\/index.php?rest_route=\/wp\/v2\/media\/17180"}],"wp:attachment":[{"href":"https:\/\/damejprint.com\/index.php?rest_route=%2Fwp%2Fv2%2Fmedia&parent=17179"}],"wp:term":[{"taxonomy":"product_brand","embeddable":true,"href":"https:\/\/damejprint.com\/index.php?rest_route=%2Fwp%2Fv2%2Fproduct_brand&post=17179"},{"taxonomy":"product_cat","embeddable":true,"href":"https:\/\/damejprint.com\/index.php?rest_route=%2Fwp%2Fv2%2Fproduct_cat&post=17179"},{"taxonomy":"product_tag","embeddable":true,"href":"https:\/\/damejprint.com\/index.php?rest_route=%2Fwp%2Fv2%2Fproduct_tag&post=17179"}],"curies":[{"name":"wp","href":"https:\/\/api.w.org\/{rel}","templated":true}]}}