{"id":17168,"date":"2025-04-24T13:29:08","date_gmt":"2025-04-24T13:29:08","guid":{"rendered":"https:\/\/damejprint.com\/?post_type=product&#038;p=17168"},"modified":"2025-04-24T13:33:46","modified_gmt":"2025-04-24T13:33:46","slug":"machine-de-presse-a-chaud-pour-stylos","status":"publish","type":"product","link":"https:\/\/damejprint.com\/?product=machine-de-presse-a-chaud-pour-stylos","title":{"rendered":"Machine de presse \u00e0 chaud pour stylos"},"content":{"rendered":"<p style=\"font-weight: 400\"><b><strong>Machine d&rsquo;impression par Sublimation 10en 1, impression par transfert \u00e0 chaud 10 pi\u00e8ces une fois<\/strong><\/b><\/p>\n<p style=\"font-weight: 400\"><b><strong>La presse Stylo est largement utilis\u00e9e pour les types de stylos \u00e0 bille, mais les stylos doivent \u00eatre r\u00e9sistants \u00e0 la chaleur.<\/strong><\/b><\/p>\n<p style=\"font-weight: 400\"><b><strong>\u00a0<\/strong><\/b><\/p>\n<p style=\"font-weight: 400\">\n","protected":false},"excerpt":{"rendered":"<p style=\"font-weight: 400\"><b><strong>\u00a0La surface est antiadh\u00e9sive, emp\u00eache la combustion des transferts.<\/strong><\/b><\/p>\n<p style=\"font-weight: 400\"><b><strong>\u00a0Contr\u00f4leur num\u00e9rique avec alarme automatique.<\/strong><\/b><\/p>\n<p style=\"font-weight: 400\"><b><strong>\u00a0Faites une photo num\u00e9rique, Imprimez une photo sur papier transfert avec<\/strong><\/b><\/p>\n<p style=\"font-weight: 400\"><b><strong>\u00a0Votre imprimante laser LED, R\u00e9glage digital de la temp\u00e9rature, R\u00e9glage de<\/strong><\/b><\/p>\n<p style=\"font-weight: 400\"><b><strong>\u00a0L\u2019heure. Placez le papier de transfert sur les stylos correspondants, votre<\/strong><\/b><\/p>\n<p style=\"font-weight: 400\"><b><strong>\u00a0Cadeau sur mesure est pr\u00eat, Tr\u00e8s simple!<\/strong><\/b><\/p>\n","protected":false},"featured_media":17169,"template":"","meta":[],"product_brand":[],"product_cat":[346],"product_tag":[],"class_list":{"0":"post-17168","1":"product","2":"type-product","3":"status-publish","4":"has-post-thumbnail","6":"product_cat-press-a-chaud","8":"first","9":"instock","10":"sale","11":"shipping-taxable","12":"purchasable","13":"product-type-simple"},"_links":{"self":[{"href":"https:\/\/damejprint.com\/index.php?rest_route=\/wp\/v2\/product\/17168","targetHints":{"allow":["GET"]}}],"collection":[{"href":"https:\/\/damejprint.com\/index.php?rest_route=\/wp\/v2\/product"}],"about":[{"href":"https:\/\/damejprint.com\/index.php?rest_route=\/wp\/v2\/types\/product"}],"wp:featuredmedia":[{"embeddable":true,"href":"https:\/\/damejprint.com\/index.php?rest_route=\/wp\/v2\/media\/17169"}],"wp:attachment":[{"href":"https:\/\/damejprint.com\/index.php?rest_route=%2Fwp%2Fv2%2Fmedia&parent=17168"}],"wp:term":[{"taxonomy":"product_brand","embeddable":true,"href":"https:\/\/damejprint.com\/index.php?rest_route=%2Fwp%2Fv2%2Fproduct_brand&post=17168"},{"taxonomy":"product_cat","embeddable":true,"href":"https:\/\/damejprint.com\/index.php?rest_route=%2Fwp%2Fv2%2Fproduct_cat&post=17168"},{"taxonomy":"product_tag","embeddable":true,"href":"https:\/\/damejprint.com\/index.php?rest_route=%2Fwp%2Fv2%2Fproduct_tag&post=17168"}],"curies":[{"name":"wp","href":"https:\/\/api.w.org\/{rel}","templated":true}]}}