{"id":17159,"date":"2025-04-23T10:53:25","date_gmt":"2025-04-23T10:53:25","guid":{"rendered":"https:\/\/damejprint.com\/?post_type=product&#038;p=17159"},"modified":"2025-11-12T17:19:18","modified_gmt":"2025-11-12T17:19:18","slug":"mini-heat-press-machine-avec-tactile-v2","status":"publish","type":"product","link":"https:\/\/damejprint.com\/?product=mini-heat-press-machine-avec-tactile-v2","title":{"rendered":"Mini Heat Press Machine  Avec Tactile V2"},"content":{"rendered":"<div class=\"col-md-6\">\n<div class=\"product-item\">\n<div id=\"product-ai-feature\">\n<blockquote class=\"product-qoute\"><p>Petit mais puissant : La mini machine de presse \u00e0 chaud est parfaite pour les petits projets, facile \u00e0 utiliser pour les projets HTV et d&rsquo;encre de sublimation.<\/p><\/blockquote>\n<\/div>\n<\/div>\n<\/div>\n<div class=\"col-md-6\">\n<div class=\"single-product-content\">\n<div class=\"head-content\">\n<div class=\"d-flex brand-name w-100 justify-content-between\"><\/div>\n<\/div>\n<\/div>\n<\/div>\n","protected":false},"excerpt":{"rendered":"<ul class=\"product-points\">\n<li>Petit mais puissant : Avec la taille mignonne, la mini presse \u00e0 chaud est tr\u00e8s adapt\u00e9e pour vous de g\u00e9rer quelques petits projets que vous ne voulez pas faire fonctionner la grande presse \u00e0 chaleur. Compar\u00e9e \u00e0 d&rsquo;autres presses \u00e0 fer, notre mini presse \u00e0 chaud est facile \u00e0 utiliser pour les projets HTV petits ou uniques et les projets d&rsquo;encre de sublimation<\/li>\n<li>3 r\u00e9glages de chaleur : La presse thermique HTVRONT dispose de 3 r\u00e9glages de chaleur pour r\u00e9pondre \u00e0 vos demandes de transfert de chaleur toutes diff\u00e9rentes. Basse temp\u00e9rature: 284\u2109(140\u2103), Temp\u00e9rature moyenne: 320\u2109(160\u2103), Temp\u00e9rature maximale : 356\u2109\uff08180\u2103\uff09. Faites glisser le bouton pour r\u00e9aliser la commutation de mode, le contr\u00f4le libre du degr\u00e9 de chauffage pour r\u00e9pondre \u00e0 vos besoins de chauffage de diff\u00e9rents projets<\/li>\n<li>Chauffe rapidement et utilisation s\u00fbre : \u00e9conomisez 20 secondes de temps de chauffage par rapport aux autres marques si vous utilisez la petite presse thermique HTVRONT. S&rsquo;\u00e9chauffe assez rapidement et la poign\u00e9e permet de garder facilement une prise sur la presse \u00e0 chaud afin de ne pas vous br\u00fbler<\/li>\n<li>Ce que vous obtenez : Les machines de presse \u00e0 chaud sont l\u00e9g\u00e8res et faciles \u00e0 transporter, livr\u00e9es avec 1 x base isol\u00e9e, 1 x manuel d&rsquo;utilisation. Ce serait bon pour voyager comme une journ\u00e9e d&rsquo;artisanat ou pour fabriquer des objets en d\u00e9placement (salon de l&rsquo;artisanat, etc.)<\/li>\n<\/ul>\n","protected":false},"featured_media":17160,"template":"","meta":[],"product_brand":[],"product_cat":[364,346],"product_tag":[],"class_list":{"0":"post-17159","1":"product","2":"type-product","3":"status-publish","4":"has-post-thumbnail","6":"product_cat-pack-sublimation-promo","7":"product_cat-press-a-chaud","9":"first","10":"instock","11":"sale","12":"shipping-taxable","13":"purchasable","14":"product-type-simple"},"_links":{"self":[{"href":"https:\/\/damejprint.com\/index.php?rest_route=\/wp\/v2\/product\/17159","targetHints":{"allow":["GET"]}}],"collection":[{"href":"https:\/\/damejprint.com\/index.php?rest_route=\/wp\/v2\/product"}],"about":[{"href":"https:\/\/damejprint.com\/index.php?rest_route=\/wp\/v2\/types\/product"}],"wp:featuredmedia":[{"embeddable":true,"href":"https:\/\/damejprint.com\/index.php?rest_route=\/wp\/v2\/media\/17160"}],"wp:attachment":[{"href":"https:\/\/damejprint.com\/index.php?rest_route=%2Fwp%2Fv2%2Fmedia&parent=17159"}],"wp:term":[{"taxonomy":"product_brand","embeddable":true,"href":"https:\/\/damejprint.com\/index.php?rest_route=%2Fwp%2Fv2%2Fproduct_brand&post=17159"},{"taxonomy":"product_cat","embeddable":true,"href":"https:\/\/damejprint.com\/index.php?rest_route=%2Fwp%2Fv2%2Fproduct_cat&post=17159"},{"taxonomy":"product_tag","embeddable":true,"href":"https:\/\/damejprint.com\/index.php?rest_route=%2Fwp%2Fv2%2Fproduct_tag&post=17159"}],"curies":[{"name":"wp","href":"https:\/\/api.w.org\/{rel}","templated":true}]}}