{"id":17142,"date":"2025-04-22T15:09:40","date_gmt":"2025-04-22T15:09:40","guid":{"rendered":"https:\/\/damejprint.com\/?post_type=product&#038;p=17142"},"modified":"2025-07-24T19:11:20","modified_gmt":"2025-07-24T19:11:20","slug":"presse-a-chaud-portable-freesub-grand","status":"publish","type":"product","link":"https:\/\/damejprint.com\/?product=presse-a-chaud-portable-freesub-grand","title":{"rendered":"Presse \u00e0 Chaud Portable Freesub Grand"},"content":{"rendered":"<p>Freesub-Presse \u00e0 chaud carr\u00e9e P1210, 12&#215;10 pouces, 110-220V, conception d&rsquo;\u00e9cran tactile pour \u00c9conomie, panneaux en aluminium, tapis de souris<\/p>\n","protected":false},"excerpt":{"rendered":"<ul class=\"seo-sellpoints--sellerPoint--RcmFO_y\">\n<li>\n<pre>Conception robuste et portable :   Machine stable de 6kg avec base et mat anti-chaud, id\u00e9al pour les utilisateurs de tous niveaux.<\/pre>\n<\/li>\n<li>\n<pre>Plaque chauffante 12x10 pouces:Taille de plaque optimale verser des projets vari\u00e9s, de T-shirts \u00e0 panneaux d'aluminium.<\/pre>\n<\/li>\n<li>\n<pre>Presse A Chaud Carr\u00e9e|Presse A Chaud Carr\u00e9|\u00c9cran tactile intuitif:Interface tactile pour une gestion facile du temps et de la temp\u00e9rature, verser des impressions parfaites.<\/pre>\n<\/li>\n<li>\n<pre>Pression de haute fr\u00e9quence:Une pression puissante pour des impressions nettes et d\u00e9taill\u00e9es sur une multitude de surfaces.<\/pre>\n<\/li>\n<li>\n<pre data-spm-anchor-id=\"a2g0o.detail.0.i5.467akdsrkdsrJ4\">Temp\u00e9rature r\u00e9glable de 140 \u00e0 410\u00b0F:Une gamme de temp\u00e9rature large pour une compatibilit\u00e9 avec divers mat\u00e9riaux et techniques de sublimation.<\/pre>\n<\/li>\n<\/ul>\n","protected":false},"featured_media":17143,"template":"","meta":[],"product_brand":[],"product_cat":[346],"product_tag":[],"class_list":{"0":"post-17142","1":"product","2":"type-product","3":"status-publish","4":"has-post-thumbnail","6":"product_cat-press-a-chaud","8":"first","9":"instock","10":"sale","11":"shipping-taxable","12":"purchasable","13":"product-type-simple"},"_links":{"self":[{"href":"https:\/\/damejprint.com\/index.php?rest_route=\/wp\/v2\/product\/17142","targetHints":{"allow":["GET"]}}],"collection":[{"href":"https:\/\/damejprint.com\/index.php?rest_route=\/wp\/v2\/product"}],"about":[{"href":"https:\/\/damejprint.com\/index.php?rest_route=\/wp\/v2\/types\/product"}],"wp:featuredmedia":[{"embeddable":true,"href":"https:\/\/damejprint.com\/index.php?rest_route=\/wp\/v2\/media\/17143"}],"wp:attachment":[{"href":"https:\/\/damejprint.com\/index.php?rest_route=%2Fwp%2Fv2%2Fmedia&parent=17142"}],"wp:term":[{"taxonomy":"product_brand","embeddable":true,"href":"https:\/\/damejprint.com\/index.php?rest_route=%2Fwp%2Fv2%2Fproduct_brand&post=17142"},{"taxonomy":"product_cat","embeddable":true,"href":"https:\/\/damejprint.com\/index.php?rest_route=%2Fwp%2Fv2%2Fproduct_cat&post=17142"},{"taxonomy":"product_tag","embeddable":true,"href":"https:\/\/damejprint.com\/index.php?rest_route=%2Fwp%2Fv2%2Fproduct_tag&post=17142"}],"curies":[{"name":"wp","href":"https:\/\/api.w.org\/{rel}","templated":true}]}}