{"id":17134,"date":"2025-04-21T10:24:38","date_gmt":"2025-04-21T10:24:38","guid":{"rendered":"https:\/\/damejprint.com\/?post_type=product&#038;p=17134"},"modified":"2025-04-22T15:33:05","modified_gmt":"2025-04-22T15:33:05","slug":"marbre-de-sublimation-carre-13cm-copie","status":"publish","type":"product","link":"https:\/\/damejprint.com\/?product=marbre-de-sublimation-carre-13cm-copie","title":{"rendered":"Bo\u00eete de contr\u00f4le de presse \u00e0 chaleur"},"content":{"rendered":"<h1 id=\"title\" class=\"a-size-large a-spacing-none\"><span id=\"productTitle\" class=\"a-size-large product-title-word-break\">BEAMNOVA Bo\u00eete de contr\u00f4le de presse \u00e0 chaleur 110 V 1400 W Pi\u00e8ces de rechange pour machine de presse sensible \u00e0 la chaleur de 38,1 x 38,1 cm, contr\u00f4leur de temp\u00e9rature num\u00e9rique de 17,8 \u00e0 250 \u00b0C<\/span><\/h1>\n","protected":false},"excerpt":{"rendered":"<ul class=\"a-unordered-list a-vertical a-spacing-mini\">\n<li class=\"a-spacing-mini\"><span class=\"a-list-item\">Conseil important : comment choisir le type de bo\u00eetier de contr\u00f4le ? R : V\u00e9rifiez le bo\u00eetier de contr\u00f4le transport\u00e9 par la machine d&rsquo;origine. Si le bo\u00eetier de commande d&rsquo;origine de la machine a un bouton plus grand avec le mot FUSE sur le c\u00f4t\u00e9, choisissez le type K ; s&rsquo;il a un bouton plus petit, choisissez le type thermique. Veuillez regarder les images pour plus de d\u00e9tails. Si vous ne pouvez pas identifier le type de machine, veuillez prendre une photo et contacter.<\/span><\/li>\n<li class=\"a-spacing-mini\"><span class=\"a-list-item\">Puce am\u00e9lior\u00e9e : la bo\u00eete de rechange num\u00e9rique BEAMNOVA adopte une nouvelle g\u00e9n\u00e9ration de circuit imprim\u00e9 et de puce am\u00e9lior\u00e9s, qui fournit une alimentation plus stable pour r\u00e9soudre le probl\u00e8me de tension instable et de paralysie du circuit imprim\u00e9.<\/span><\/li>\n<li class=\"a-spacing-mini\"><span class=\"a-list-item\">Largement compatible : le bo\u00eetier de contr\u00f4leur de temp\u00e9rature et de temps num\u00e9rique BEAMNOVA est compatible avec la plupart des machines de presse \u00e0 chaud 5 en 1 ou 8 en 1, qui est livr\u00e9 avec un bo\u00eetier de contr\u00f4leur original \u00e0 double affichage LED ; plus petit que 38,1 x 38,1 cm. Veuillez v\u00e9rifier si elle est adapt\u00e9e \u00e0 votre machine avant de commander. Seule la bo\u00eete est incluse. Ne vient pas avec la presse \u00e0 chaud.<\/span><\/li>\n<li class=\"a-spacing-mini\"><span class=\"a-list-item\">R\u00e9glage du temps et de la temp\u00e9rature : plage de r\u00e9glage de l&rsquo;heure : 0 \u00e0 999 secondes. Plage de temp\u00e9rature : 0 \u00e0 250 \u00b0C. Lib\u00e9rez vos mains avec les fonctions de r\u00e9glage de l&rsquo;heure. Il est recommand\u00e9 de r\u00e9gler la temp\u00e9rature en dessous de 392 degr\u00e9s F pour am\u00e9liorer la dur\u00e9e de vie.<\/span><\/li>\n<\/ul>\n","protected":false},"featured_media":17135,"template":"","meta":[],"product_brand":[],"product_cat":[360],"product_tag":[],"class_list":{"0":"post-17134","1":"product","2":"type-product","3":"status-publish","4":"has-post-thumbnail","6":"product_cat-consommable","8":"first","9":"instock","10":"sale","11":"shipping-taxable","12":"purchasable","13":"product-type-simple"},"_links":{"self":[{"href":"https:\/\/damejprint.com\/index.php?rest_route=\/wp\/v2\/product\/17134","targetHints":{"allow":["GET"]}}],"collection":[{"href":"https:\/\/damejprint.com\/index.php?rest_route=\/wp\/v2\/product"}],"about":[{"href":"https:\/\/damejprint.com\/index.php?rest_route=\/wp\/v2\/types\/product"}],"wp:featuredmedia":[{"embeddable":true,"href":"https:\/\/damejprint.com\/index.php?rest_route=\/wp\/v2\/media\/17135"}],"wp:attachment":[{"href":"https:\/\/damejprint.com\/index.php?rest_route=%2Fwp%2Fv2%2Fmedia&parent=17134"}],"wp:term":[{"taxonomy":"product_brand","embeddable":true,"href":"https:\/\/damejprint.com\/index.php?rest_route=%2Fwp%2Fv2%2Fproduct_brand&post=17134"},{"taxonomy":"product_cat","embeddable":true,"href":"https:\/\/damejprint.com\/index.php?rest_route=%2Fwp%2Fv2%2Fproduct_cat&post=17134"},{"taxonomy":"product_tag","embeddable":true,"href":"https:\/\/damejprint.com\/index.php?rest_route=%2Fwp%2Fv2%2Fproduct_tag&post=17134"}],"curies":[{"name":"wp","href":"https:\/\/api.w.org\/{rel}","templated":true}]}}