{"id":17117,"date":"2025-03-24T22:47:51","date_gmt":"2025-03-24T22:47:51","guid":{"rendered":"https:\/\/damejprint.com\/?post_type=product&#038;p=17117"},"modified":"2025-03-24T22:52:34","modified_gmt":"2025-03-24T22:52:34","slug":"mug-sublimation-degrade","status":"publish","type":"product","link":"https:\/\/damejprint.com\/?product=mug-sublimation-degrade","title":{"rendered":"Mug Sublimation \u2013 D\u00e9grad\u00e9"},"content":{"rendered":"<p class=\"\" data-start=\"157\" data-end=\"438\">Faites le plein de bonne humeur avec notre mug sublimation au magnifique d\u00e9grad\u00e9 jaune. Inspir\u00e9 par la lumi\u00e8re du soleil et l\u2019\u00e9nergie positive, ce mug \u00e9gaye instantan\u00e9ment vos pauses caf\u00e9 ou th\u00e9. Son design chaleureux et lumineux en fait un accessoire aussi pratique qu\u2019esth\u00e9tique.<\/p>\n<p class=\"\" data-start=\"440\" data-end=\"574\">R\u00e9alis\u00e9 en c\u00e9ramique de haute qualit\u00e9, il est sublim\u00e9 avec des encres r\u00e9sistantes qui conservent tout leur \u00e9clat, lavage apr\u00e8s lavage.<\/p>\n","protected":false},"excerpt":{"rendered":"<ul>\n<li class=\"\" data-start=\"567\" data-end=\"594\">\n<ul>\n<li class=\"\" data-start=\"567\" data-end=\"594\">\n<ul>\n<li class=\"\" data-start=\"584\" data-end=\"613\">\n<ul>\n<li class=\"\" data-start=\"797\" data-end=\"818\">\n<ul>\n<li class=\"\" data-start=\"747\" data-end=\"768\">\n<ul>\n<li class=\"\" data-start=\"720\" data-end=\"741\">\n<ul>\n<li class=\"\" data-start=\"626\" data-end=\"647\">\n<ul>\n<li class=\"\" data-start=\"601\" data-end=\"622\">\n<p class=\"\" data-start=\"603\" data-end=\"622\">Capacit\u00e9 : 330 ml<\/p>\n<\/li>\n<li class=\"\" data-start=\"623\" data-end=\"658\">\n<p class=\"\" data-start=\"625\" data-end=\"658\">Mat\u00e9riau : C\u00e9ramique r\u00e9sistante<\/p>\n<\/li>\n<li class=\"\" data-start=\"659\" data-end=\"706\">\n<p class=\"\" data-start=\"661\" data-end=\"706\">Impression par sublimation haute d\u00e9finition<\/p>\n<\/li>\n<li class=\"\" data-start=\"707\" data-end=\"751\">\n<p class=\"\" data-start=\"709\" data-end=\"751\">Compatible micro-ondes et lave-vaisselle<\/p>\n<\/li>\n<li class=\"\" data-start=\"752\" data-end=\"797\">\n<p class=\"\" data-start=\"754\" data-end=\"797\">Design : D\u00e9grad\u00e9 jaune \u00e9clatant et joyeux<\/p>\n<\/li>\n<\/ul>\n<\/li>\n<\/ul>\n<\/li>\n<\/ul>\n<\/li>\n<\/ul>\n<\/li>\n<\/ul>\n<\/li>\n<\/ul>\n<\/li>\n<\/ul>\n<\/li>\n<\/ul>\n","protected":false},"featured_media":17118,"template":"","meta":[],"product_brand":[],"product_cat":[357],"product_tag":[],"class_list":{"0":"post-17117","1":"product","2":"type-product","3":"status-publish","4":"has-post-thumbnail","6":"product_cat-mug-sublimation","8":"first","9":"instock","10":"sale","11":"shipping-taxable","12":"purchasable","13":"product-type-simple"},"_links":{"self":[{"href":"https:\/\/damejprint.com\/index.php?rest_route=\/wp\/v2\/product\/17117","targetHints":{"allow":["GET"]}}],"collection":[{"href":"https:\/\/damejprint.com\/index.php?rest_route=\/wp\/v2\/product"}],"about":[{"href":"https:\/\/damejprint.com\/index.php?rest_route=\/wp\/v2\/types\/product"}],"wp:featuredmedia":[{"embeddable":true,"href":"https:\/\/damejprint.com\/index.php?rest_route=\/wp\/v2\/media\/17118"}],"wp:attachment":[{"href":"https:\/\/damejprint.com\/index.php?rest_route=%2Fwp%2Fv2%2Fmedia&parent=17117"}],"wp:term":[{"taxonomy":"product_brand","embeddable":true,"href":"https:\/\/damejprint.com\/index.php?rest_route=%2Fwp%2Fv2%2Fproduct_brand&post=17117"},{"taxonomy":"product_cat","embeddable":true,"href":"https:\/\/damejprint.com\/index.php?rest_route=%2Fwp%2Fv2%2Fproduct_cat&post=17117"},{"taxonomy":"product_tag","embeddable":true,"href":"https:\/\/damejprint.com\/index.php?rest_route=%2Fwp%2Fv2%2Fproduct_tag&post=17117"}],"curies":[{"name":"wp","href":"https:\/\/api.w.org\/{rel}","templated":true}]}}