{"id":17115,"date":"2025-03-24T22:41:57","date_gmt":"2025-03-24T22:41:57","guid":{"rendered":"https:\/\/damejprint.com\/?post_type=product&#038;p=17115"},"modified":"2025-03-24T22:42:38","modified_gmt":"2025-03-24T22:42:38","slug":"mug-sublimation-degrade-violet","status":"publish","type":"product","link":"https:\/\/damejprint.com\/?product=mug-sublimation-degrade-violet","title":{"rendered":"Mug Sublimation \u2013 D\u00e9grad\u00e9 Violet"},"content":{"rendered":"<p class=\"\" data-start=\"167\" data-end=\"450\">Laissez-vous s\u00e9duire par le charme envo\u00fbtant de notre mug sublimation au d\u00e9grad\u00e9 violet. Ce mug allie raffinement et originalit\u00e9 avec un d\u00e9grad\u00e9 de teintes violettes \u00e9voquant la cr\u00e9ativit\u00e9, la douceur et le myst\u00e8re. Id\u00e9al pour vos boissons chaudes, que ce soit le matin ou en soir\u00e9e.<\/p>\n<p class=\"\" data-start=\"452\" data-end=\"599\">Con\u00e7u en c\u00e9ramique de haute qualit\u00e9 et sublim\u00e9 avec soin, il offre des couleurs intenses et durables qui r\u00e9sistent au temps et aux lavages r\u00e9p\u00e9t\u00e9s.<\/p>\n","protected":false},"excerpt":{"rendered":"<ul>\n<li class=\"\" data-start=\"567\" data-end=\"594\">\n<ul>\n<li class=\"\" data-start=\"567\" data-end=\"594\">\n<ul>\n<li class=\"\" data-start=\"584\" data-end=\"613\">\n<ul>\n<li class=\"\" data-start=\"797\" data-end=\"818\">\n<ul>\n<li class=\"\" data-start=\"747\" data-end=\"768\">\n<ul>\n<li class=\"\" data-start=\"720\" data-end=\"741\">\n<ul>\n<li class=\"\" data-start=\"626\" data-end=\"647\">\n<p class=\"\" data-start=\"628\" data-end=\"647\">Capacit\u00e9 : 330 ml<\/p>\n<\/li>\n<li class=\"\" data-start=\"648\" data-end=\"680\">\n<p class=\"\" data-start=\"650\" data-end=\"680\">Mat\u00e9riau : C\u00e9ramique premium<\/p>\n<\/li>\n<li class=\"\" data-start=\"681\" data-end=\"728\">\n<p class=\"\" data-start=\"683\" data-end=\"728\">Impression par sublimation haute d\u00e9finition<\/p>\n<\/li>\n<li class=\"\" data-start=\"729\" data-end=\"776\">\n<p class=\"\" data-start=\"731\" data-end=\"776\">Utilisable au micro-ondes et lave-vaisselle<\/p>\n<\/li>\n<li class=\"\" data-start=\"777\" data-end=\"824\">\n<p class=\"\" data-start=\"779\" data-end=\"824\">Design : D\u00e9grad\u00e9 violet \u00e9l\u00e9gant et apaisant<\/p>\n<\/li>\n<\/ul>\n<\/li>\n<\/ul>\n<\/li>\n<\/ul>\n<\/li>\n<\/ul>\n<\/li>\n<\/ul>\n<\/li>\n<\/ul>\n<\/li>\n<\/ul>\n","protected":false},"featured_media":17116,"template":"","meta":[],"product_brand":[],"product_cat":[357],"product_tag":[],"class_list":{"0":"post-17115","1":"product","2":"type-product","3":"status-publish","4":"has-post-thumbnail","6":"product_cat-mug-sublimation","8":"first","9":"instock","10":"sale","11":"shipping-taxable","12":"purchasable","13":"product-type-simple"},"_links":{"self":[{"href":"https:\/\/damejprint.com\/index.php?rest_route=\/wp\/v2\/product\/17115","targetHints":{"allow":["GET"]}}],"collection":[{"href":"https:\/\/damejprint.com\/index.php?rest_route=\/wp\/v2\/product"}],"about":[{"href":"https:\/\/damejprint.com\/index.php?rest_route=\/wp\/v2\/types\/product"}],"wp:featuredmedia":[{"embeddable":true,"href":"https:\/\/damejprint.com\/index.php?rest_route=\/wp\/v2\/media\/17116"}],"wp:attachment":[{"href":"https:\/\/damejprint.com\/index.php?rest_route=%2Fwp%2Fv2%2Fmedia&parent=17115"}],"wp:term":[{"taxonomy":"product_brand","embeddable":true,"href":"https:\/\/damejprint.com\/index.php?rest_route=%2Fwp%2Fv2%2Fproduct_brand&post=17115"},{"taxonomy":"product_cat","embeddable":true,"href":"https:\/\/damejprint.com\/index.php?rest_route=%2Fwp%2Fv2%2Fproduct_cat&post=17115"},{"taxonomy":"product_tag","embeddable":true,"href":"https:\/\/damejprint.com\/index.php?rest_route=%2Fwp%2Fv2%2Fproduct_tag&post=17115"}],"curies":[{"name":"wp","href":"https:\/\/api.w.org\/{rel}","templated":true}]}}