{"id":17089,"date":"2025-03-14T15:39:52","date_gmt":"2025-03-14T15:39:52","guid":{"rendered":"https:\/\/damejprint.com\/?post_type=product&#038;p=17089"},"modified":"2025-03-14T15:43:52","modified_gmt":"2025-03-14T15:43:52","slug":"machine-de-serigraphie-1-couleur-precision-et-efficacite","status":"publish","type":"product","link":"https:\/\/damejprint.com\/?product=machine-de-serigraphie-1-couleur-precision-et-efficacite","title":{"rendered":"Machine de S\u00e9rigraphie 1 Couleur \u2013 Pr\u00e9cision et Efficacit\u00e9"},"content":{"rendered":"<p data-start=\"32\" data-end=\"293\">Am\u00e9liorez vos impressions avec notre <strong data-start=\"103\" data-end=\"139\">machine de s\u00e9rigraphie 1 couleur<\/strong>, sp\u00e9cialement con\u00e7ue pour offrir des r\u00e9sultats <strong data-start=\"187\" data-end=\"215\">pr\u00e9cis et professionnels<\/strong>. Id\u00e9ale pour les impressions sur textile, papier et autres supports, elle permet une application uniforme de l\u2019encre tout en restant facile \u00e0 utiliser, m\u00eame pour les d\u00e9butants.<\/p>\n","protected":false},"excerpt":{"rendered":"<p>\u2705 <strong data-start=\"398\" data-end=\"462\">Syst\u00e8me \u00e0 1 couleur pour des impressions nettes et uniformes<\/strong><br data-start=\"462\" data-end=\"465\" \/>\u2705 <strong data-start=\"467\" data-end=\"527\">Structure robuste et stable pour une longue dur\u00e9e de vie<\/strong><br data-start=\"527\" data-end=\"530\" \/>\u2705 <strong data-start=\"532\" data-end=\"607\">Facile \u00e0 r\u00e9gler et \u00e0 utiliser pour des impressions rapides et efficaces<\/strong><\/p>\n","protected":false},"featured_media":17090,"template":"","meta":[],"product_brand":[],"product_cat":[360],"product_tag":[],"class_list":{"0":"post-17089","1":"product","2":"type-product","3":"status-publish","4":"has-post-thumbnail","6":"product_cat-consommable","8":"first","9":"instock","10":"sale","11":"shipping-taxable","12":"purchasable","13":"product-type-simple"},"_links":{"self":[{"href":"https:\/\/damejprint.com\/index.php?rest_route=\/wp\/v2\/product\/17089","targetHints":{"allow":["GET"]}}],"collection":[{"href":"https:\/\/damejprint.com\/index.php?rest_route=\/wp\/v2\/product"}],"about":[{"href":"https:\/\/damejprint.com\/index.php?rest_route=\/wp\/v2\/types\/product"}],"wp:featuredmedia":[{"embeddable":true,"href":"https:\/\/damejprint.com\/index.php?rest_route=\/wp\/v2\/media\/17090"}],"wp:attachment":[{"href":"https:\/\/damejprint.com\/index.php?rest_route=%2Fwp%2Fv2%2Fmedia&parent=17089"}],"wp:term":[{"taxonomy":"product_brand","embeddable":true,"href":"https:\/\/damejprint.com\/index.php?rest_route=%2Fwp%2Fv2%2Fproduct_brand&post=17089"},{"taxonomy":"product_cat","embeddable":true,"href":"https:\/\/damejprint.com\/index.php?rest_route=%2Fwp%2Fv2%2Fproduct_cat&post=17089"},{"taxonomy":"product_tag","embeddable":true,"href":"https:\/\/damejprint.com\/index.php?rest_route=%2Fwp%2Fv2%2Fproduct_tag&post=17089"}],"curies":[{"name":"wp","href":"https:\/\/api.w.org\/{rel}","templated":true}]}}