{"id":17069,"date":"2025-03-07T10:20:11","date_gmt":"2025-03-07T10:20:11","guid":{"rendered":"https:\/\/damejprint.com\/?post_type=product&#038;p=17069"},"modified":"2025-03-07T10:21:58","modified_gmt":"2025-03-07T10:21:58","slug":"kitteur-professionnel-outil-de-qualite-pour-un-resultat-parfait","status":"publish","type":"product","link":"https:\/\/damejprint.com\/?product=kitteur-professionnel-outil-de-qualite-pour-un-resultat-parfait","title":{"rendered":"Kitteur Professionnel \u2013 Outil de Qualit\u00e9 pour un R\u00e9sultat Parfait"},"content":{"rendered":"<p>Facilitez vos travaux avec notre <strong data-start=\"106\" data-end=\"131\">kitteur professionnel<\/strong>, con\u00e7u pour appliquer, lisser et \u00e9taler divers mat\u00e9riaux comme le mastic, la colle ou le silicone. Ergonomique et robuste, il garantit une finition propre et pr\u00e9cise, id\u00e9ale pour les professionnels et les bricoleurs exigeants.<\/p>\n","protected":false},"excerpt":{"rendered":"<p>\u2714 <strong data-start=\"393\" data-end=\"422\">Mat\u00e9riau de haute qualit\u00e9<\/strong> : R\u00e9sistant et durable pour une longue utilisation.<br data-start=\"474\" data-end=\"477\" \/>\u2714 <strong data-start=\"479\" data-end=\"501\">Design ergonomique<\/strong> : Prise en main confortable pour un travail pr\u00e9cis.<br data-start=\"553\" data-end=\"556\" data-is-only-node=\"\" \/>\u2714 <strong data-start=\"558\" data-end=\"572\">Polyvalent<\/strong> : Adapt\u00e9 aux travaux de construction, r\u00e9novation et finition.<br data-start=\"634\" data-end=\"637\" \/>\u2714 <strong data-start=\"639\" data-end=\"660\">Facile \u00e0 nettoyer<\/strong> : R\u00e9utilisable et simple d\u2019entretien.<\/p>\n","protected":false},"featured_media":17070,"template":"","meta":[],"product_brand":[],"product_cat":[360],"product_tag":[],"class_list":{"0":"post-17069","1":"product","2":"type-product","3":"status-publish","4":"has-post-thumbnail","6":"product_cat-consommable","8":"first","9":"instock","10":"sale","11":"shipping-taxable","12":"purchasable","13":"product-type-simple"},"_links":{"self":[{"href":"https:\/\/damejprint.com\/index.php?rest_route=\/wp\/v2\/product\/17069","targetHints":{"allow":["GET"]}}],"collection":[{"href":"https:\/\/damejprint.com\/index.php?rest_route=\/wp\/v2\/product"}],"about":[{"href":"https:\/\/damejprint.com\/index.php?rest_route=\/wp\/v2\/types\/product"}],"wp:featuredmedia":[{"embeddable":true,"href":"https:\/\/damejprint.com\/index.php?rest_route=\/wp\/v2\/media\/17070"}],"wp:attachment":[{"href":"https:\/\/damejprint.com\/index.php?rest_route=%2Fwp%2Fv2%2Fmedia&parent=17069"}],"wp:term":[{"taxonomy":"product_brand","embeddable":true,"href":"https:\/\/damejprint.com\/index.php?rest_route=%2Fwp%2Fv2%2Fproduct_brand&post=17069"},{"taxonomy":"product_cat","embeddable":true,"href":"https:\/\/damejprint.com\/index.php?rest_route=%2Fwp%2Fv2%2Fproduct_cat&post=17069"},{"taxonomy":"product_tag","embeddable":true,"href":"https:\/\/damejprint.com\/index.php?rest_route=%2Fwp%2Fv2%2Fproduct_tag&post=17069"}],"curies":[{"name":"wp","href":"https:\/\/api.w.org\/{rel}","templated":true}]}}