{"id":17065,"date":"2025-03-07T10:17:58","date_gmt":"2025-03-07T10:17:58","guid":{"rendered":"https:\/\/damejprint.com\/?post_type=product&#038;p=17065"},"modified":"2025-03-07T10:19:09","modified_gmt":"2025-03-07T10:19:09","slug":"pack-de-1000-outils-pour-bache-resistants-et-pratiques","status":"publish","type":"product","link":"https:\/\/damejprint.com\/?product=pack-de-1000-outils-pour-bache-resistants-et-pratiques","title":{"rendered":"Pack de 1000 Outils pour B\u00e2che \u2013 R\u00e9sistants et Pratiques"},"content":{"rendered":"<p>Optimisez l&rsquo;installation de vos b\u00e2ches avec notre <strong data-start=\"114\" data-end=\"174\">pack de 1000 outils sp\u00e9cialement con\u00e7us pour la fixation<\/strong>. Robustes et faciles \u00e0 utiliser, ces accessoires garantissent une fixation solide et durable pour tous types de b\u00e2ches.<\/p>\n","protected":false},"excerpt":{"rendered":"<p>\u2714 <strong data-start=\"329\" data-end=\"359\">Mat\u00e9riaux de haute qualit\u00e9<\/strong> : R\u00e9sistants aux intemp\u00e9ries et \u00e0 l&rsquo;usure.<br data-start=\"402\" data-end=\"405\" \/>\u2714 <strong data-start=\"407\" data-end=\"426\">Pack \u00e9conomique<\/strong> : 1000 pi\u00e8ces pour un usage intensif.<br data-start=\"464\" data-end=\"467\" data-is-only-node=\"\" \/>\u2714 <strong data-start=\"469\" data-end=\"491\">Facile \u00e0 installer<\/strong> : Assure une fixation rapide et efficace.<br data-start=\"533\" data-end=\"536\" \/>\u2714 <strong data-start=\"538\" data-end=\"553\">Polyvalence<\/strong> : Convient aux b\u00e2ches de protection, publicitaires, agricoles, etc.<\/p>\n","protected":false},"featured_media":17066,"template":"","meta":[],"product_brand":[],"product_cat":[360],"product_tag":[],"class_list":{"0":"post-17065","1":"product","2":"type-product","3":"status-publish","4":"has-post-thumbnail","6":"product_cat-consommable","8":"first","9":"instock","10":"sale","11":"shipping-taxable","12":"purchasable","13":"product-type-simple"},"_links":{"self":[{"href":"https:\/\/damejprint.com\/index.php?rest_route=\/wp\/v2\/product\/17065","targetHints":{"allow":["GET"]}}],"collection":[{"href":"https:\/\/damejprint.com\/index.php?rest_route=\/wp\/v2\/product"}],"about":[{"href":"https:\/\/damejprint.com\/index.php?rest_route=\/wp\/v2\/types\/product"}],"wp:featuredmedia":[{"embeddable":true,"href":"https:\/\/damejprint.com\/index.php?rest_route=\/wp\/v2\/media\/17066"}],"wp:attachment":[{"href":"https:\/\/damejprint.com\/index.php?rest_route=%2Fwp%2Fv2%2Fmedia&parent=17065"}],"wp:term":[{"taxonomy":"product_brand","embeddable":true,"href":"https:\/\/damejprint.com\/index.php?rest_route=%2Fwp%2Fv2%2Fproduct_brand&post=17065"},{"taxonomy":"product_cat","embeddable":true,"href":"https:\/\/damejprint.com\/index.php?rest_route=%2Fwp%2Fv2%2Fproduct_cat&post=17065"},{"taxonomy":"product_tag","embeddable":true,"href":"https:\/\/damejprint.com\/index.php?rest_route=%2Fwp%2Fv2%2Fproduct_tag&post=17065"}],"curies":[{"name":"wp","href":"https:\/\/api.w.org\/{rel}","templated":true}]}}