{"id":17035,"date":"2025-03-01T14:45:24","date_gmt":"2025-03-01T14:45:24","guid":{"rendered":"https:\/\/damejprint.com\/?post_type=product&#038;p=17035"},"modified":"2026-03-10T13:32:59","modified_gmt":"2026-03-10T13:32:59","slug":"spirales-metalliques-x6-reliure-solide-et-professionnelle","status":"publish","type":"product","link":"https:\/\/damejprint.com\/?product=spirales-metalliques-x6-reliure-solide-et-professionnelle","title":{"rendered":"R\u00e8gle M\u00e9tallique 60 cm &#8211; Pr\u00e9cision et Robustesse"},"content":{"rendered":"<p>Obtenez des mesures pr\u00e9cises avec notre <strong data-start=\"96\" data-end=\"125\">r\u00e8gle m\u00e9tallique de 60 cm<\/strong>, un outil indispensable pour les professionnels et les amateurs de bricolage, dessin technique et couture. Fabriqu\u00e9e en aluminium robuste, elle assure une longue dur\u00e9e de vie et une utilisation confortable.<\/p>\n","protected":false},"excerpt":{"rendered":"<p>\u2705 <strong data-start=\"338\" data-end=\"360\">Mat\u00e9riau r\u00e9sistant<\/strong> pour une durabilit\u00e9 optimale<br data-start=\"389\" data-end=\"392\" \/>\u2705 <strong data-start=\"394\" data-end=\"416\" data-is-only-node=\"\">Graduation pr\u00e9cise<\/strong> en centim\u00e8tres et millim\u00e8tres<br data-start=\"446\" data-end=\"449\" \/>\u2705 <strong data-start=\"451\" data-end=\"477\">Surface anti-d\u00e9rapante<\/strong> pour une meilleure stabilit\u00e9<br data-start=\"506\" data-end=\"509\" \/>\u2705 <strong data-start=\"511\" data-end=\"558\">Id\u00e9ale pour le bureau, l&rsquo;atelier et l&rsquo;\u00e9cole<\/strong><\/p>\n","protected":false},"featured_media":17037,"template":"","meta":[],"product_brand":[],"product_cat":[303],"product_tag":[],"class_list":{"0":"post-17035","1":"product","2":"type-product","3":"status-publish","4":"has-post-thumbnail","6":"product_cat-machines-de-finition","8":"first","9":"instock","10":"sale","11":"shipping-taxable","12":"purchasable","13":"product-type-simple"},"_links":{"self":[{"href":"https:\/\/damejprint.com\/index.php?rest_route=\/wp\/v2\/product\/17035","targetHints":{"allow":["GET"]}}],"collection":[{"href":"https:\/\/damejprint.com\/index.php?rest_route=\/wp\/v2\/product"}],"about":[{"href":"https:\/\/damejprint.com\/index.php?rest_route=\/wp\/v2\/types\/product"}],"wp:featuredmedia":[{"embeddable":true,"href":"https:\/\/damejprint.com\/index.php?rest_route=\/wp\/v2\/media\/17037"}],"wp:attachment":[{"href":"https:\/\/damejprint.com\/index.php?rest_route=%2Fwp%2Fv2%2Fmedia&parent=17035"}],"wp:term":[{"taxonomy":"product_brand","embeddable":true,"href":"https:\/\/damejprint.com\/index.php?rest_route=%2Fwp%2Fv2%2Fproduct_brand&post=17035"},{"taxonomy":"product_cat","embeddable":true,"href":"https:\/\/damejprint.com\/index.php?rest_route=%2Fwp%2Fv2%2Fproduct_cat&post=17035"},{"taxonomy":"product_tag","embeddable":true,"href":"https:\/\/damejprint.com\/index.php?rest_route=%2Fwp%2Fv2%2Fproduct_tag&post=17035"}],"curies":[{"name":"wp","href":"https:\/\/api.w.org\/{rel}","templated":true}]}}