{"id":17033,"date":"2025-03-01T14:43:35","date_gmt":"2025-03-01T14:43:35","guid":{"rendered":"https:\/\/damejprint.com\/?post_type=product&#038;p=17033"},"modified":"2025-03-01T14:45:18","modified_gmt":"2025-03-01T14:45:18","slug":"spirales-metalliques-x5-reliure-robuste-et-professionnelle","status":"publish","type":"product","link":"https:\/\/damejprint.com\/?product=spirales-metalliques-x5-reliure-robuste-et-professionnelle","title":{"rendered":"Spirales M\u00e9talliques x5 &#8211; Reliure Robuste et Professionnelle"},"content":{"rendered":"<p>Optez pour nos <strong data-start=\"83\" data-end=\"107\">spirales m\u00e9talliques<\/strong> (lot de 5) et assurez une reliure solide et \u00e9l\u00e9gante \u00e0 vos documents, carnets ou pr\u00e9sentations. Fabriqu\u00e9es en m\u00e9tal durable, elles garantissent une ouverture fluide et une longue dur\u00e9e de vie.<\/p>\n","protected":false},"excerpt":{"rendered":"<p>\u2705 <strong data-start=\"306\" data-end=\"328\">Mat\u00e9riau r\u00e9sistant<\/strong> pour une tenue parfaite des pages<br data-start=\"362\" data-end=\"365\" \/>\u2705 <strong data-start=\"367\" data-end=\"387\" data-is-only-node=\"\">Facile \u00e0 ins\u00e9rer<\/strong> pour une reliure rapide et efficace<br data-start=\"423\" data-end=\"426\" \/>\u2705 <strong data-start=\"428\" data-end=\"476\">Id\u00e9al pour bureaux, \u00e9coles et professionnels<\/strong><br data-start=\"476\" data-end=\"479\" \/>\u2705 <strong data-start=\"481\" data-end=\"525\">Compatible avec la plupart des relieuses<\/strong><\/p>\n","protected":false},"featured_media":17034,"template":"","meta":[],"product_brand":[],"product_cat":[303],"product_tag":[],"class_list":{"0":"post-17033","1":"product","2":"type-product","3":"status-publish","4":"has-post-thumbnail","6":"product_cat-machines-de-finition","8":"first","9":"instock","10":"sale","11":"shipping-taxable","12":"purchasable","13":"product-type-simple"},"_links":{"self":[{"href":"https:\/\/damejprint.com\/index.php?rest_route=\/wp\/v2\/product\/17033","targetHints":{"allow":["GET"]}}],"collection":[{"href":"https:\/\/damejprint.com\/index.php?rest_route=\/wp\/v2\/product"}],"about":[{"href":"https:\/\/damejprint.com\/index.php?rest_route=\/wp\/v2\/types\/product"}],"wp:featuredmedia":[{"embeddable":true,"href":"https:\/\/damejprint.com\/index.php?rest_route=\/wp\/v2\/media\/17034"}],"wp:attachment":[{"href":"https:\/\/damejprint.com\/index.php?rest_route=%2Fwp%2Fv2%2Fmedia&parent=17033"}],"wp:term":[{"taxonomy":"product_brand","embeddable":true,"href":"https:\/\/damejprint.com\/index.php?rest_route=%2Fwp%2Fv2%2Fproduct_brand&post=17033"},{"taxonomy":"product_cat","embeddable":true,"href":"https:\/\/damejprint.com\/index.php?rest_route=%2Fwp%2Fv2%2Fproduct_cat&post=17033"},{"taxonomy":"product_tag","embeddable":true,"href":"https:\/\/damejprint.com\/index.php?rest_route=%2Fwp%2Fv2%2Fproduct_tag&post=17033"}],"curies":[{"name":"wp","href":"https:\/\/api.w.org\/{rel}","templated":true}]}}