{"id":17031,"date":"2025-03-01T14:39:25","date_gmt":"2025-03-01T14:39:25","guid":{"rendered":"https:\/\/damejprint.com\/?post_type=product&#038;p=17031"},"modified":"2025-03-01T14:40:41","modified_gmt":"2025-03-01T14:40:41","slug":"raclette-eponge-application-douce-et-precise","status":"publish","type":"product","link":"https:\/\/damejprint.com\/?product=raclette-eponge-application-douce-et-precise","title":{"rendered":"Raclette \u00c9ponge &#8211; Application Douce et Pr\u00e9cise"},"content":{"rendered":"<p>D\u00e9couvrez notre <strong data-start=\"70\" data-end=\"89\">raclette \u00e9ponge<\/strong>, l&rsquo;outil parfait pour une application en douceur des films vinyles, stickers et covering auto. Gr\u00e2ce \u00e0 sa surface en mousse souple, elle permet d\u2019\u00e9viter les rayures tout en assurant une adh\u00e9rence optimale du vinyle sur diverses surfaces.<\/p>\n","protected":false},"excerpt":{"rendered":"<p>\u2705 <strong data-start=\"333\" data-end=\"349\">\u00c9ponge douce<\/strong> pour prot\u00e9ger les surfaces d\u00e9licates<br data-start=\"386\" data-end=\"389\" \/>\u2705 <strong data-start=\"391\" data-end=\"418\" data-is-only-node=\"\">Application sans bulles<\/strong> pour un r\u00e9sultat impeccable<br data-start=\"446\" data-end=\"449\" \/>\u2705 <strong data-start=\"451\" data-end=\"480\">Prise en main ergonomique<\/strong> pour plus de confort<br data-start=\"501\" data-end=\"504\" \/>\u2705 <strong data-start=\"506\" data-end=\"554\">Id\u00e9ale pour le marouflage des films adh\u00e9sifs<\/strong><\/p>\n","protected":false},"featured_media":17032,"template":"","meta":[],"product_brand":[],"product_cat":[360],"product_tag":[],"class_list":{"0":"post-17031","1":"product","2":"type-product","3":"status-publish","4":"has-post-thumbnail","6":"product_cat-consommable","8":"first","9":"instock","10":"sale","11":"shipping-taxable","12":"purchasable","13":"product-type-simple"},"_links":{"self":[{"href":"https:\/\/damejprint.com\/index.php?rest_route=\/wp\/v2\/product\/17031","targetHints":{"allow":["GET"]}}],"collection":[{"href":"https:\/\/damejprint.com\/index.php?rest_route=\/wp\/v2\/product"}],"about":[{"href":"https:\/\/damejprint.com\/index.php?rest_route=\/wp\/v2\/types\/product"}],"wp:featuredmedia":[{"embeddable":true,"href":"https:\/\/damejprint.com\/index.php?rest_route=\/wp\/v2\/media\/17032"}],"wp:attachment":[{"href":"https:\/\/damejprint.com\/index.php?rest_route=%2Fwp%2Fv2%2Fmedia&parent=17031"}],"wp:term":[{"taxonomy":"product_brand","embeddable":true,"href":"https:\/\/damejprint.com\/index.php?rest_route=%2Fwp%2Fv2%2Fproduct_brand&post=17031"},{"taxonomy":"product_cat","embeddable":true,"href":"https:\/\/damejprint.com\/index.php?rest_route=%2Fwp%2Fv2%2Fproduct_cat&post=17031"},{"taxonomy":"product_tag","embeddable":true,"href":"https:\/\/damejprint.com\/index.php?rest_route=%2Fwp%2Fv2%2Fproduct_tag&post=17031"}],"curies":[{"name":"wp","href":"https:\/\/api.w.org\/{rel}","templated":true}]}}