{"id":17025,"date":"2025-03-01T14:28:33","date_gmt":"2025-03-01T14:28:33","guid":{"rendered":"https:\/\/damejprint.com\/?post_type=product&#038;p=17025"},"modified":"2025-03-01T14:34:08","modified_gmt":"2025-03-01T14:34:08","slug":"papier-sublimation-v1-qualite-professionnelle-pour-des-impressions-vibrantes","status":"publish","type":"product","link":"https:\/\/damejprint.com\/?product=papier-sublimation-v1-qualite-professionnelle-pour-des-impressions-vibrantes","title":{"rendered":"Papier Sublimation V1  &#8211; Qualit\u00e9 Professionnelle pour des Impressions Vibrantes"},"content":{"rendered":"<p>D\u00e9couvrez notre <strong data-start=\"99\" data-end=\"121\">papier sublimation<\/strong> haute qualit\u00e9, con\u00e7u pour des impressions nettes et \u00e9clatantes. Id\u00e9al pour le transfert sur textiles, c\u00e9ramiques, m\u00e9taux et autres surfaces compatibles, ce papier assure une reproduction fid\u00e8le des couleurs avec une excellente absorption de l&rsquo;encre.<\/p>\n","protected":false},"excerpt":{"rendered":"<p>\u2705 <strong data-start=\"377\" data-end=\"395\">S\u00e9chage rapide<\/strong> pour une impression efficace<br data-start=\"424\" data-end=\"427\" \/>\u2705 <strong data-start=\"429\" data-end=\"449\" data-is-only-node=\"\">Haute r\u00e9solution<\/strong> pour des d\u00e9tails pr\u00e9cis<br data-start=\"473\" data-end=\"476\" \/>\u2705 <strong data-start=\"478\" data-end=\"499\">Transfert optimal<\/strong> avec des couleurs vives et durables<br data-start=\"535\" data-end=\"538\" \/>\u2705 <strong data-start=\"540\" data-end=\"589\">Compatible avec les imprimantes \u00e0 sublimation<\/strong><\/p>\n","protected":false},"featured_media":17026,"template":"","meta":[],"product_brand":[],"product_cat":[360],"product_tag":[],"class_list":{"0":"post-17025","1":"product","2":"type-product","3":"status-publish","4":"has-post-thumbnail","6":"product_cat-consommable","8":"first","9":"instock","10":"sale","11":"shipping-taxable","12":"purchasable","13":"product-type-simple"},"_links":{"self":[{"href":"https:\/\/damejprint.com\/index.php?rest_route=\/wp\/v2\/product\/17025","targetHints":{"allow":["GET"]}}],"collection":[{"href":"https:\/\/damejprint.com\/index.php?rest_route=\/wp\/v2\/product"}],"about":[{"href":"https:\/\/damejprint.com\/index.php?rest_route=\/wp\/v2\/types\/product"}],"wp:featuredmedia":[{"embeddable":true,"href":"https:\/\/damejprint.com\/index.php?rest_route=\/wp\/v2\/media\/17026"}],"wp:attachment":[{"href":"https:\/\/damejprint.com\/index.php?rest_route=%2Fwp%2Fv2%2Fmedia&parent=17025"}],"wp:term":[{"taxonomy":"product_brand","embeddable":true,"href":"https:\/\/damejprint.com\/index.php?rest_route=%2Fwp%2Fv2%2Fproduct_brand&post=17025"},{"taxonomy":"product_cat","embeddable":true,"href":"https:\/\/damejprint.com\/index.php?rest_route=%2Fwp%2Fv2%2Fproduct_cat&post=17025"},{"taxonomy":"product_tag","embeddable":true,"href":"https:\/\/damejprint.com\/index.php?rest_route=%2Fwp%2Fv2%2Fproduct_tag&post=17025"}],"curies":[{"name":"wp","href":"https:\/\/api.w.org\/{rel}","templated":true}]}}