{"id":17023,"date":"2025-03-01T14:28:23","date_gmt":"2025-03-01T14:28:23","guid":{"rendered":"https:\/\/damejprint.com\/?post_type=product&#038;p=17023"},"modified":"2025-03-01T14:28:23","modified_gmt":"2025-03-01T14:28:23","slug":"scotch-thermique-sublimation-adhesif-resistant-a-la-chaleur-pour-sublimation","status":"publish","type":"product","link":"https:\/\/damejprint.com\/?product=scotch-thermique-sublimation-adhesif-resistant-a-la-chaleur-pour-sublimation","title":{"rendered":"Scotch Thermique Sublimation \u2013 Adh\u00e9sif R\u00e9sistant \u00e0 la Chaleur pour Sublimation"},"content":{"rendered":"<p>Optimisez vos projets de sublimation avec notre <strong data-start=\"134\" data-end=\"166\">Scotch Thermique Sublimation<\/strong>, con\u00e7u sp\u00e9cialement pour fixer vos impressions avec pr\u00e9cision. R\u00e9sistant \u00e0 des temp\u00e9ratures \u00e9lev\u00e9es, cet adh\u00e9sif garantit une tenue parfaite pendant le processus de transfert thermique, \u00e9vitant tout d\u00e9placement du papier et assurant des r\u00e9sultats nets et professionnels.<\/p>\n","protected":false},"excerpt":{"rendered":"<p>\u2714 <strong data-start=\"443\" data-end=\"476\">Haute r\u00e9sistance \u00e0 la chaleur<\/strong> \u2013 Supporte jusqu&rsquo;\u00e0 250\u00b0C<br data-start=\"501\" data-end=\"504\" \/>\u2714 <strong data-start=\"506\" data-end=\"528\" data-is-only-node=\"\">Adh\u00e9rence optimale<\/strong> \u2013 Maintient fermement le papier de sublimation<br data-start=\"575\" data-end=\"578\" \/>\u2714 <strong data-start=\"580\" data-end=\"595\">Sans r\u00e9sidu<\/strong> \u2013 Se retire facilement sans laisser de traces<br data-start=\"641\" data-end=\"644\" \/>\u2714 <strong data-start=\"646\" data-end=\"660\">Polyvalent<\/strong> \u2013 Id\u00e9al pour les textiles, la c\u00e9ramique, le m\u00e9tal et bien plus<\/p>\n","protected":false},"featured_media":17024,"template":"","meta":[],"product_brand":[],"product_cat":[360],"product_tag":[],"class_list":{"0":"post-17023","1":"product","2":"type-product","3":"status-publish","4":"has-post-thumbnail","6":"product_cat-consommable","8":"first","9":"instock","10":"sale","11":"shipping-taxable","12":"purchasable","13":"product-type-simple"},"_links":{"self":[{"href":"https:\/\/damejprint.com\/index.php?rest_route=\/wp\/v2\/product\/17023","targetHints":{"allow":["GET"]}}],"collection":[{"href":"https:\/\/damejprint.com\/index.php?rest_route=\/wp\/v2\/product"}],"about":[{"href":"https:\/\/damejprint.com\/index.php?rest_route=\/wp\/v2\/types\/product"}],"wp:featuredmedia":[{"embeddable":true,"href":"https:\/\/damejprint.com\/index.php?rest_route=\/wp\/v2\/media\/17024"}],"wp:attachment":[{"href":"https:\/\/damejprint.com\/index.php?rest_route=%2Fwp%2Fv2%2Fmedia&parent=17023"}],"wp:term":[{"taxonomy":"product_brand","embeddable":true,"href":"https:\/\/damejprint.com\/index.php?rest_route=%2Fwp%2Fv2%2Fproduct_brand&post=17023"},{"taxonomy":"product_cat","embeddable":true,"href":"https:\/\/damejprint.com\/index.php?rest_route=%2Fwp%2Fv2%2Fproduct_cat&post=17023"},{"taxonomy":"product_tag","embeddable":true,"href":"https:\/\/damejprint.com\/index.php?rest_route=%2Fwp%2Fv2%2Fproduct_tag&post=17023"}],"curies":[{"name":"wp","href":"https:\/\/api.w.org\/{rel}","templated":true}]}}