{"id":16996,"date":"2025-02-28T17:10:29","date_gmt":"2025-02-28T17:10:29","guid":{"rendered":"https:\/\/damejprint.com\/?post_type=product&#038;p=16996"},"modified":"2025-02-28T17:13:26","modified_gmt":"2025-02-28T17:13:26","slug":"papier-photo-unomat-a5-qualite-superieure-pour-impressions-nettes-x100","status":"publish","type":"product","link":"https:\/\/damejprint.com\/?product=papier-photo-unomat-a5-qualite-superieure-pour-impressions-nettes-x100","title":{"rendered":"Papier Photo UNOMAT A5 \u2013 Qualit\u00e9 Sup\u00e9rieure pour Impressions Nettes X100"},"content":{"rendered":"<p>Le <strong data-start=\"82\" data-end=\"108\">papier photo UNOMAT A5<\/strong> est id\u00e9al pour des <strong data-start=\"128\" data-end=\"160\">impressions haute r\u00e9solution<\/strong>, offrant des couleurs \u00e9clatantes et des d\u00e9tails pr\u00e9cis. Compatible avec <strong data-start=\"233\" data-end=\"273\">les imprimantes jet d\u2019encre et laser<\/strong>, il garantit un rendu professionnel et une excellente durabilit\u00e9.<\/p>\n","protected":false},"excerpt":{"rendered":"<ul>\n<li data-start=\"370\" data-end=\"404\"><strong data-start=\"372\" data-end=\"384\">Format :<\/strong> A5 (148 x 210 mm)<\/li>\n<li data-start=\"405\" data-end=\"460\"><strong data-start=\"407\" data-end=\"417\">Type :<\/strong> Papier photo brillant\/mat (selon mod\u00e8le)<\/li>\n<li data-start=\"461\" data-end=\"517\"><strong data-start=\"463\" data-end=\"482\">Compatibilit\u00e9 :<\/strong> Imprimantes jet d\u2019encre et laser<\/li>\n<li data-start=\"518\" data-end=\"616\"><strong data-start=\"520\" data-end=\"546\">Qualit\u00e9 d\u2019impression :<\/strong> Haute d\u00e9finition avec des couleurs riches et un excellent contraste<\/li>\n<li data-start=\"617\" data-end=\"676\"><strong data-start=\"619\" data-end=\"633\">Grammage :<\/strong> \u00c9pais et r\u00e9sistant pour un rendu optimal<\/li>\n<\/ul>\n","protected":false},"featured_media":16997,"template":"","meta":[],"product_brand":[],"product_cat":[360],"product_tag":[],"class_list":{"0":"post-16996","1":"product","2":"type-product","3":"status-publish","4":"has-post-thumbnail","6":"product_cat-consommable","8":"first","9":"instock","10":"sale","11":"shipping-taxable","12":"purchasable","13":"product-type-simple"},"_links":{"self":[{"href":"https:\/\/damejprint.com\/index.php?rest_route=\/wp\/v2\/product\/16996","targetHints":{"allow":["GET"]}}],"collection":[{"href":"https:\/\/damejprint.com\/index.php?rest_route=\/wp\/v2\/product"}],"about":[{"href":"https:\/\/damejprint.com\/index.php?rest_route=\/wp\/v2\/types\/product"}],"wp:featuredmedia":[{"embeddable":true,"href":"https:\/\/damejprint.com\/index.php?rest_route=\/wp\/v2\/media\/16997"}],"wp:attachment":[{"href":"https:\/\/damejprint.com\/index.php?rest_route=%2Fwp%2Fv2%2Fmedia&parent=16996"}],"wp:term":[{"taxonomy":"product_brand","embeddable":true,"href":"https:\/\/damejprint.com\/index.php?rest_route=%2Fwp%2Fv2%2Fproduct_brand&post=16996"},{"taxonomy":"product_cat","embeddable":true,"href":"https:\/\/damejprint.com\/index.php?rest_route=%2Fwp%2Fv2%2Fproduct_cat&post=16996"},{"taxonomy":"product_tag","embeddable":true,"href":"https:\/\/damejprint.com\/index.php?rest_route=%2Fwp%2Fv2%2Fproduct_tag&post=16996"}],"curies":[{"name":"wp","href":"https:\/\/api.w.org\/{rel}","templated":true}]}}