{"id":16956,"date":"2025-02-22T14:07:37","date_gmt":"2025-02-22T14:07:37","guid":{"rendered":"https:\/\/damejprint.com\/?post_type=product&#038;p=16956"},"modified":"2025-02-22T14:13:45","modified_gmt":"2025-02-22T14:13:45","slug":"papier-a4-80g-pack-de-500-feuilles","status":"publish","type":"product","link":"https:\/\/damejprint.com\/?product=papier-a4-80g-pack-de-500-feuilles","title":{"rendered":"Papier A4 300g \u2013 Pack de 100 feuilles"},"content":{"rendered":"<p>Offrez une qualit\u00e9 sup\u00e9rieure \u00e0 vos impressions avec notre <strong data-start=\"108\" data-end=\"130\">papier A4 300 g\/m\u00b2<\/strong>, parfait pour des documents professionnels, des cartes, des affiches et des cr\u00e9ations artistiques. Ce pack de <strong data-start=\"241\" data-end=\"257\">100 feuilles<\/strong> garantit une excellente rigidit\u00e9 et un rendu haut de gamme.<\/p>\n","protected":false},"excerpt":{"rendered":"<p><strong data-start=\"355\" data-end=\"365\">Format<\/strong> : A4 (210 \u00d7 297 mm)<br data-start=\"385\" data-end=\"388\" \/>\u2714\ufe0f <strong data-start=\"391\" data-end=\"403\">Grammage<\/strong> : 300 g\/m\u00b2 (\u00e9pais et r\u00e9sistant)<br data-start=\"435\" data-end=\"438\" data-is-only-node=\"\" \/>\u2714\ufe0f <strong data-start=\"441\" data-end=\"453\">Quantit\u00e9<\/strong> : 100 feuilles<br data-start=\"468\" data-end=\"471\" \/>\u2714\ufe0f <strong data-start=\"474\" data-end=\"491\">Compatibilit\u00e9<\/strong> : Id\u00e9al pour les imprimantes jet d&rsquo;encre et laser (v\u00e9rifier la compatibilit\u00e9 avec votre mod\u00e8le)<br data-start=\"587\" data-end=\"590\" \/>\u2714\ufe0f <strong data-start=\"593\" data-end=\"602\">Usage<\/strong> : Cartes de visite, invitations, affiches, brochures, impressions artistiques<\/p>\n","protected":false},"featured_media":16959,"template":"","meta":[],"product_brand":[],"product_cat":[360],"product_tag":[],"class_list":{"0":"post-16956","1":"product","2":"type-product","3":"status-publish","4":"has-post-thumbnail","6":"product_cat-consommable","8":"first","9":"instock","10":"sale","11":"shipping-taxable","12":"purchasable","13":"product-type-simple"},"_links":{"self":[{"href":"https:\/\/damejprint.com\/index.php?rest_route=\/wp\/v2\/product\/16956","targetHints":{"allow":["GET"]}}],"collection":[{"href":"https:\/\/damejprint.com\/index.php?rest_route=\/wp\/v2\/product"}],"about":[{"href":"https:\/\/damejprint.com\/index.php?rest_route=\/wp\/v2\/types\/product"}],"wp:featuredmedia":[{"embeddable":true,"href":"https:\/\/damejprint.com\/index.php?rest_route=\/wp\/v2\/media\/16959"}],"wp:attachment":[{"href":"https:\/\/damejprint.com\/index.php?rest_route=%2Fwp%2Fv2%2Fmedia&parent=16956"}],"wp:term":[{"taxonomy":"product_brand","embeddable":true,"href":"https:\/\/damejprint.com\/index.php?rest_route=%2Fwp%2Fv2%2Fproduct_brand&post=16956"},{"taxonomy":"product_cat","embeddable":true,"href":"https:\/\/damejprint.com\/index.php?rest_route=%2Fwp%2Fv2%2Fproduct_cat&post=16956"},{"taxonomy":"product_tag","embeddable":true,"href":"https:\/\/damejprint.com\/index.php?rest_route=%2Fwp%2Fv2%2Fproduct_tag&post=16956"}],"curies":[{"name":"wp","href":"https:\/\/api.w.org\/{rel}","templated":true}]}}