{"id":16952,"date":"2025-02-22T14:03:22","date_gmt":"2025-02-22T14:03:22","guid":{"rendered":"https:\/\/damejprint.com\/?post_type=product&#038;p=16952"},"modified":"2025-02-22T14:04:47","modified_gmt":"2025-02-22T14:04:47","slug":"marbre-de-sublimation-coeur-22-cm","status":"publish","type":"product","link":"https:\/\/damejprint.com\/?product=marbre-de-sublimation-coeur-22-cm","title":{"rendered":"Marbre de Sublimation \u2013 C\u0153ur 22 cm"},"content":{"rendered":"<p>Ajoutez une touche d\u2019amour et de personnalisation avec notre <strong data-start=\"106\" data-end=\"157\">marbre de sublimation en forme de c\u0153ur de 22 cm<\/strong>. Ce support en pierre naturelle est parfait pour immortaliser des souvenirs, des messages ou des images gr\u00e2ce \u00e0 la sublimation thermique.<\/p>\n","protected":false},"excerpt":{"rendered":"<p>\u2714\ufe0f <strong data-start=\"329\" data-end=\"341\">Mat\u00e9riau<\/strong> : Marbre naturel de haute qualit\u00e9<br data-start=\"375\" data-end=\"378\" \/>\u2714\ufe0f <strong data-start=\"381\" data-end=\"390\">Forme<\/strong> : C\u0153ur<br data-start=\"397\" data-end=\"400\" \/>\u2714\ufe0f <strong data-start=\"403\" data-end=\"417\">Dimensions<\/strong> : 22 cm<br data-start=\"425\" data-end=\"428\" \/>\u2714\ufe0f <strong data-start=\"431\" data-end=\"448\">Surface lisse<\/strong> pour une impression nette et durable<br data-start=\"485\" data-end=\"488\" \/>\u2714\ufe0f <strong data-start=\"491\" data-end=\"563\">Id\u00e9al pour les cadeaux, la d\u00e9coration et les souvenirs personnalis\u00e9s<\/strong><\/p>\n","protected":false},"featured_media":16953,"template":"","meta":[],"product_brand":[],"product_cat":[359],"product_tag":[],"class_list":{"0":"post-16952","1":"product","2":"type-product","3":"status-publish","4":"has-post-thumbnail","6":"product_cat-trophy","8":"first","9":"instock","10":"sale","11":"shipping-taxable","12":"purchasable","13":"product-type-simple"},"_links":{"self":[{"href":"https:\/\/damejprint.com\/index.php?rest_route=\/wp\/v2\/product\/16952","targetHints":{"allow":["GET"]}}],"collection":[{"href":"https:\/\/damejprint.com\/index.php?rest_route=\/wp\/v2\/product"}],"about":[{"href":"https:\/\/damejprint.com\/index.php?rest_route=\/wp\/v2\/types\/product"}],"wp:featuredmedia":[{"embeddable":true,"href":"https:\/\/damejprint.com\/index.php?rest_route=\/wp\/v2\/media\/16953"}],"wp:attachment":[{"href":"https:\/\/damejprint.com\/index.php?rest_route=%2Fwp%2Fv2%2Fmedia&parent=16952"}],"wp:term":[{"taxonomy":"product_brand","embeddable":true,"href":"https:\/\/damejprint.com\/index.php?rest_route=%2Fwp%2Fv2%2Fproduct_brand&post=16952"},{"taxonomy":"product_cat","embeddable":true,"href":"https:\/\/damejprint.com\/index.php?rest_route=%2Fwp%2Fv2%2Fproduct_cat&post=16952"},{"taxonomy":"product_tag","embeddable":true,"href":"https:\/\/damejprint.com\/index.php?rest_route=%2Fwp%2Fv2%2Fproduct_tag&post=16952"}],"curies":[{"name":"wp","href":"https:\/\/api.w.org\/{rel}","templated":true}]}}