{"id":16950,"date":"2025-02-22T14:01:14","date_gmt":"2025-02-22T14:01:14","guid":{"rendered":"https:\/\/damejprint.com\/?post_type=product&#038;p=16950"},"modified":"2025-02-22T14:07:00","modified_gmt":"2025-02-22T14:07:00","slug":"marbre-de-sublimation-carre-22-cm","status":"publish","type":"product","link":"https:\/\/damejprint.com\/?product=marbre-de-sublimation-carre-22-cm","title":{"rendered":"Marbre de Sublimation \u2013 Carr\u00e9 22 cm"},"content":{"rendered":"<p>Apportez une touche d&rsquo;\u00e9l\u00e9gance et de personnalisation avec notre <strong data-start=\"108\" data-end=\"160\">marbre de sublimation en forme de carr\u00e9 de 22 cm<\/strong>. Ce support en pierre naturelle est parfait pour l\u2019impression d\u2019images, de logos ou de textes personnalis\u00e9s gr\u00e2ce \u00e0 la sublimation thermique.<\/p>\n","protected":false},"excerpt":{"rendered":"<p>\u2714\ufe0f <strong data-start=\"336\" data-end=\"348\">Mat\u00e9riau<\/strong> : Marbre naturel de haute qualit\u00e9<br data-start=\"382\" data-end=\"385\" \/>\u2714\ufe0f <strong data-start=\"388\" data-end=\"397\">Forme<\/strong> : Carr\u00e9<br data-start=\"405\" data-end=\"408\" \/>\u2714\ufe0f <strong data-start=\"411\" data-end=\"425\">Dimensions<\/strong> : 22 x 22 cm<br data-start=\"438\" data-end=\"441\" \/>\u2714\ufe0f <strong data-start=\"444\" data-end=\"461\">Surface lisse<\/strong> pour une impression nette et durable<br data-start=\"498\" data-end=\"501\" \/>\u2714\ufe0f <strong data-start=\"504\" data-end=\"575\">Id\u00e9al pour la d\u00e9coration, les cadeaux et les plaques comm\u00e9moratives<\/strong><\/p>\n","protected":false},"featured_media":16951,"template":"","meta":[],"product_brand":[],"product_cat":[359],"product_tag":[],"class_list":{"0":"post-16950","1":"product","2":"type-product","3":"status-publish","4":"has-post-thumbnail","6":"product_cat-trophy","8":"first","9":"instock","10":"sale","11":"shipping-taxable","12":"purchasable","13":"product-type-simple"},"_links":{"self":[{"href":"https:\/\/damejprint.com\/index.php?rest_route=\/wp\/v2\/product\/16950","targetHints":{"allow":["GET"]}}],"collection":[{"href":"https:\/\/damejprint.com\/index.php?rest_route=\/wp\/v2\/product"}],"about":[{"href":"https:\/\/damejprint.com\/index.php?rest_route=\/wp\/v2\/types\/product"}],"wp:featuredmedia":[{"embeddable":true,"href":"https:\/\/damejprint.com\/index.php?rest_route=\/wp\/v2\/media\/16951"}],"wp:attachment":[{"href":"https:\/\/damejprint.com\/index.php?rest_route=%2Fwp%2Fv2%2Fmedia&parent=16950"}],"wp:term":[{"taxonomy":"product_brand","embeddable":true,"href":"https:\/\/damejprint.com\/index.php?rest_route=%2Fwp%2Fv2%2Fproduct_brand&post=16950"},{"taxonomy":"product_cat","embeddable":true,"href":"https:\/\/damejprint.com\/index.php?rest_route=%2Fwp%2Fv2%2Fproduct_cat&post=16950"},{"taxonomy":"product_tag","embeddable":true,"href":"https:\/\/damejprint.com\/index.php?rest_route=%2Fwp%2Fv2%2Fproduct_tag&post=16950"}],"curies":[{"name":"wp","href":"https:\/\/api.w.org\/{rel}","templated":true}]}}