{"id":16946,"date":"2025-02-22T13:57:06","date_gmt":"2025-02-22T13:57:06","guid":{"rendered":"https:\/\/damejprint.com\/?post_type=product&#038;p=16946"},"modified":"2025-04-19T10:17:52","modified_gmt":"2025-04-19T10:17:52","slug":"marbre-de-sublimation-cercle-13-cm","status":"publish","type":"product","link":"https:\/\/damejprint.com\/?product=marbre-de-sublimation-cercle-13-cm","title":{"rendered":"Marbre de Sublimation \u2013 Cercle 13 cm"},"content":{"rendered":"<p>Apportez une touche d&rsquo;\u00e9l\u00e9gance intemporelle avec notre <strong data-start=\"131\" data-end=\"175\">marbre de sublimation en forme de cercle<\/strong>. Avec un diam\u00e8tre de <strong data-start=\"197\" data-end=\"206\">13 cm<\/strong>, ce support en pierre naturelle est id\u00e9al pour personnaliser vos souvenirs, logos ou messages gr\u00e2ce \u00e0 la sublimation thermique.<\/p>\n","protected":false},"excerpt":{"rendered":"<p>\u2714\ufe0f <strong data-start=\"368\" data-end=\"380\">Mat\u00e9riau<\/strong> : Marbre naturel de haute qualit\u00e9<br data-start=\"414\" data-end=\"417\" \/>\u2714\ufe0f <strong data-start=\"420\" data-end=\"429\">Forme<\/strong> : Cercle parfait<br data-start=\"446\" data-end=\"449\" \/>\u2714\ufe0f <strong data-start=\"452\" data-end=\"466\">Dimensions<\/strong> : 13 cm<br data-start=\"474\" data-end=\"477\" \/>\u2714\ufe0f <strong data-start=\"480\" data-end=\"497\">Surface lisse<\/strong> pour une impression nette et durable<br data-start=\"534\" data-end=\"537\" \/>\u2714\ufe0f <strong data-start=\"540\" data-end=\"555\">Utilisation<\/strong> : D\u00e9coration, cadeaux personnalis\u00e9s, plaques comm\u00e9moratives<\/p>\n","protected":false},"featured_media":16947,"template":"","meta":[],"product_brand":[],"product_cat":[359],"product_tag":[],"class_list":{"0":"post-16946","1":"product","2":"type-product","3":"status-publish","4":"has-post-thumbnail","6":"product_cat-trophy","8":"first","9":"instock","10":"sale","11":"shipping-taxable","12":"purchasable","13":"product-type-simple"},"_links":{"self":[{"href":"https:\/\/damejprint.com\/index.php?rest_route=\/wp\/v2\/product\/16946","targetHints":{"allow":["GET"]}}],"collection":[{"href":"https:\/\/damejprint.com\/index.php?rest_route=\/wp\/v2\/product"}],"about":[{"href":"https:\/\/damejprint.com\/index.php?rest_route=\/wp\/v2\/types\/product"}],"wp:featuredmedia":[{"embeddable":true,"href":"https:\/\/damejprint.com\/index.php?rest_route=\/wp\/v2\/media\/16947"}],"wp:attachment":[{"href":"https:\/\/damejprint.com\/index.php?rest_route=%2Fwp%2Fv2%2Fmedia&parent=16946"}],"wp:term":[{"taxonomy":"product_brand","embeddable":true,"href":"https:\/\/damejprint.com\/index.php?rest_route=%2Fwp%2Fv2%2Fproduct_brand&post=16946"},{"taxonomy":"product_cat","embeddable":true,"href":"https:\/\/damejprint.com\/index.php?rest_route=%2Fwp%2Fv2%2Fproduct_cat&post=16946"},{"taxonomy":"product_tag","embeddable":true,"href":"https:\/\/damejprint.com\/index.php?rest_route=%2Fwp%2Fv2%2Fproduct_tag&post=16946"}],"curies":[{"name":"wp","href":"https:\/\/api.w.org\/{rel}","templated":true}]}}