{"id":16940,"date":"2025-02-22T13:28:45","date_gmt":"2025-02-22T13:28:45","guid":{"rendered":"https:\/\/damejprint.com\/?post_type=product&#038;p=16940"},"modified":"2025-02-22T13:54:36","modified_gmt":"2025-02-22T13:54:36","slug":"marbre-de-sublimation-demi-cercle-22-cm","status":"publish","type":"product","link":"https:\/\/damejprint.com\/?product=marbre-de-sublimation-demi-cercle-22-cm","title":{"rendered":"Marbre de Sublimation \u2013 Demi-Cercle 22 cm"},"content":{"rendered":"<p>Apportez une touche d&rsquo;\u00e9l\u00e9gance et de personnalisation avec notre <strong data-start=\"146\" data-end=\"195\">marbre de sublimation en forme de demi-cercle<\/strong>. Avec un diam\u00e8tre de <strong data-start=\"217\" data-end=\"226\">20 cm<\/strong>, ce support en pierre naturelle est id\u00e9al pour l&rsquo;impression d&rsquo;images, de logos ou de messages personnalis\u00e9s gr\u00e2ce \u00e0 la sublimation thermique.<\/p>\n","protected":false},"excerpt":{"rendered":"<p>\u2714\ufe0f <strong data-start=\"390\" data-end=\"402\">Mat\u00e9riau<\/strong> : Marbre naturel de haute qualit\u00e9<br data-start=\"436\" data-end=\"439\" \/>\u2714\ufe0f <strong data-start=\"442\" data-end=\"451\">Forme<\/strong> : Demi-cercle<br data-start=\"465\" data-end=\"468\" \/>\u2714\ufe0f <strong data-start=\"471\" data-end=\"485\">Dimensions<\/strong> : 22 cm<br data-start=\"493\" data-end=\"496\" \/>\u2714\ufe0f <strong data-start=\"499\" data-end=\"516\">Surface lisse<\/strong> pour une impression pr\u00e9cise et durable<br data-start=\"555\" data-end=\"558\" \/>\u2714\ufe0f <strong data-start=\"561\" data-end=\"632\">Id\u00e9al pour la d\u00e9coration, les cadeaux et les plaques comm\u00e9moratives<\/strong><\/p>\n","protected":false},"featured_media":16941,"template":"","meta":[],"product_brand":[],"product_cat":[359],"product_tag":[],"class_list":{"0":"post-16940","1":"product","2":"type-product","3":"status-publish","4":"has-post-thumbnail","6":"product_cat-trophy","8":"first","9":"instock","10":"sale","11":"shipping-taxable","12":"purchasable","13":"product-type-simple"},"_links":{"self":[{"href":"https:\/\/damejprint.com\/index.php?rest_route=\/wp\/v2\/product\/16940","targetHints":{"allow":["GET"]}}],"collection":[{"href":"https:\/\/damejprint.com\/index.php?rest_route=\/wp\/v2\/product"}],"about":[{"href":"https:\/\/damejprint.com\/index.php?rest_route=\/wp\/v2\/types\/product"}],"wp:featuredmedia":[{"embeddable":true,"href":"https:\/\/damejprint.com\/index.php?rest_route=\/wp\/v2\/media\/16941"}],"wp:attachment":[{"href":"https:\/\/damejprint.com\/index.php?rest_route=%2Fwp%2Fv2%2Fmedia&parent=16940"}],"wp:term":[{"taxonomy":"product_brand","embeddable":true,"href":"https:\/\/damejprint.com\/index.php?rest_route=%2Fwp%2Fv2%2Fproduct_brand&post=16940"},{"taxonomy":"product_cat","embeddable":true,"href":"https:\/\/damejprint.com\/index.php?rest_route=%2Fwp%2Fv2%2Fproduct_cat&post=16940"},{"taxonomy":"product_tag","embeddable":true,"href":"https:\/\/damejprint.com\/index.php?rest_route=%2Fwp%2Fv2%2Fproduct_tag&post=16940"}],"curies":[{"name":"wp","href":"https:\/\/api.w.org\/{rel}","templated":true}]}}