{"id":16869,"date":"2025-02-19T15:30:34","date_gmt":"2025-02-19T15:30:34","guid":{"rendered":"https:\/\/damejprint.com\/?post_type=product&#038;p=16869"},"modified":"2025-02-19T15:44:35","modified_gmt":"2025-02-19T15:44:35","slug":"trophee-en-verre-elegance-et-prestige","status":"publish","type":"product","link":"https:\/\/damejprint.com\/?product=trophee-en-verre-elegance-et-prestige","title":{"rendered":"Troph\u00e9e en Verre \u2013 \u00c9l\u00e9gance et Prestige V1"},"content":{"rendered":"<p>Sophistiqu\u00e9 et raffin\u00e9, le troph\u00e9e en verre offre une finition transparente et brillante. Id\u00e9al pour r\u00e9compenser l&rsquo;excellence avec style.<\/p>\n","protected":false},"excerpt":{"rendered":"<p>Sophistiqu\u00e9 et raffin\u00e9, le troph\u00e9e en verre offre une finition transparente et brillante. Id\u00e9al pour r\u00e9compenser l&rsquo;excellence avec style.<\/p>\n","protected":false},"featured_media":16870,"template":"","meta":[],"product_brand":[],"product_cat":[359],"product_tag":[],"class_list":{"0":"post-16869","1":"product","2":"type-product","3":"status-publish","4":"has-post-thumbnail","6":"product_cat-trophy","8":"first","9":"instock","10":"sale","11":"shipping-taxable","12":"purchasable","13":"product-type-simple"},"_links":{"self":[{"href":"https:\/\/damejprint.com\/index.php?rest_route=\/wp\/v2\/product\/16869","targetHints":{"allow":["GET"]}}],"collection":[{"href":"https:\/\/damejprint.com\/index.php?rest_route=\/wp\/v2\/product"}],"about":[{"href":"https:\/\/damejprint.com\/index.php?rest_route=\/wp\/v2\/types\/product"}],"wp:featuredmedia":[{"embeddable":true,"href":"https:\/\/damejprint.com\/index.php?rest_route=\/wp\/v2\/media\/16870"}],"wp:attachment":[{"href":"https:\/\/damejprint.com\/index.php?rest_route=%2Fwp%2Fv2%2Fmedia&parent=16869"}],"wp:term":[{"taxonomy":"product_brand","embeddable":true,"href":"https:\/\/damejprint.com\/index.php?rest_route=%2Fwp%2Fv2%2Fproduct_brand&post=16869"},{"taxonomy":"product_cat","embeddable":true,"href":"https:\/\/damejprint.com\/index.php?rest_route=%2Fwp%2Fv2%2Fproduct_cat&post=16869"},{"taxonomy":"product_tag","embeddable":true,"href":"https:\/\/damejprint.com\/index.php?rest_route=%2Fwp%2Fv2%2Fproduct_tag&post=16869"}],"curies":[{"name":"wp","href":"https:\/\/api.w.org\/{rel}","templated":true}]}}