{"id":16848,"date":"2025-02-19T15:18:07","date_gmt":"2025-02-19T15:18:07","guid":{"rendered":"https:\/\/damejprint.com\/?post_type=product&#038;p=16848"},"modified":"2025-02-19T15:18:57","modified_gmt":"2025-02-19T15:18:57","slug":"trodat-printy-4917-tampon-auto-encreur","status":"publish","type":"product","link":"https:\/\/damejprint.com\/?product=trodat-printy-4917-tampon-auto-encreur","title":{"rendered":"Trodat Printy 4917 \u2013 Tampon Auto-Encreur"},"content":{"rendered":"<p>Compact, pr\u00e9cis et facile \u00e0 utiliser, le Trodat Printy 4917 garantit une empreinte nette et durable. Id\u00e9al pour un usage professionnel et personnel.<\/p>\n","protected":false},"excerpt":{"rendered":"<p>Compact, pr\u00e9cis et facile \u00e0 utiliser, le Trodat Printy 4917 garantit une empreinte nette et durable. Id\u00e9al pour un usage professionnel et personnel.<\/p>\n","protected":false},"featured_media":16849,"template":"","meta":[],"product_brand":[],"product_cat":[358],"product_tag":[],"class_list":{"0":"post-16848","1":"product","2":"type-product","3":"status-publish","4":"has-post-thumbnail","6":"product_cat-cachet","8":"first","9":"instock","10":"sale","11":"shipping-taxable","12":"purchasable","13":"product-type-simple"},"_links":{"self":[{"href":"https:\/\/damejprint.com\/index.php?rest_route=\/wp\/v2\/product\/16848","targetHints":{"allow":["GET"]}}],"collection":[{"href":"https:\/\/damejprint.com\/index.php?rest_route=\/wp\/v2\/product"}],"about":[{"href":"https:\/\/damejprint.com\/index.php?rest_route=\/wp\/v2\/types\/product"}],"wp:featuredmedia":[{"embeddable":true,"href":"https:\/\/damejprint.com\/index.php?rest_route=\/wp\/v2\/media\/16849"}],"wp:attachment":[{"href":"https:\/\/damejprint.com\/index.php?rest_route=%2Fwp%2Fv2%2Fmedia&parent=16848"}],"wp:term":[{"taxonomy":"product_brand","embeddable":true,"href":"https:\/\/damejprint.com\/index.php?rest_route=%2Fwp%2Fv2%2Fproduct_brand&post=16848"},{"taxonomy":"product_cat","embeddable":true,"href":"https:\/\/damejprint.com\/index.php?rest_route=%2Fwp%2Fv2%2Fproduct_cat&post=16848"},{"taxonomy":"product_tag","embeddable":true,"href":"https:\/\/damejprint.com\/index.php?rest_route=%2Fwp%2Fv2%2Fproduct_tag&post=16848"}],"curies":[{"name":"wp","href":"https:\/\/api.w.org\/{rel}","templated":true}]}}