{"id":16829,"date":"2025-02-16T16:04:51","date_gmt":"2025-02-16T16:04:51","guid":{"rendered":"https:\/\/damejprint.com\/?post_type=product&#038;p=16829"},"modified":"2025-02-16T16:07:20","modified_gmt":"2025-02-16T16:07:20","slug":"mug-pour-sublimation-coeur-coleur-blue-marine","status":"publish","type":"product","link":"https:\/\/damejprint.com\/?product=mug-pour-sublimation-coeur-coleur-blue-marine","title":{"rendered":"Mug Pour sublimation, Coeur Coleur (BLUE MARINE)"},"content":{"rendered":"<p>Mug de sublimation c\u0153ur couleur <strong data-start=\"32\" data-end=\"47\">bleu marine<\/strong> : Parfait pour vos cr\u00e9ations personnalis\u00e9es. Id\u00e9al pour offrir ou ajouter une touche d\u2019\u00e9l\u00e9gance \u00e0 vos boissons !<\/p>\n","protected":false},"excerpt":{"rendered":"<p>Mug de sublimation c\u0153ur couleur bleu marine : Parfait pour vos cr\u00e9ations personnalis\u00e9es. Id\u00e9al pour offrir ou ajouter une touche d\u2019\u00e9l\u00e9gance \u00e0 vos boissons !<\/p>\n","protected":false},"featured_media":16830,"template":"","meta":[],"product_brand":[],"product_cat":[357],"product_tag":[],"class_list":{"0":"post-16829","1":"product","2":"type-product","3":"status-publish","4":"has-post-thumbnail","6":"product_cat-mug-sublimation","8":"first","9":"instock","10":"sale","11":"shipping-taxable","12":"purchasable","13":"product-type-simple"},"_links":{"self":[{"href":"https:\/\/damejprint.com\/index.php?rest_route=\/wp\/v2\/product\/16829","targetHints":{"allow":["GET"]}}],"collection":[{"href":"https:\/\/damejprint.com\/index.php?rest_route=\/wp\/v2\/product"}],"about":[{"href":"https:\/\/damejprint.com\/index.php?rest_route=\/wp\/v2\/types\/product"}],"wp:featuredmedia":[{"embeddable":true,"href":"https:\/\/damejprint.com\/index.php?rest_route=\/wp\/v2\/media\/16830"}],"wp:attachment":[{"href":"https:\/\/damejprint.com\/index.php?rest_route=%2Fwp%2Fv2%2Fmedia&parent=16829"}],"wp:term":[{"taxonomy":"product_brand","embeddable":true,"href":"https:\/\/damejprint.com\/index.php?rest_route=%2Fwp%2Fv2%2Fproduct_brand&post=16829"},{"taxonomy":"product_cat","embeddable":true,"href":"https:\/\/damejprint.com\/index.php?rest_route=%2Fwp%2Fv2%2Fproduct_cat&post=16829"},{"taxonomy":"product_tag","embeddable":true,"href":"https:\/\/damejprint.com\/index.php?rest_route=%2Fwp%2Fv2%2Fproduct_tag&post=16829"}],"curies":[{"name":"wp","href":"https:\/\/api.w.org\/{rel}","templated":true}]}}