{"id":16816,"date":"2025-02-16T15:57:31","date_gmt":"2025-02-16T15:57:31","guid":{"rendered":"https:\/\/damejprint.com\/?post_type=product&#038;p=16816"},"modified":"2025-02-16T15:58:36","modified_gmt":"2025-02-16T15:58:36","slug":"mug-pour-sublimation-coeur-coleur-pack-36-pcs-jaune","status":"publish","type":"product","link":"https:\/\/damejprint.com\/?product=mug-pour-sublimation-coeur-coleur-pack-36-pcs-jaune","title":{"rendered":"Mug Pour sublimation, Coeur Coleur Pack 36 Pcs (JAUNE)"},"content":{"rendered":"<div class=\"flex max-w-full flex-col flex-grow\">\n<div class=\"min-h-8 text-message flex w-full flex-col items-end gap-2 whitespace-normal break-words text-start [.text-message+&amp;]:mt-5\" dir=\"auto\" data-message-author-role=\"assistant\" data-message-id=\"84c5d641-106f-4f8c-9716-c79ff66a7247\" data-message-model-slug=\"gpt-4o-mini\">\n<div class=\"flex w-full flex-col gap-1 empty:hidden first:pt-[3px]\">\n<div class=\"markdown prose w-full break-words dark:prose-invert dark\">\n<p data-start=\"0\" data-end=\"164\" data-is-last-node=\"\">D\u00e9couvrez notre pack de 36 mugs de sublimation c\u0153ur couleur <strong data-start=\"60\" data-end=\"69\">jaune<\/strong>, parfait pour des cr\u00e9ations personnalis\u00e9es en grande quantit\u00e9. Id\u00e9al pour offrir ou revendre<\/p>\n<\/div>\n<\/div>\n<\/div>\n<\/div>\n","protected":false},"excerpt":{"rendered":"<p>D\u00e9couvrez notre pack de 36 mugs de sublimation c\u0153ur couleur jaune, parfait pour des cr\u00e9ations personnalis\u00e9es en grande quantit\u00e9. Id\u00e9al pour offrir ou revendre<\/p>\n","protected":false},"featured_media":16817,"template":"","meta":[],"product_brand":[],"product_cat":[357],"product_tag":[],"class_list":{"0":"post-16816","1":"product","2":"type-product","3":"status-publish","4":"has-post-thumbnail","6":"product_cat-mug-sublimation","8":"first","9":"instock","10":"sale","11":"shipping-taxable","12":"purchasable","13":"product-type-simple"},"_links":{"self":[{"href":"https:\/\/damejprint.com\/index.php?rest_route=\/wp\/v2\/product\/16816","targetHints":{"allow":["GET"]}}],"collection":[{"href":"https:\/\/damejprint.com\/index.php?rest_route=\/wp\/v2\/product"}],"about":[{"href":"https:\/\/damejprint.com\/index.php?rest_route=\/wp\/v2\/types\/product"}],"wp:featuredmedia":[{"embeddable":true,"href":"https:\/\/damejprint.com\/index.php?rest_route=\/wp\/v2\/media\/16817"}],"wp:attachment":[{"href":"https:\/\/damejprint.com\/index.php?rest_route=%2Fwp%2Fv2%2Fmedia&parent=16816"}],"wp:term":[{"taxonomy":"product_brand","embeddable":true,"href":"https:\/\/damejprint.com\/index.php?rest_route=%2Fwp%2Fv2%2Fproduct_brand&post=16816"},{"taxonomy":"product_cat","embeddable":true,"href":"https:\/\/damejprint.com\/index.php?rest_route=%2Fwp%2Fv2%2Fproduct_cat&post=16816"},{"taxonomy":"product_tag","embeddable":true,"href":"https:\/\/damejprint.com\/index.php?rest_route=%2Fwp%2Fv2%2Fproduct_tag&post=16816"}],"curies":[{"name":"wp","href":"https:\/\/api.w.org\/{rel}","templated":true}]}}