{"id":16810,"date":"2025-02-16T15:53:05","date_gmt":"2025-02-16T15:53:05","guid":{"rendered":"https:\/\/damejprint.com\/?post_type=product&#038;p=16810"},"modified":"2025-08-29T10:47:31","modified_gmt":"2025-08-29T10:47:31","slug":"mug-pour-sublimation-coeur-coleur-pack-36-pcs-blanc","status":"publish","type":"product","link":"https:\/\/damejprint.com\/?product=mug-pour-sublimation-coeur-coleur-pack-36-pcs-blanc","title":{"rendered":"Mug Pour sublimation, Coeur Coleur Pack 36 Pcs (BLANC)"},"content":{"rendered":"<p>D\u00e9couvrez notre pack de 36 mugs de sublimation c\u0153ur couleur <strong data-start=\"60\" data-end=\"69\">blanc<\/strong>, parfait pour des cr\u00e9ations personnalis\u00e9es en grande quantit\u00e9. Id\u00e9al pour offrir ou revendre !<\/p>\n","protected":false},"excerpt":{"rendered":"<p>D\u00e9couvrez notre pack de 36 mugs de sublimation c\u0153ur couleur blanc, parfait pour des cr\u00e9ations personnalis\u00e9es en grande quantit\u00e9. Id\u00e9al pour offrir ou revendre !<\/p>\n","protected":false},"featured_media":16811,"template":"","meta":[],"product_brand":[],"product_cat":[357],"product_tag":[],"class_list":{"0":"post-16810","1":"product","2":"type-product","3":"status-publish","4":"has-post-thumbnail","6":"product_cat-mug-sublimation","8":"first","9":"instock","10":"sale","11":"shipping-taxable","12":"purchasable","13":"product-type-simple"},"_links":{"self":[{"href":"https:\/\/damejprint.com\/index.php?rest_route=\/wp\/v2\/product\/16810","targetHints":{"allow":["GET"]}}],"collection":[{"href":"https:\/\/damejprint.com\/index.php?rest_route=\/wp\/v2\/product"}],"about":[{"href":"https:\/\/damejprint.com\/index.php?rest_route=\/wp\/v2\/types\/product"}],"wp:featuredmedia":[{"embeddable":true,"href":"https:\/\/damejprint.com\/index.php?rest_route=\/wp\/v2\/media\/16811"}],"wp:attachment":[{"href":"https:\/\/damejprint.com\/index.php?rest_route=%2Fwp%2Fv2%2Fmedia&parent=16810"}],"wp:term":[{"taxonomy":"product_brand","embeddable":true,"href":"https:\/\/damejprint.com\/index.php?rest_route=%2Fwp%2Fv2%2Fproduct_brand&post=16810"},{"taxonomy":"product_cat","embeddable":true,"href":"https:\/\/damejprint.com\/index.php?rest_route=%2Fwp%2Fv2%2Fproduct_cat&post=16810"},{"taxonomy":"product_tag","embeddable":true,"href":"https:\/\/damejprint.com\/index.php?rest_route=%2Fwp%2Fv2%2Fproduct_tag&post=16810"}],"curies":[{"name":"wp","href":"https:\/\/api.w.org\/{rel}","templated":true}]}}