{"id":16800,"date":"2025-02-16T15:45:03","date_gmt":"2025-02-16T15:45:03","guid":{"rendered":"https:\/\/damejprint.com\/?post_type=product&#038;p=16800"},"modified":"2025-02-16T15:45:59","modified_gmt":"2025-02-16T15:45:59","slug":"mug-pour-sublimation-coeur-coleur-vert-olive","status":"publish","type":"product","link":"https:\/\/damejprint.com\/?product=mug-pour-sublimation-coeur-coleur-vert-olive","title":{"rendered":"Mug Pour sublimation, Coeur Coleur (VERT OLIVE)"},"content":{"rendered":"<p>Vert olive \u00e9l\u00e9gant ! Ce mug de sublimation avec anse en forme de c\u0153ur allie charme naturel et originalit\u00e9. Parfait pour une personnalisation unique.<\/p>\n","protected":false},"excerpt":{"rendered":"<p>Vert olive \u00e9l\u00e9gant ! Ce mug de sublimation avec anse en forme de c\u0153ur allie charme naturel et originalit\u00e9. Parfait pour une personnalisation unique.<\/p>\n","protected":false},"featured_media":16801,"template":"","meta":[],"product_brand":[],"product_cat":[357],"product_tag":[],"class_list":{"0":"post-16800","1":"product","2":"type-product","3":"status-publish","4":"has-post-thumbnail","6":"product_cat-mug-sublimation","8":"first","9":"instock","10":"sale","11":"shipping-taxable","12":"purchasable","13":"product-type-simple"},"_links":{"self":[{"href":"https:\/\/damejprint.com\/index.php?rest_route=\/wp\/v2\/product\/16800","targetHints":{"allow":["GET"]}}],"collection":[{"href":"https:\/\/damejprint.com\/index.php?rest_route=\/wp\/v2\/product"}],"about":[{"href":"https:\/\/damejprint.com\/index.php?rest_route=\/wp\/v2\/types\/product"}],"wp:featuredmedia":[{"embeddable":true,"href":"https:\/\/damejprint.com\/index.php?rest_route=\/wp\/v2\/media\/16801"}],"wp:attachment":[{"href":"https:\/\/damejprint.com\/index.php?rest_route=%2Fwp%2Fv2%2Fmedia&parent=16800"}],"wp:term":[{"taxonomy":"product_brand","embeddable":true,"href":"https:\/\/damejprint.com\/index.php?rest_route=%2Fwp%2Fv2%2Fproduct_brand&post=16800"},{"taxonomy":"product_cat","embeddable":true,"href":"https:\/\/damejprint.com\/index.php?rest_route=%2Fwp%2Fv2%2Fproduct_cat&post=16800"},{"taxonomy":"product_tag","embeddable":true,"href":"https:\/\/damejprint.com\/index.php?rest_route=%2Fwp%2Fv2%2Fproduct_tag&post=16800"}],"curies":[{"name":"wp","href":"https:\/\/api.w.org\/{rel}","templated":true}]}}