{"id":16798,"date":"2025-02-16T15:44:08","date_gmt":"2025-02-16T15:44:08","guid":{"rendered":"https:\/\/damejprint.com\/?post_type=product&#038;p=16798"},"modified":"2025-02-16T15:44:59","modified_gmt":"2025-02-16T15:44:59","slug":"mug-pour-sublimation-coeur-coleur-vert","status":"publish","type":"product","link":"https:\/\/damejprint.com\/?product=mug-pour-sublimation-coeur-coleur-vert","title":{"rendered":"Mug Pour sublimation, Coeur Coleur (VERT)"},"content":{"rendered":"<p>Vert frais ! Ce mug de sublimation avec anse en forme de c\u0153ur apporte une touche de nature et de s\u00e9r\u00e9nit\u00e9 \u00e0 vos boissons. Id\u00e9al pour un cadeau personnalis\u00e9.<\/p>\n","protected":false},"excerpt":{"rendered":"<p>Vert frais ! Ce mug de sublimation avec anse en forme de c\u0153ur apporte une touche de nature et de s\u00e9r\u00e9nit\u00e9 \u00e0 vos boissons. Id\u00e9al pour un cadeau personnalis\u00e9.<\/p>\n","protected":false},"featured_media":16799,"template":"","meta":[],"product_brand":[],"product_cat":[357],"product_tag":[],"class_list":{"0":"post-16798","1":"product","2":"type-product","3":"status-publish","4":"has-post-thumbnail","6":"product_cat-mug-sublimation","8":"first","9":"instock","10":"sale","11":"shipping-taxable","12":"purchasable","13":"product-type-simple"},"_links":{"self":[{"href":"https:\/\/damejprint.com\/index.php?rest_route=\/wp\/v2\/product\/16798","targetHints":{"allow":["GET"]}}],"collection":[{"href":"https:\/\/damejprint.com\/index.php?rest_route=\/wp\/v2\/product"}],"about":[{"href":"https:\/\/damejprint.com\/index.php?rest_route=\/wp\/v2\/types\/product"}],"wp:featuredmedia":[{"embeddable":true,"href":"https:\/\/damejprint.com\/index.php?rest_route=\/wp\/v2\/media\/16799"}],"wp:attachment":[{"href":"https:\/\/damejprint.com\/index.php?rest_route=%2Fwp%2Fv2%2Fmedia&parent=16798"}],"wp:term":[{"taxonomy":"product_brand","embeddable":true,"href":"https:\/\/damejprint.com\/index.php?rest_route=%2Fwp%2Fv2%2Fproduct_brand&post=16798"},{"taxonomy":"product_cat","embeddable":true,"href":"https:\/\/damejprint.com\/index.php?rest_route=%2Fwp%2Fv2%2Fproduct_cat&post=16798"},{"taxonomy":"product_tag","embeddable":true,"href":"https:\/\/damejprint.com\/index.php?rest_route=%2Fwp%2Fv2%2Fproduct_tag&post=16798"}],"curies":[{"name":"wp","href":"https:\/\/api.w.org\/{rel}","templated":true}]}}