{"id":16789,"date":"2025-02-16T15:40:46","date_gmt":"2025-02-16T15:40:46","guid":{"rendered":"https:\/\/damejprint.com\/?post_type=product&#038;p=16789"},"modified":"2025-02-16T15:41:09","modified_gmt":"2025-02-16T15:41:09","slug":"mug-pour-sublimation-coeur-coleur-jaune-2","status":"publish","type":"product","link":"https:\/\/damejprint.com\/?product=mug-pour-sublimation-coeur-coleur-jaune-2","title":{"rendered":"Mug Pour sublimation, Coeur Coleur (Jaune)"},"content":{"rendered":"<p>Jaune vif ! Ce mug de sublimation avec anse en forme de c\u0153ur illumine vos pauses caf\u00e9. Parfait pour un cadeau unique et personnalis\u00e9.<\/p>\n","protected":false},"excerpt":{"rendered":"<p>Jaune vif ! Ce mug de sublimation avec anse en forme de c\u0153ur illumine vos pauses caf\u00e9. Parfait pour un cadeau unique et personnalis\u00e9.<\/p>\n","protected":false},"featured_media":16787,"template":"","meta":[],"product_brand":[],"product_cat":[357],"product_tag":[],"class_list":{"0":"post-16789","1":"product","2":"type-product","3":"status-publish","4":"has-post-thumbnail","6":"product_cat-mug-sublimation","8":"first","9":"instock","10":"sale","11":"shipping-taxable","12":"purchasable","13":"product-type-simple"},"_links":{"self":[{"href":"https:\/\/damejprint.com\/index.php?rest_route=\/wp\/v2\/product\/16789","targetHints":{"allow":["GET"]}}],"collection":[{"href":"https:\/\/damejprint.com\/index.php?rest_route=\/wp\/v2\/product"}],"about":[{"href":"https:\/\/damejprint.com\/index.php?rest_route=\/wp\/v2\/types\/product"}],"wp:featuredmedia":[{"embeddable":true,"href":"https:\/\/damejprint.com\/index.php?rest_route=\/wp\/v2\/media\/16787"}],"wp:attachment":[{"href":"https:\/\/damejprint.com\/index.php?rest_route=%2Fwp%2Fv2%2Fmedia&parent=16789"}],"wp:term":[{"taxonomy":"product_brand","embeddable":true,"href":"https:\/\/damejprint.com\/index.php?rest_route=%2Fwp%2Fv2%2Fproduct_brand&post=16789"},{"taxonomy":"product_cat","embeddable":true,"href":"https:\/\/damejprint.com\/index.php?rest_route=%2Fwp%2Fv2%2Fproduct_cat&post=16789"},{"taxonomy":"product_tag","embeddable":true,"href":"https:\/\/damejprint.com\/index.php?rest_route=%2Fwp%2Fv2%2Fproduct_tag&post=16789"}],"curies":[{"name":"wp","href":"https:\/\/api.w.org\/{rel}","templated":true}]}}