{"id":16716,"date":"2025-02-11T13:40:43","date_gmt":"2025-02-11T13:40:43","guid":{"rendered":"https:\/\/damejprint.com\/?post_type=product&#038;p=16716"},"modified":"2025-02-11T13:46:10","modified_gmt":"2025-02-11T13:46:10","slug":"vinyle-decoupe-jaune-orafol-haute-qualite-50m","status":"publish","type":"product","link":"https:\/\/damejprint.com\/?product=vinyle-decoupe-jaune-orafol-haute-qualite-50m","title":{"rendered":"Vinyle Decoupe (ROUGE) ORAFOL  &#8211; Haute Qualit\u00e9 50m"},"content":{"rendered":"<p>D\u00e9couvrez le <strong data-start=\"96\" data-end=\"127\">vinyle adh\u00e9sif Oracal rouge<\/strong>, un mat\u00e9riau de haute qualit\u00e9 con\u00e7u pour r\u00e9pondre aux besoins des professionnels et des amateurs de cr\u00e9ation. Id\u00e9al pour la signalisation, la d\u00e9coration, le marquage et bien plus encore, ce vinyle assure une finition impeccable et une excellente durabilit\u00e9.<br \/>\n20 dhs \/ mettre<\/p>\n","protected":false},"excerpt":{"rendered":"<p>\u2705 <strong data-start=\"420\" data-end=\"430\">Marque<\/strong> : Oracal (Orafol)<br data-start=\"448\" data-end=\"451\" \/>\u2705 <strong data-start=\"453\" data-end=\"464\">Couleur<\/strong> : Rouge intense et \u00e9clatant<br data-start=\"492\" data-end=\"495\" \/>\u2705 <strong data-start=\"497\" data-end=\"509\">Mat\u00e9riau<\/strong> : Vinyle adh\u00e9sif haute performance<br data-start=\"544\" data-end=\"547\" \/>\u2705 <strong data-start=\"549\" data-end=\"564\">Utilisation<\/strong> : Int\u00e9rieur &amp; ext\u00e9rieur<br data-start=\"588\" data-end=\"591\" \/>\u2705 <strong data-start=\"593\" data-end=\"607\">Durabilit\u00e9<\/strong> : R\u00e9sistant aux UV, aux intemp\u00e9ries et \u00e0 l&rsquo;humidit\u00e9<br data-start=\"659\" data-end=\"662\" \/>\u2705 <strong data-start=\"664\" data-end=\"679\">Application<\/strong> : Facile \u00e0 poser sur diverses surfaces (v\u00e9hicules, vitrines, panneaux, objets d\u00e9coratifs, etc.)<\/p>\n","protected":false},"featured_media":16719,"template":"","meta":[],"product_brand":[],"product_cat":[355],"product_tag":[],"class_list":{"0":"post-16716","1":"product","2":"type-product","3":"status-publish","4":"has-post-thumbnail","6":"product_cat-vinyle-decoupe","8":"first","9":"instock","10":"sale","11":"shipping-taxable","12":"purchasable","13":"product-type-simple"},"_links":{"self":[{"href":"https:\/\/damejprint.com\/index.php?rest_route=\/wp\/v2\/product\/16716","targetHints":{"allow":["GET"]}}],"collection":[{"href":"https:\/\/damejprint.com\/index.php?rest_route=\/wp\/v2\/product"}],"about":[{"href":"https:\/\/damejprint.com\/index.php?rest_route=\/wp\/v2\/types\/product"}],"wp:featuredmedia":[{"embeddable":true,"href":"https:\/\/damejprint.com\/index.php?rest_route=\/wp\/v2\/media\/16719"}],"wp:attachment":[{"href":"https:\/\/damejprint.com\/index.php?rest_route=%2Fwp%2Fv2%2Fmedia&parent=16716"}],"wp:term":[{"taxonomy":"product_brand","embeddable":true,"href":"https:\/\/damejprint.com\/index.php?rest_route=%2Fwp%2Fv2%2Fproduct_brand&post=16716"},{"taxonomy":"product_cat","embeddable":true,"href":"https:\/\/damejprint.com\/index.php?rest_route=%2Fwp%2Fv2%2Fproduct_cat&post=16716"},{"taxonomy":"product_tag","embeddable":true,"href":"https:\/\/damejprint.com\/index.php?rest_route=%2Fwp%2Fv2%2Fproduct_tag&post=16716"}],"curies":[{"name":"wp","href":"https:\/\/api.w.org\/{rel}","templated":true}]}}