{"id":16698,"date":"2025-02-07T15:16:28","date_gmt":"2025-02-07T15:16:28","guid":{"rendered":"https:\/\/damejprint.com\/?post_type=product&#038;p=16698"},"modified":"2025-02-07T15:17:18","modified_gmt":"2025-02-07T15:17:18","slug":"encre-compatible-epson-yellow","status":"publish","type":"product","link":"https:\/\/damejprint.com\/?product=encre-compatible-epson-yellow","title":{"rendered":"ENCRE COMPATIBLE EPSON \u2013 YELLOW"},"content":{"rendered":"<p>Apportez de la vivacit\u00e9 \u00e0 vos impressions avec notre encre compatible Epson <strong>Jaune<\/strong>. Formul\u00e9e pour offrir des couleurs \u00e9clatantes et un rendu fid\u00e8le, cette encre est id\u00e9ale pour les documents, les images et les impressions photo.<\/p>\n","protected":false},"excerpt":{"rendered":"<p>\u2705 <strong>Qualit\u00e9 Sup\u00e9rieure<\/strong> \u2013 Un jaune intense et lumineux pour des impressions nettes<br \/>\n\u2705 <strong>100 % Compatible<\/strong> \u2013 Con\u00e7ue pour fonctionner parfaitement avec votre imprimante Epson<br \/>\n\u2705 <strong>\u00c9conomie et Performance<\/strong> \u2013 Une alternative abordable sans compromis sur la qualit\u00e9<br \/>\n\u2705 <strong>Installation Facile<\/strong> \u2013 Aucune modification requise, pr\u00eate \u00e0 l\u2019emploi<br \/>\n\u2705 <strong>Respectueuse de l\u2019Environnement<\/strong> \u2013 Fabriqu\u00e9e avec des mat\u00e9riaux \u00e9cologiques<\/p>\n","protected":false},"featured_media":16699,"template":"","meta":[],"product_brand":[],"product_cat":[352],"product_tag":[],"class_list":{"0":"post-16698","1":"product","2":"type-product","3":"status-publish","4":"has-post-thumbnail","6":"product_cat-epson-ink-108","8":"first","9":"instock","10":"sale","11":"shipping-taxable","12":"purchasable","13":"product-type-simple"},"_links":{"self":[{"href":"https:\/\/damejprint.com\/index.php?rest_route=\/wp\/v2\/product\/16698","targetHints":{"allow":["GET"]}}],"collection":[{"href":"https:\/\/damejprint.com\/index.php?rest_route=\/wp\/v2\/product"}],"about":[{"href":"https:\/\/damejprint.com\/index.php?rest_route=\/wp\/v2\/types\/product"}],"wp:featuredmedia":[{"embeddable":true,"href":"https:\/\/damejprint.com\/index.php?rest_route=\/wp\/v2\/media\/16699"}],"wp:attachment":[{"href":"https:\/\/damejprint.com\/index.php?rest_route=%2Fwp%2Fv2%2Fmedia&parent=16698"}],"wp:term":[{"taxonomy":"product_brand","embeddable":true,"href":"https:\/\/damejprint.com\/index.php?rest_route=%2Fwp%2Fv2%2Fproduct_brand&post=16698"},{"taxonomy":"product_cat","embeddable":true,"href":"https:\/\/damejprint.com\/index.php?rest_route=%2Fwp%2Fv2%2Fproduct_cat&post=16698"},{"taxonomy":"product_tag","embeddable":true,"href":"https:\/\/damejprint.com\/index.php?rest_route=%2Fwp%2Fv2%2Fproduct_tag&post=16698"}],"curies":[{"name":"wp","href":"https:\/\/api.w.org\/{rel}","templated":true}]}}