{"id":16676,"date":"2025-02-07T09:28:56","date_gmt":"2025-02-07T09:28:56","guid":{"rendered":"https:\/\/damejprint.com\/?post_type=product&#038;p=16676"},"modified":"2025-02-07T09:29:58","modified_gmt":"2025-02-07T09:29:58","slug":"ecnre-sublimation-refill-yellow","status":"publish","type":"product","link":"https:\/\/damejprint.com\/?product=ecnre-sublimation-refill-yellow","title":{"rendered":"ECNRE Sublimation Refill &#8211; YELLOW"},"content":{"rendered":"<p><strong>Encre de Recharge pour Sublimation \u2013 Jaune<\/strong><\/p>\n<p>Sublimez vos impressions avec notre <strong>encre de sublimation jaune<\/strong> de haute qualit\u00e9. Offrant une couleur \u00e9clatante et une excellente adh\u00e9rence, elle garantit des r\u00e9sultats professionnels sur divers supports comme les textiles en polyester, les tasses et bien plus encore.<\/p>\n","protected":false},"excerpt":{"rendered":"<ul>\n<li><strong>Teinte magenta vive et r\u00e9sistante<\/strong><br \/>\n\u2705 <strong>S\u00e9chage rapide pour une impression pr\u00e9cise<\/strong><br \/>\n\u2705 <strong>Compatibilit\u00e9 avec la plupart des imprimantes \u00e0 sublimation<\/strong><br \/>\n\u2705 <strong>Id\u00e9ale pour une utilisation professionnelle et personnelle<\/strong><\/li>\n<\/ul>\n","protected":false},"featured_media":16677,"template":"","meta":[],"product_brand":[],"product_cat":[353],"product_tag":[],"class_list":{"0":"post-16676","1":"product","2":"type-product","3":"status-publish","4":"has-post-thumbnail","6":"product_cat-encre-sublimation","8":"first","9":"instock","10":"sale","11":"shipping-taxable","12":"purchasable","13":"product-type-simple"},"_links":{"self":[{"href":"https:\/\/damejprint.com\/index.php?rest_route=\/wp\/v2\/product\/16676","targetHints":{"allow":["GET"]}}],"collection":[{"href":"https:\/\/damejprint.com\/index.php?rest_route=\/wp\/v2\/product"}],"about":[{"href":"https:\/\/damejprint.com\/index.php?rest_route=\/wp\/v2\/types\/product"}],"wp:featuredmedia":[{"embeddable":true,"href":"https:\/\/damejprint.com\/index.php?rest_route=\/wp\/v2\/media\/16677"}],"wp:attachment":[{"href":"https:\/\/damejprint.com\/index.php?rest_route=%2Fwp%2Fv2%2Fmedia&parent=16676"}],"wp:term":[{"taxonomy":"product_brand","embeddable":true,"href":"https:\/\/damejprint.com\/index.php?rest_route=%2Fwp%2Fv2%2Fproduct_brand&post=16676"},{"taxonomy":"product_cat","embeddable":true,"href":"https:\/\/damejprint.com\/index.php?rest_route=%2Fwp%2Fv2%2Fproduct_cat&post=16676"},{"taxonomy":"product_tag","embeddable":true,"href":"https:\/\/damejprint.com\/index.php?rest_route=%2Fwp%2Fv2%2Fproduct_tag&post=16676"}],"curies":[{"name":"wp","href":"https:\/\/api.w.org\/{rel}","templated":true}]}}