{"id":16671,"date":"2025-02-06T19:09:54","date_gmt":"2025-02-06T19:09:54","guid":{"rendered":"https:\/\/damejprint.com\/?post_type=product&#038;p=16671"},"modified":"2025-02-06T19:11:09","modified_gmt":"2025-02-06T19:11:09","slug":"epson-initial-ink-magenta-2","status":"publish","type":"product","link":"https:\/\/damejprint.com\/?product=epson-initial-ink-magenta-2","title":{"rendered":"EPSON initial INK MAGENTA"},"content":{"rendered":"<p>L&rsquo;<strong>encre Epson standard Magenta<\/strong> est une encre de base utilis\u00e9e dans les imprimantes Epson pour des impressions quotidiennes. Elle offre des couleurs vives et pr\u00e9cises, en particulier pour les tons de rouge, rose et violet, qui sont essentiels pour obtenir des impressions en couleur de qualit\u00e9 correcte. Bien qu&rsquo;elle ne soit pas destin\u00e9e aux impressions photo haut de gamme, l&rsquo;encre magenta Epson standard assure une bonne reproduction des couleurs pour des documents, des graphiques ou des impressions simples. C&rsquo;est une option \u00e9conomique et fiable pour un usage domestique ou professionnel \u00e0 faible co\u00fbt.<\/p>\n","protected":false},"excerpt":{"rendered":"<ul>\n<li>ENCRE EPSON MAGENTA<\/li>\n<\/ul>\n","protected":false},"featured_media":16666,"template":"","meta":[],"product_brand":[],"product_cat":[352],"product_tag":[],"class_list":{"0":"post-16671","1":"product","2":"type-product","3":"status-publish","4":"has-post-thumbnail","6":"product_cat-epson-ink-108","8":"first","9":"instock","10":"sale","11":"shipping-taxable","12":"purchasable","13":"product-type-simple"},"_links":{"self":[{"href":"https:\/\/damejprint.com\/index.php?rest_route=\/wp\/v2\/product\/16671","targetHints":{"allow":["GET"]}}],"collection":[{"href":"https:\/\/damejprint.com\/index.php?rest_route=\/wp\/v2\/product"}],"about":[{"href":"https:\/\/damejprint.com\/index.php?rest_route=\/wp\/v2\/types\/product"}],"wp:featuredmedia":[{"embeddable":true,"href":"https:\/\/damejprint.com\/index.php?rest_route=\/wp\/v2\/media\/16666"}],"wp:attachment":[{"href":"https:\/\/damejprint.com\/index.php?rest_route=%2Fwp%2Fv2%2Fmedia&parent=16671"}],"wp:term":[{"taxonomy":"product_brand","embeddable":true,"href":"https:\/\/damejprint.com\/index.php?rest_route=%2Fwp%2Fv2%2Fproduct_brand&post=16671"},{"taxonomy":"product_cat","embeddable":true,"href":"https:\/\/damejprint.com\/index.php?rest_route=%2Fwp%2Fv2%2Fproduct_cat&post=16671"},{"taxonomy":"product_tag","embeddable":true,"href":"https:\/\/damejprint.com\/index.php?rest_route=%2Fwp%2Fv2%2Fproduct_tag&post=16671"}],"curies":[{"name":"wp","href":"https:\/\/api.w.org\/{rel}","templated":true}]}}