{"id":16670,"date":"2025-02-06T19:09:21","date_gmt":"2025-02-06T19:09:21","guid":{"rendered":"https:\/\/damejprint.com\/?post_type=product&#038;p=16670"},"modified":"2025-02-06T19:09:44","modified_gmt":"2025-02-06T19:09:44","slug":"epson-initial-ink-black","status":"publish","type":"product","link":"https:\/\/damejprint.com\/?product=epson-initial-ink-black","title":{"rendered":"EPSON initial INK BLACK"},"content":{"rendered":"<p>L&rsquo;<strong>encre Epson standard Noire<\/strong> est une encre de base utilis\u00e9e dans les imprimantes Epson pour des impressions quotidiennes. Elle garantit des impressions nettes et claires, avec un excellent rendu des textes noirs et des d\u00e9tails fins. Bien qu&rsquo;elle ne soit pas con\u00e7ue pour des impressions photo de haute qualit\u00e9, cette encre noire offre des r\u00e9sultats fiables pour des documents, des graphiques et des impressions simples. Elle est id\u00e9ale pour un usage domestique ou professionnel, offrant une bonne performance \u00e0 un co\u00fbt abordable pour les impressions r\u00e9guli\u00e8res.<\/p>\n","protected":false},"excerpt":{"rendered":"<ul>\n<li>ENCRE EPSON STANDARD BLACK<\/li>\n<\/ul>\n","protected":false},"featured_media":16668,"template":"","meta":[],"product_brand":[],"product_cat":[352],"product_tag":[],"class_list":{"0":"post-16670","1":"product","2":"type-product","3":"status-publish","4":"has-post-thumbnail","6":"product_cat-epson-ink-108","8":"first","9":"instock","10":"sale","11":"shipping-taxable","12":"purchasable","13":"product-type-simple"},"_links":{"self":[{"href":"https:\/\/damejprint.com\/index.php?rest_route=\/wp\/v2\/product\/16670","targetHints":{"allow":["GET"]}}],"collection":[{"href":"https:\/\/damejprint.com\/index.php?rest_route=\/wp\/v2\/product"}],"about":[{"href":"https:\/\/damejprint.com\/index.php?rest_route=\/wp\/v2\/types\/product"}],"wp:featuredmedia":[{"embeddable":true,"href":"https:\/\/damejprint.com\/index.php?rest_route=\/wp\/v2\/media\/16668"}],"wp:attachment":[{"href":"https:\/\/damejprint.com\/index.php?rest_route=%2Fwp%2Fv2%2Fmedia&parent=16670"}],"wp:term":[{"taxonomy":"product_brand","embeddable":true,"href":"https:\/\/damejprint.com\/index.php?rest_route=%2Fwp%2Fv2%2Fproduct_brand&post=16670"},{"taxonomy":"product_cat","embeddable":true,"href":"https:\/\/damejprint.com\/index.php?rest_route=%2Fwp%2Fv2%2Fproduct_cat&post=16670"},{"taxonomy":"product_tag","embeddable":true,"href":"https:\/\/damejprint.com\/index.php?rest_route=%2Fwp%2Fv2%2Fproduct_tag&post=16670"}],"curies":[{"name":"wp","href":"https:\/\/api.w.org\/{rel}","templated":true}]}}