{"id":16663,"date":"2025-02-06T19:04:54","date_gmt":"2025-02-06T19:04:54","guid":{"rendered":"https:\/\/damejprint.com\/?post_type=product&#038;p=16663"},"modified":"2025-02-06T19:04:54","modified_gmt":"2025-02-06T19:04:54","slug":"epson-initial-ink-cyan","status":"publish","type":"product","link":"https:\/\/damejprint.com\/?product=epson-initial-ink-cyan","title":{"rendered":"EPSON initial INK CYAN"},"content":{"rendered":"<p>L&rsquo;<strong>encre Epson standard Cyan<\/strong> est une encre de base utilis\u00e9e dans les imprimantes Epson pour des impressions quotidiennes. Elle permet de produire des couleurs vives et nettes, particuli\u00e8rement dans les impressions de documents et d&rsquo;images en couleur. Bien qu&rsquo;elle ne soit pas aussi sp\u00e9cialis\u00e9e que les encres photo ou les encres de sublimation, l&rsquo;encre cyan Epson standard offre une bonne qualit\u00e9 pour des t\u00e2ches d&rsquo;impression r\u00e9guli\u00e8res. Cette encre est \u00e9conomique et id\u00e9ale pour un usage domestique ou de bureau avec une performance fiable sur divers types de papier.<\/p>\n","protected":false},"excerpt":{"rendered":"<ul>\n<li>ENCRE EPSON STANDARD CYAN<\/li>\n<\/ul>\n","protected":false},"featured_media":16664,"template":"","meta":[],"product_brand":[],"product_cat":[352],"product_tag":[],"class_list":{"0":"post-16663","1":"product","2":"type-product","3":"status-publish","4":"has-post-thumbnail","6":"product_cat-epson-ink-108","8":"first","9":"instock","10":"sale","11":"shipping-taxable","12":"purchasable","13":"product-type-simple"},"_links":{"self":[{"href":"https:\/\/damejprint.com\/index.php?rest_route=\/wp\/v2\/product\/16663","targetHints":{"allow":["GET"]}}],"collection":[{"href":"https:\/\/damejprint.com\/index.php?rest_route=\/wp\/v2\/product"}],"about":[{"href":"https:\/\/damejprint.com\/index.php?rest_route=\/wp\/v2\/types\/product"}],"wp:featuredmedia":[{"embeddable":true,"href":"https:\/\/damejprint.com\/index.php?rest_route=\/wp\/v2\/media\/16664"}],"wp:attachment":[{"href":"https:\/\/damejprint.com\/index.php?rest_route=%2Fwp%2Fv2%2Fmedia&parent=16663"}],"wp:term":[{"taxonomy":"product_brand","embeddable":true,"href":"https:\/\/damejprint.com\/index.php?rest_route=%2Fwp%2Fv2%2Fproduct_brand&post=16663"},{"taxonomy":"product_cat","embeddable":true,"href":"https:\/\/damejprint.com\/index.php?rest_route=%2Fwp%2Fv2%2Fproduct_cat&post=16663"},{"taxonomy":"product_tag","embeddable":true,"href":"https:\/\/damejprint.com\/index.php?rest_route=%2Fwp%2Fv2%2Fproduct_tag&post=16663"}],"curies":[{"name":"wp","href":"https:\/\/api.w.org\/{rel}","templated":true}]}}