{"id":16657,"date":"2025-02-06T18:57:44","date_gmt":"2025-02-06T18:57:44","guid":{"rendered":"https:\/\/damejprint.com\/?post_type=product&#038;p=16657"},"modified":"2025-02-06T18:58:44","modified_gmt":"2025-02-06T18:58:44","slug":"epson-encre-664-magenta","status":"publish","type":"product","link":"https:\/\/damejprint.com\/?product=epson-encre-664-magenta","title":{"rendered":"EPSON ENCRE 664 MAGENTA"},"content":{"rendered":"<p>L&rsquo;<strong>encre Epson 664 Magenta<\/strong> fait partie de la s\u00e9rie d&rsquo;encres Epson 664, sp\u00e9cialement con\u00e7ue pour les imprimantes \u00e0 r\u00e9servoir d&rsquo;encre Epson. Cette encre magenta offre des couleurs vives et pr\u00e9cises, id\u00e9ales pour l&rsquo;impression de photos et de graphiques avec des nuances de rouge et de rose. Elle garantit une excellente qualit\u00e9 d&rsquo;impression avec des couleurs satur\u00e9es et un rendu fid\u00e8le. \u00c9conomique et fiable, l&rsquo;encre Epson 664 Magenta est parfaite pour des impressions \u00e0 grand volume tout en offrant des r\u00e9sultats constants et durables.<\/p>\n","protected":false},"excerpt":{"rendered":"<ul>\n<li>EPSON 664 INK MAGENTA<\/li>\n<\/ul>\n","protected":false},"featured_media":16658,"template":"","meta":[],"product_brand":[],"product_cat":[352],"product_tag":[],"class_list":{"0":"post-16657","1":"product","2":"type-product","3":"status-publish","4":"has-post-thumbnail","6":"product_cat-epson-ink-108","8":"first","9":"instock","10":"sale","11":"shipping-taxable","12":"purchasable","13":"product-type-simple"},"_links":{"self":[{"href":"https:\/\/damejprint.com\/index.php?rest_route=\/wp\/v2\/product\/16657","targetHints":{"allow":["GET"]}}],"collection":[{"href":"https:\/\/damejprint.com\/index.php?rest_route=\/wp\/v2\/product"}],"about":[{"href":"https:\/\/damejprint.com\/index.php?rest_route=\/wp\/v2\/types\/product"}],"wp:featuredmedia":[{"embeddable":true,"href":"https:\/\/damejprint.com\/index.php?rest_route=\/wp\/v2\/media\/16658"}],"wp:attachment":[{"href":"https:\/\/damejprint.com\/index.php?rest_route=%2Fwp%2Fv2%2Fmedia&parent=16657"}],"wp:term":[{"taxonomy":"product_brand","embeddable":true,"href":"https:\/\/damejprint.com\/index.php?rest_route=%2Fwp%2Fv2%2Fproduct_brand&post=16657"},{"taxonomy":"product_cat","embeddable":true,"href":"https:\/\/damejprint.com\/index.php?rest_route=%2Fwp%2Fv2%2Fproduct_cat&post=16657"},{"taxonomy":"product_tag","embeddable":true,"href":"https:\/\/damejprint.com\/index.php?rest_route=%2Fwp%2Fv2%2Fproduct_tag&post=16657"}],"curies":[{"name":"wp","href":"https:\/\/api.w.org\/{rel}","templated":true}]}}