{"id":16655,"date":"2025-02-06T18:55:36","date_gmt":"2025-02-06T18:55:36","guid":{"rendered":"https:\/\/damejprint.com\/?post_type=product&#038;p=16655"},"modified":"2025-02-06T18:57:35","modified_gmt":"2025-02-06T18:57:35","slug":"epson-encre-664-yellow","status":"publish","type":"product","link":"https:\/\/damejprint.com\/?product=epson-encre-664-yellow","title":{"rendered":"EPSON ENCRE 664 YELLOW"},"content":{"rendered":"<p>L&rsquo;<strong>encre Epson 664 Jaune<\/strong> fait partie de la s\u00e9rie d&rsquo;encres Epson 664, con\u00e7ue pour les imprimantes \u00e0 r\u00e9servoir d&rsquo;encre Epson. Cette encre jaune offre des impressions \u00e9clatantes et vibrantes, id\u00e9ales pour les documents et les photos. Elle assure une reproduction fid\u00e8le des couleurs, avec une excellente saturation et luminosit\u00e9. Parfaite pour des impressions de qualit\u00e9 tout en \u00e9tant \u00e9conomique, l&rsquo;encre Epson 664 Jaune garantit des r\u00e9sultats constants et durables, m\u00eame pour les impressions \u00e0 fort volume.<\/p>\n","protected":false},"excerpt":{"rendered":"<ul>\n<li>EPSON 664 INK YELLOW<\/li>\n<\/ul>\n","protected":false},"featured_media":16656,"template":"","meta":[],"product_brand":[],"product_cat":[352],"product_tag":[],"class_list":{"0":"post-16655","1":"product","2":"type-product","3":"status-publish","4":"has-post-thumbnail","6":"product_cat-epson-ink-108","8":"first","9":"instock","10":"sale","11":"shipping-taxable","12":"purchasable","13":"product-type-simple"},"_links":{"self":[{"href":"https:\/\/damejprint.com\/index.php?rest_route=\/wp\/v2\/product\/16655","targetHints":{"allow":["GET"]}}],"collection":[{"href":"https:\/\/damejprint.com\/index.php?rest_route=\/wp\/v2\/product"}],"about":[{"href":"https:\/\/damejprint.com\/index.php?rest_route=\/wp\/v2\/types\/product"}],"wp:featuredmedia":[{"embeddable":true,"href":"https:\/\/damejprint.com\/index.php?rest_route=\/wp\/v2\/media\/16656"}],"wp:attachment":[{"href":"https:\/\/damejprint.com\/index.php?rest_route=%2Fwp%2Fv2%2Fmedia&parent=16655"}],"wp:term":[{"taxonomy":"product_brand","embeddable":true,"href":"https:\/\/damejprint.com\/index.php?rest_route=%2Fwp%2Fv2%2Fproduct_brand&post=16655"},{"taxonomy":"product_cat","embeddable":true,"href":"https:\/\/damejprint.com\/index.php?rest_route=%2Fwp%2Fv2%2Fproduct_cat&post=16655"},{"taxonomy":"product_tag","embeddable":true,"href":"https:\/\/damejprint.com\/index.php?rest_route=%2Fwp%2Fv2%2Fproduct_tag&post=16655"}],"curies":[{"name":"wp","href":"https:\/\/api.w.org\/{rel}","templated":true}]}}