{"id":16648,"date":"2025-02-06T18:51:53","date_gmt":"2025-02-06T18:51:53","guid":{"rendered":"https:\/\/damejprint.com\/?post_type=product&#038;p=16648"},"modified":"2025-02-06T18:54:08","modified_gmt":"2025-02-06T18:54:08","slug":"epson-encre-108-light-magenta","status":"publish","type":"product","link":"https:\/\/damejprint.com\/?product=epson-encre-108-light-magenta","title":{"rendered":"EPSON ENCRE 108 YELLOW"},"content":{"rendered":"<p>L&rsquo;<strong>encre Epson 108 Jaune<\/strong> fait partie de la s\u00e9rie d&rsquo;encres EcoTank d&rsquo;Epson, con\u00e7ue pour offrir des couleurs vives et \u00e9clatantes. Cette encre est id\u00e9ale pour produire des impressions claires et pr\u00e9cises, qu&rsquo;il s&rsquo;agisse de photos, de graphiques ou de documents. Elle garantit une excellente reproduction des couleurs, avec une richesse et une saturation exceptionnelles. \u00c9conomique pour les impressions \u00e0 fort volume, l&rsquo;encre Epson 108 Jaune assure des r\u00e9sultats constants et de haute qualit\u00e9, parfaits pour des impressions professionnelles ou personnelles.<\/p>\n","protected":false},"excerpt":{"rendered":"<ul>\n<li>EPSON 108 ink YELLOW<\/li>\n<\/ul>\n","protected":false},"featured_media":16650,"template":"","meta":[],"product_brand":[],"product_cat":[352],"product_tag":[],"class_list":{"0":"post-16648","1":"product","2":"type-product","3":"status-publish","4":"has-post-thumbnail","6":"product_cat-epson-ink-108","8":"first","9":"instock","10":"sale","11":"shipping-taxable","12":"purchasable","13":"product-type-simple"},"_links":{"self":[{"href":"https:\/\/damejprint.com\/index.php?rest_route=\/wp\/v2\/product\/16648","targetHints":{"allow":["GET"]}}],"collection":[{"href":"https:\/\/damejprint.com\/index.php?rest_route=\/wp\/v2\/product"}],"about":[{"href":"https:\/\/damejprint.com\/index.php?rest_route=\/wp\/v2\/types\/product"}],"wp:featuredmedia":[{"embeddable":true,"href":"https:\/\/damejprint.com\/index.php?rest_route=\/wp\/v2\/media\/16650"}],"wp:attachment":[{"href":"https:\/\/damejprint.com\/index.php?rest_route=%2Fwp%2Fv2%2Fmedia&parent=16648"}],"wp:term":[{"taxonomy":"product_brand","embeddable":true,"href":"https:\/\/damejprint.com\/index.php?rest_route=%2Fwp%2Fv2%2Fproduct_brand&post=16648"},{"taxonomy":"product_cat","embeddable":true,"href":"https:\/\/damejprint.com\/index.php?rest_route=%2Fwp%2Fv2%2Fproduct_cat&post=16648"},{"taxonomy":"product_tag","embeddable":true,"href":"https:\/\/damejprint.com\/index.php?rest_route=%2Fwp%2Fv2%2Fproduct_tag&post=16648"}],"curies":[{"name":"wp","href":"https:\/\/api.w.org\/{rel}","templated":true}]}}