{"id":16638,"date":"2025-02-06T18:41:10","date_gmt":"2025-02-06T18:41:10","guid":{"rendered":"https:\/\/damejprint.com\/?post_type=product&#038;p=16638"},"modified":"2025-02-06T18:42:34","modified_gmt":"2025-02-06T18:42:34","slug":"dtf-ink-black-color","status":"publish","type":"product","link":"https:\/\/damejprint.com\/?product=dtf-ink-black-color","title":{"rendered":"DTF ink BLACK COLOR"},"content":{"rendered":"<div class=\"flex-1 overflow-hidden @container\/thread translate-y-[1.5rem] -mt-[1.5rem] pb-[1.5rem]\">\n<div class=\"h-full\">\n<div class=\"react-scroll-to-bottom--css-gwzvl-79elbk h-full\">\n<div class=\"react-scroll-to-bottom--css-gwzvl-1n7m0yu\">\n<div class=\"flex flex-col text-sm\">\n<article class=\"w-full text-token-text-primary focus-visible:outline-2 focus-visible:outline-offset-[-4px]\" dir=\"auto\" data-testid=\"conversation-turn-25\" data-scroll-anchor=\"true\">\n<div class=\"m-auto text-base py-[18px] px-6\">\n<div class=\"mx-auto flex flex-1 gap-4 text-base md:gap-5 lg:gap-6 md:max-w-3xl\">\n<div class=\"group\/conversation-turn relative flex w-full min-w-0 flex-col agent-turn @xs\/thread:px-0 @sm\/thread:px-1.5 @md\/thread:px-4\">\n<div class=\"flex-col gap-1 md:gap-3\">\n<div class=\"flex max-w-full flex-col flex-grow\">\n<div class=\"min-h-8 text-message flex w-full flex-col items-end gap-2 whitespace-normal break-words text-start [.text-message+&amp;]:mt-5\" dir=\"auto\" data-message-author-role=\"assistant\" data-message-id=\"a53a0b2c-4a64-466b-836c-5cdad1c50404\" data-message-model-slug=\"gpt-4o-mini\">\n<div class=\"flex w-full flex-col gap-1 empty:hidden first:pt-[3px]\">\n<div class=\"markdown prose w-full break-words dark:prose-invert dark\">\n<p>L&rsquo;encre <strong>DTF Noire<\/strong> est une encre sp\u00e9cifique utilis\u00e9e dans le processus d&rsquo;impression <strong>Direct-to-Film (DTF)<\/strong>. Faisant partie du mod\u00e8le de couleurs <strong>CMYK<\/strong>, le <strong>noir<\/strong> est essentiel pour cr\u00e9er de la profondeur, du contraste et de la clart\u00e9 dans les designs imprim\u00e9s. Il aide \u00e0 d\u00e9finir les d\u00e9tails, \u00e0 am\u00e9liorer la nettet\u00e9 du texte et \u00e0 garantir que l&rsquo;impression finale pr\u00e9sente des tons forts et riches. Dans l&rsquo;impression DTF, l&rsquo;encre noire est appliqu\u00e9e sur le film, qui est ensuite transf\u00e9r\u00e9 sur divers mat\u00e9riaux tels que le tissu, cr\u00e9ant des impressions durables et de haute qualit\u00e9 avec d&rsquo;excellents d\u00e9tails et contrastes.<\/p>\n<\/div>\n<\/div>\n<\/div>\n<\/div>\n<\/div>\n<\/div>\n<\/div>\n<\/div>\n<\/article>\n<\/div>\n<\/div>\n<\/div>\n<\/div>\n<\/div>\n","protected":false},"excerpt":{"rendered":"<ul>\n<li>BLACK DTF INK<\/li>\n<\/ul>\n","protected":false},"featured_media":16639,"template":"","meta":[],"product_brand":[],"product_cat":[351],"product_tag":[],"class_list":{"0":"post-16638","1":"product","2":"type-product","3":"status-publish","4":"has-post-thumbnail","6":"product_cat-dtf-encre","8":"first","9":"instock","10":"sale","11":"shipping-taxable","12":"purchasable","13":"product-type-simple"},"_links":{"self":[{"href":"https:\/\/damejprint.com\/index.php?rest_route=\/wp\/v2\/product\/16638","targetHints":{"allow":["GET"]}}],"collection":[{"href":"https:\/\/damejprint.com\/index.php?rest_route=\/wp\/v2\/product"}],"about":[{"href":"https:\/\/damejprint.com\/index.php?rest_route=\/wp\/v2\/types\/product"}],"wp:featuredmedia":[{"embeddable":true,"href":"https:\/\/damejprint.com\/index.php?rest_route=\/wp\/v2\/media\/16639"}],"wp:attachment":[{"href":"https:\/\/damejprint.com\/index.php?rest_route=%2Fwp%2Fv2%2Fmedia&parent=16638"}],"wp:term":[{"taxonomy":"product_brand","embeddable":true,"href":"https:\/\/damejprint.com\/index.php?rest_route=%2Fwp%2Fv2%2Fproduct_brand&post=16638"},{"taxonomy":"product_cat","embeddable":true,"href":"https:\/\/damejprint.com\/index.php?rest_route=%2Fwp%2Fv2%2Fproduct_cat&post=16638"},{"taxonomy":"product_tag","embeddable":true,"href":"https:\/\/damejprint.com\/index.php?rest_route=%2Fwp%2Fv2%2Fproduct_tag&post=16638"}],"curies":[{"name":"wp","href":"https:\/\/api.w.org\/{rel}","templated":true}]}}